{"id":1235,"date":"2023-10-13T14:41:28","date_gmt":"2023-10-13T14:41:28","guid":{"rendered":"https:\/\/baralto.pl\/?page_id=1235"},"modified":"2025-02-13T14:11:28","modified_gmt":"2025-02-13T14:11:28","slug":"szwalnia-koszulek-bawelnianych","status":"publish","type":"page","link":"https:\/\/baralto.pl\/index.php\/szwalnia-koszulek-bawelnianych\/","title":{"rendered":"Szwalnia koszulek bawe\u0142nianych"},"content":{"rendered":"\n<div class=\"wp-block-group is-layout-constrained wp-block-group-is-layout-constrained\">\n<div class=\"wp-block-columns is-layout-flex wp-container-core-columns-is-layout-28f84493 wp-block-columns-is-layout-flex\">\n<div class=\"wp-block-column is-layout-flow wp-block-column-is-layout-flow\" style=\"flex-basis:50%\">\n<figure class=\"wp-block-image aligncenter size-full is-resized is-style-rounded\"><img loading=\"lazy\" decoding=\"async\" width=\"960\" height=\"960\" src=\"https:\/\/baralto.pl\/wp-content\/uploads\/2023\/10\/szwalnia-koszulek-meskich-sitodruk.jpg\" alt=\"koszulki displate - szwalnia koszulek\" class=\"wp-image-1219\" style=\"width:361px\" title=\"koszulka z nadrukiem na zam\u00f3wienie\" srcset=\"https:\/\/baralto.pl\/wp-content\/uploads\/2023\/10\/szwalnia-koszulek-meskich-sitodruk.jpg 960w, https:\/\/baralto.pl\/wp-content\/uploads\/2023\/10\/szwalnia-koszulek-meskich-sitodruk-300x300.jpg 300w, https:\/\/baralto.pl\/wp-content\/uploads\/2023\/10\/szwalnia-koszulek-meskich-sitodruk-150x150.jpg 150w, https:\/\/baralto.pl\/wp-content\/uploads\/2023\/10\/szwalnia-koszulek-meskich-sitodruk-768x768.jpg 768w\" sizes=\"auto, (max-width: 960px) 100vw, 960px\" \/><\/figure>\n<\/div>\n\n\n\n<div class=\"wp-block-column is-layout-flow wp-block-column-is-layout-flow\" style=\"flex-basis:50%\">\n<h2 class=\"wp-block-heading has-body-text-color has-text-color has-content-heading-font-size\" style=\"margin-top:var(--wp--preset--spacing--30);margin-bottom:var(--wp--preset--spacing--30)\">Polski producent koszulek wysokiej jako\u015bci<\/h2>\n\n\n\n<p class=\"has-extra-small-font-size\" style=\"margin-top:0;margin-right:0;margin-bottom:0;margin-left:0\">Je\u015bli potrzebujesz wysokiej jako\u015bci odzie\u017cy, szwalnia koszulek to najlepszy wyb\u00f3r. Szyjemy koszulki na zam\u00f3wienie z mi\u0119sistej, grubej dzianiny, kt\u00f3re pos\u0142u\u017c\u0105 Ci na d\u0142ugo.<br>Zajmujemy si\u0119 ca\u0142ym procesem produkcji koszulek, od wyboru dzianin, przez krojenie, koordynacje produkcji, nadruki i wyko\u0144czenia takie jak dedykowane metki czy indywidualne detale.<br><br><strong>Minimum produkcyjne<br><\/strong>Realizujemy produkcje wi\u0119kszych ilo\u015bci &#8211; od 2 belek materia\u0142u czyli ok 160 szt. koszulek (kt\u00f3re mo\u017cemy podzieli\u0107 na rozmiary XS-2XL). <br><br>Wszystkie koszulki bawe\u0142niane posiadaj\u0105 szwy boczne, wyko\u0144czenie szyi z dzianiny \u015bci\u0105gaczowej z wzmocnionym szwem. Wn\u0119trze karku wzmocnione jest ta\u015bm\u0105 bawe\u0142nian\u0105. Ka\u017cda sztuka pakowana jest w oddzielny woreczek PP z naklejk\u0105 rozmiarow\u0105.<\/p>\n<\/div>\n<\/div>\n<\/div>\n\n\n\n<div class=\"wp-block-group is-layout-constrained wp-block-group-is-layout-constrained\">\n<div class=\"wp-block-columns is-layout-flex wp-container-core-columns-is-layout-ef350914 wp-block-columns-is-layout-flex\" style=\"padding-top:var(--wp--preset--spacing--30);padding-bottom:var(--wp--preset--spacing--30)\">\n<div class=\"wp-block-column is-layout-flow wp-block-column-is-layout-flow\" style=\"flex-basis:50%\">\n<h2 class=\"wp-block-heading has-body-text-color has-text-color has-content-heading-font-size\" style=\"margin-top:var(--wp--preset--spacing--30);margin-bottom:var(--wp--preset--spacing--30)\">Produkcja koszulek z nadrukiem<\/h2>\n\n\n\n<p class=\"has-extra-small-font-size\">Koszulki mo\u017cemy znakowa\u0107 r\u00f3\u017cnymi technikami, zale\u017cnie od potrzeb klienta lub projektu. Doradzimy jaka technika b\u0119dzie najlepsza dla danego wzoru i nak\u0142adu. Najpopularniejsze metody to:<br><br><strong>Sitodruk<\/strong> &#8211; idealne dla nadruk\u00f3w 1-3 kolorowych<br><strong>Haft<\/strong> &#8211; trwa\u0142y i elegancki motyw dla mniejszych element\u00f3w<br><strong>Metki<\/strong> &#8211; z mo\u017cliwo\u015bci\u0105 u\u017cycia w\u0142asnego wzoru np. logo<br><strong>Naszywki<\/strong> &#8211; tkane lub z eko sk\u00f3ry &#8211; eko sk\u00f3ry lub tkane<br><strong>Termotransfer DTF <\/strong>&#8211; folie fullcolor oraz odblaskowe<br><br>Produkcja koszulek od 100-160szt. <\/p>\n\n\n\n<p class=\"has-text-link-color has-text-color\" style=\"margin-top:var(--wp--preset--spacing--50);margin-right:0;margin-bottom:0;margin-left:0\">Nie wiesz kt\u00f3r\u0105 metod\u0119 wybra\u0107? Nie szkodzi!<br>Doradzimy kt\u00f3ra technika najlepiej sprawdzi si\u0119 w Twoim projekcie.<\/p>\n<\/div>\n\n\n\n<div class=\"wp-block-column is-layout-flow wp-block-column-is-layout-flow\" style=\"flex-basis:50%\">\n<figure class=\"wp-block-image aligncenter size-full is-resized has-custom-border\"><img loading=\"lazy\" decoding=\"async\" width=\"548\" height=\"548\" src=\"https:\/\/baralto.pl\/wp-content\/uploads\/2023\/05\/koszulki-producent-szwalnia-na-zamowienie-edited.jpg\" alt=\"Koszulki z logo dla firm. Szwalnia koszulek polski producent\" class=\"wp-image-725\" style=\"border-style:none;border-width:0%;border-radius:100%;width:316px\" srcset=\"https:\/\/baralto.pl\/wp-content\/uploads\/2023\/05\/koszulki-producent-szwalnia-na-zamowienie-edited.jpg 548w, https:\/\/baralto.pl\/wp-content\/uploads\/2023\/05\/koszulki-producent-szwalnia-na-zamowienie-edited-300x300.jpg 300w, https:\/\/baralto.pl\/wp-content\/uploads\/2023\/05\/koszulki-producent-szwalnia-na-zamowienie-edited-150x150.jpg 150w\" sizes=\"auto, (max-width: 548px) 100vw, 548px\" \/><\/figure>\n<\/div>\n<\/div>\n<\/div>\n\n\n\n<div class=\"wp-block-buttons is-horizontal is-content-justification-center is-layout-flex wp-container-core-buttons-is-layout-dcbe208f wp-block-buttons-is-layout-flex\" style=\"margin-top:var(--wp--preset--spacing--50);margin-bottom:var(--wp--preset--spacing--50)\">\n<div class=\"wp-block-button has-custom-width wp-block-button__width-50 is-style-fill\"><a class=\"wp-block-button__link wp-element-button\" href=\"https:\/\/baralto.pl\/index.php\/kontakt\/\" style=\"border-radius:50px;padding-top:var(--wp--preset--spacing--30);padding-right:var(--wp--preset--spacing--30);padding-bottom:var(--wp--preset--spacing--30);padding-left:var(--wp--preset--spacing--30)\">BEZP\u0141ATNA WYCENA KOSZULEK<\/a><\/div>\n<\/div>\n\n\n\n<div class=\"wp-block-essential-blocks-image-gallery  root-eb-image-gallery-dsolged\"><div class=\"eb-parent-wrapper eb-parent-eb-image-gallery-dsolged \"><div class=\"eb-gallery-img-wrapper eb-image-gallery-dsolged default v2 masonry null enable-isotope   overlay-bottom caption-style-0  \" data-id=\"eb-image-gallery-dsolged\" data-searchfilter=\"false\"><div class=\"grid-sizer\"><\/div><a href=\"https:\/\/baralto.pl\/wp-content\/uploads\/2023\/10\/szwalnia-koszulek-meskich-sitodruk.jpg\" rel=\"noopener\" data-fslightbox=\"gallery\" data-type=\"image\" class=\"eb-gallery-img-content  eb-filter-img-\"><span class=\"eb-gallery-link-wrapper\"><img decoding=\"async\" class=\"eb-gallery-img\" src=\"https:\/\/baralto.pl\/wp-content\/uploads\/2023\/10\/szwalnia-koszulek-meskich-sitodruk.jpg\" image-index=\"0\" alt=\"koszulki displate - szwalnia koszulek\"\/><span class=\"eb-img-gallery-content center bottom\"><\/span><\/span><\/a><a href=\"https:\/\/baralto.pl\/wp-content\/uploads\/2023\/10\/producent-koszulek-damskich-z-nadrukiem.jpg\" rel=\"noopener\" data-fslightbox=\"gallery\" data-type=\"image\" class=\"eb-gallery-img-content  eb-filter-img-\"><span class=\"eb-gallery-link-wrapper\"><img decoding=\"async\" class=\"eb-gallery-img\" src=\"https:\/\/baralto.pl\/wp-content\/uploads\/2023\/10\/producent-koszulek-damskich-z-nadrukiem.jpg\" image-index=\"1\" alt=\"polska szwalnia koszulek bawe\u0142nianych\"\/><span class=\"eb-img-gallery-content center bottom\"><\/span><\/span><\/a><a href=\"https:\/\/baralto.pl\/wp-content\/uploads\/2023\/10\/producent-koszulek-szwalnia-pl.jpg\" rel=\"noopener\" data-fslightbox=\"gallery\" data-type=\"image\" class=\"eb-gallery-img-content  eb-filter-img-\"><span class=\"eb-gallery-link-wrapper\"><img decoding=\"async\" class=\"eb-gallery-img\" src=\"https:\/\/baralto.pl\/wp-content\/uploads\/2023\/10\/producent-koszulek-szwalnia-pl.jpg\" image-index=\"2\" alt=\"szycie koszulek z nadrukami\"\/><span class=\"eb-img-gallery-content center bottom\"><\/span><\/span><\/a><a href=\"https:\/\/baralto.pl\/wp-content\/uploads\/2023\/10\/szwalnia-odziezy-koszulki-bawelniane.jpg\" rel=\"noopener\" data-fslightbox=\"gallery\" data-type=\"image\" class=\"eb-gallery-img-content  eb-filter-img-\"><span class=\"eb-gallery-link-wrapper\"><img decoding=\"async\" class=\"eb-gallery-img\" src=\"https:\/\/baralto.pl\/wp-content\/uploads\/2023\/10\/szwalnia-odziezy-koszulki-bawelniane.jpg\" image-index=\"3\" alt=\"szwalnia koszulki. Wysokiej jako\u015bci koszulki na zam\u00f3wienie\"\/><span class=\"eb-img-gallery-content center bottom\"><\/span><\/span><\/a><a href=\"https:\/\/baralto.pl\/wp-content\/uploads\/2024\/04\/koszuli-murall-scianka-wspinaczkowa-na-zamowienie.jpg\" rel=\"noopener\" data-fslightbox=\"gallery\" data-type=\"image\" class=\"eb-gallery-img-content  eb-filter-img-\"><span class=\"eb-gallery-link-wrapper\"><img decoding=\"async\" class=\"eb-gallery-img\" src=\"https:\/\/baralto.pl\/wp-content\/uploads\/2024\/04\/koszuli-murall-scianka-wspinaczkowa-na-zamowienie.jpg\" image-index=\"4\" alt=\"Koszulki MURALL - koszulki z nadrukami na zam\u00f3wienie\"\/><span class=\"eb-img-gallery-content center bottom\"><\/span><\/span><\/a><a href=\"https:\/\/baralto.pl\/wp-content\/uploads\/2024\/04\/kolejkowo-koszulka-bezowa-producent-szyte-w-polsce.jpg\" rel=\"noopener\" data-fslightbox=\"gallery\" data-type=\"image\" class=\"eb-gallery-img-content  eb-filter-img-\"><span class=\"eb-gallery-link-wrapper\"><img decoding=\"async\" class=\"eb-gallery-img\" src=\"https:\/\/baralto.pl\/wp-content\/uploads\/2024\/04\/kolejkowo-koszulka-bezowa-producent-szyte-w-polsce.jpg\" image-index=\"5\" alt=\"Koszulka kolejkowo - polski producent koszulek\"\/><span class=\"eb-img-gallery-content center bottom\"><\/span><\/span><\/a><\/div><\/div><\/div>\n\n\n\n<h2 class=\"wp-block-heading has-body-text-color has-text-color has-content-heading-font-size\" style=\"margin-top:var(--wp--preset--spacing--30);margin-bottom:var(--wp--preset--spacing--30)\">Producent koszulek bawe\u0142nianych:<\/h2>\n\n\n\n<p class=\"has-extra-small-font-size\">Dzianiny z kt\u00f3rych korzystamy na co dzie\u0144 to wysokiej jako\u015bci single jersey o gramaturze 180.<br>Koszulki szyjemy wy\u0142\u0105cznie na dzianinach kt\u00f3re kupujemy w sprawdzonych polskich dziewiarniach. <br>Tkanina na koszulki posiada <strong>certyfikat  jako\u015bci <a href=\"https:\/\/pl.wikipedia.org\/wiki\/Oeko-tex\" target=\"_blank\" rel=\"noopener\">Oeko-Tex<\/a><\/strong> i jest w pe\u0142ni bezpieczna w u\u017cytkowaniu.<br>Je\u015bli projekt tego wymaga, mo\u017cemy wykorzysta\u0107 inne dzianiny np. z dodatkiem elastanu lub poliestru.<\/p>\n\n\n\n<h3 class=\"wp-block-heading has-body-text-color has-text-color has-content-heading-font-size\" style=\"margin-top:var(--wp--preset--spacing--30);margin-bottom:var(--wp--preset--spacing--30)\">Kolory dzianin koszulkowych<\/h3>\n\n\n\n<p class=\"has-extra-small-font-size\">Podstawowe kolory jak czarny, bia\u0142y, granatowy, bordowy, zielony, czerwony s\u0105 dost\u0119pne od r\u0119ki.<br>Przed ka\u017cdym zleceniem potwierdzamy dost\u0119pno\u015b\u0107 koloru. Najszersza paleta kolor\u00f3w dost\u0119pna jest na dzianinach bawe\u0142nianych o gramaturze 180g. <br>W przypadku wi\u0119kszych zam\u00f3wie\u0144 od 500szt. mo\u017cemy wyprodukowa\u0107 <strong>kolor wg. pr\u00f3bnika Pantone<\/strong>. To \u015bwietne rozwi\u0105zanie gdy musimy dok\u0142adnie odda\u0107 kolor kt\u00f3ry znajduje si\u0119 w identyfikacji marki. <br>Ca\u0142a <strong>produkcja koszulek<\/strong> bawe\u0142nianych odbywa si\u0119 w Polsce. <\/p>\n\n\n\n<h2 class=\"wp-block-heading has-foreground-color has-text-color has-normal-font-size\" style=\"margin-top:var(--wp--preset--spacing--30);margin-bottom:var(--wp--preset--spacing--30)\">Szwalnia koszulek &#8211; szycie koszulek na zam\u00f3wienie<\/h2>\n\n\n\n<p class=\"has-extra-small-font-size\">Zapewniamy szycie koszulek bawe\u0142nianych z w\u0142asn\u0105 grafik\u0105 ju\u017c od 2 belek materia\u0142u co przek\u0142ada si\u0119 na ok 160szt T-shirt\u00f3w w kroju m\u0119skim i wysokiej gramaturze 180g. Razem z koszulkami potrzebujesz <a href=\"https:\/\/baralto.pl\/index.php\/producent-bluz-dla-firm-szkol-i-organizacji\/\">wyprodukowa\u0107 grube i ciep\u0142e bluzy<\/a>? Nie ma problemu!<\/p>\n\n\n\n<hr class=\"wp-block-separator has-alpha-channel-opacity\" style=\"margin-top:var(--wp--preset--spacing--50);margin-bottom:var(--wp--preset--spacing--50)\"\/>\n\n\n\n<p class=\"has-text-align-center has-foreground-color has-text-color has-upper-heading-font-size\"><strong>Potrzebujesz uszy\u0107 wysokiej jako\u015bci koszulki z nadrukiem? <br>Napisz nam: ile potrzebujesz sztuk, jakiej wielko\u015bci i ile kolor\u00f3w ma mie\u0107 nadruk lub haft,<\/strong><br><strong>czy potrzebujesz dedykowanych metek?<\/strong><br>Przygotujemy wycen\u0119 w 1-2 dni i doradzimy najlepsz\u0105 technik\u0119 zdobienia.<\/p>\n\n\n\n<div class=\"wp-block-buttons is-horizontal is-content-justification-center is-layout-flex wp-container-core-buttons-is-layout-862f3946 wp-block-buttons-is-layout-flex\" style=\"margin-top:var(--wp--preset--spacing--30);margin-bottom:3rem\">\n<div class=\"wp-block-button has-custom-width wp-block-button__width-50 is-style-fill\"><a class=\"wp-block-button__link wp-element-button\" href=\"https:\/\/baralto.pl\/index.php\/kontakt\/\" style=\"border-radius:50px;padding-top:var(--wp--preset--spacing--30);padding-right:var(--wp--preset--spacing--30);padding-bottom:var(--wp--preset--spacing--30);padding-left:var(--wp--preset--spacing--30)\">BEZP\u0141ATNA WYCENA KOSZULEK<\/a><\/div>\n<\/div>\n\n\n\n<h5 class=\"wp-block-heading has-text-align-center has-body-text-color has-text-color\">FAQ Szwalnia koszulek &#8211; najcz\u0119stsze pytania:<br><\/h5>\n\n\n\n<h5 class=\"wp-block-heading has-medium-font-size\">1. Czy mog\u0119 u\u017cy\u0107 w\u0142asnych dodatk\u00f3w takich jak metki?<\/h5>\n\n\n\n<p>Jak najbardziej, je\u015bli posiadasz ju\u017c wyprodukowane metki do ubra\u0144 lub inne elementy kt\u00f3re nadaj\u0105 si\u0119 do wykorzystania, u\u017cyjemy ich podczas produkcji.<\/p>\n\n\n\n<h5 class=\"wp-block-heading has-medium-font-size\">2. Czy szycie koszulek jest drogie?<\/h5>\n\n\n\n<p>Proces produkcji koszulki w szwalni jest wy\u017cszy ni\u017c w przypadku gotowych produkt\u00f3w do znakowania z chin. Jednak oferuj\u0105 znacznie wy\u017csz\u0105 jako\u015b\u0107 oraz mo\u017cliwo\u015b\u0107 spersonalizowania zam\u00f3wienia o dodatkowe detale.  R\u00f3wnie\u017c trwa\u0142o\u015b\u0107 takich koszulek jest znacznie wi\u0119ksza od odzie\u017cy reklamowej lub oferowanej w sieciowych sklepach. Szwalnia koszulek wykonuje szwy boczne dzi\u0119ki czemu koszulki lepiej si\u0119 uk\u0142adaj\u0105 i nie deformuj\u0105 jak ma to miejsce w koszulkach tzw. bezszwowych.<\/p>\n\n\n\n<h5 class=\"wp-block-heading has-medium-font-size\">3. Z jakich materia\u0142\u00f3w mog\u0119 uszy\u0107 koszulki?<\/h5>\n\n\n\n<p>Do produkcji t-shirt\u00f3w mo\u017cemy wybiera\u0107 pomi\u0119dzy dzianiny o gramaturach 160-180-210g. Szczeg\u00f3lnie polecanym wyborem jest gramatura 180g kt\u00f3ra stanowi optymalne rozwi\u0105zanie pomi\u0119dzy komfortem, trwa\u0142o\u015bci\u0105 i wygoda noszenia. <\/p>\n\n\n\n<h5 class=\"wp-block-heading has-medium-font-size\">4. Czy z\u0142o\u017cenie zam\u00f3wienia w szwalni koszulek jest trudne?<\/h5>\n\n\n\n<p>Zupe\u0142nie nie! Przeprowadzimy Ci\u0119 przez ca\u0142y proces a wszystkie procedury upro\u015bcimy do minimum. To co powiniene\u015b wiedzie\u0107 na start ile sztuk potrzebujesz wyprodukowa\u0107, jaki kolor i kr\u00f3j Ci\u0119 interesuje oraz jak du\u017cy jest nadruk i z ilu kolor\u00f3w si\u0119 sk\u0142ada.<\/p>\n\n\n\n<h5 class=\"wp-block-heading has-medium-font-size\">5. Jak d\u0142ugo trwa szycie koszulek w szwalni?<\/h5>\n\n\n\n<p>\u015aredni czas produkcji zam\u00f3wienia od momentu akceptacji to ok 4 tyg. w przypadku \u015bredniej ilo\u015bci koszulek 200-400szt. Czas szycia koszulek mo\u017ce r\u00f3\u017cni\u0107 si\u0119 zale\u017cnie od dost\u0119pno\u015bci materia\u0142\u00f3w czy ilo\u015bci element\u00f3w dodatkowych jak nadruki, naszywki czy hafty. W przypadku produkcji dzianiny ze specjalnym wyko\u0144czeniem np. antypilingowej lub sylikonowanej czas produkcji wyd\u0142u\u017cy si\u0119 o ok  2-3 tyg.<\/p>\n\n\n\n<h5 class=\"wp-block-heading has-medium-font-size\">5. Czy mog\u0119 zam\u00f3wi\u0107 koszulki z w\u0142asn\u0105 metk\u0105?<\/h5>\n\n\n\n<p>Mo\u017cemy wykona\u0107 metki z Twoim logo lub innym elementem graficznym lub wszy\u0107 metki kt\u00f3re ju\u017c posiadasz. Przy mniejszych ilo\u015bciach sugerujemy wykonanie metek satynowych o wysokiej trwa\u0142o\u015bci nadruku. Idealnie sprawdzaj\u0105 si\u0119 wszywane w kark lub w bok koszulki. Przy wi\u0119kszych ilo\u015bciach mo\u017cemy wyprodukowa\u0107 metki tzw. tkane &#8211; wysokiej jako\u015bci \u017cakardowe zdobienia dodadz\u0105 koszulkom efektu premium. <\/p>\n","protected":false},"excerpt":{"rendered":"<p>Polski producent koszulek wysokiej jako\u015bci Je\u015bli potrzebujesz wysokiej jako\u015bci odzie\u017cy, szwalnia koszulek to najlepszy wyb\u00f3r. Szyjemy koszulki na zam\u00f3wienie z mi\u0119sistej, grubej dzianiny, kt\u00f3re pos\u0142u\u017c\u0105 Ci na d\u0142ugo.Zajmujemy si\u0119 ca\u0142ym procesem produkcji koszulek, od wyboru dzianin, przez krojenie, koordynacje produkcji, nadruki i wyko\u0144czenia takie jak dedykowane metki czy indywidualne detale. Minimum produkcyjneRealizujemy produkcje wi\u0119kszych ilo\u015bci [&hellip;]<\/p>\n","protected":false},"author":1,"featured_media":0,"parent":0,"menu_order":0,"comment_status":"closed","ping_status":"closed","template":"","meta":{"_eb_attr":"","two_page_speed":[],"footnotes":""},"class_list":["post-1235","page","type-page","status-publish","hentry"],"_links":{"self":[{"href":"https:\/\/baralto.pl\/index.php\/wp-json\/wp\/v2\/pages\/1235","targetHints":{"allow":["GET"]}}],"collection":[{"href":"https:\/\/baralto.pl\/index.php\/wp-json\/wp\/v2\/pages"}],"about":[{"href":"https:\/\/baralto.pl\/index.php\/wp-json\/wp\/v2\/types\/page"}],"author":[{"embeddable":true,"href":"https:\/\/baralto.pl\/index.php\/wp-json\/wp\/v2\/users\/1"}],"replies":[{"embeddable":true,"href":"https:\/\/baralto.pl\/index.php\/wp-json\/wp\/v2\/comments?post=1235"}],"version-history":[{"count":17,"href":"https:\/\/baralto.pl\/index.php\/wp-json\/wp\/v2\/pages\/1235\/revisions"}],"predecessor-version":[{"id":1801,"href":"https:\/\/baralto.pl\/index.php\/wp-json\/wp\/v2\/pages\/1235\/revisions\/1801"}],"wp:attachment":[{"href":"https:\/\/baralto.pl\/index.php\/wp-json\/wp\/v2\/media?parent=1235"}],"curies":[{"name":"wp","href":"https:\/\/api.w.org\/{rel}","templated":true}]}}