{"id":1379,"date":"2024-04-24T20:04:00","date_gmt":"2024-04-24T20:04:00","guid":{"rendered":"https:\/\/baralto.pl\/?page_id=1379"},"modified":"2025-02-13T13:07:46","modified_gmt":"2025-02-13T13:07:46","slug":"jak-przygotowac-plik-produkcyjny-wzor-na-skarpetki","status":"publish","type":"page","link":"https:\/\/baralto.pl\/index.php\/jak-przygotowac-plik-produkcyjny-wzor-na-skarpetki\/","title":{"rendered":"Jak przygotowa\u0107 plik produkcyjny do produkcji skarpet?"},"content":{"rendered":"\n<h1 class=\"wp-block-heading\">Jak przygotowa\u0107 wz\u00f3r skarpety do produkcji &#8211; Poradnik dla grafika.<\/h1>\n\n\n\n<p>Do przygotowania wzoru wzoru na skarpetki b\u0119dziemy potrzebowali programu kt\u00f3ry pozwala na edycj\u0119 plik\u00f3w bitmapowych z rozszerzeniem .BMP. Do takich program\u00f3w nale\u017c\u0105 <strong>Photoshop<\/strong>, systemowy Windows <strong>PAINT<\/strong> czy bezp\u0142atny <strong>GIMP<\/strong>. Ka\u017cdy z tych program\u00f3w posiada narz\u0119dzie kt\u00f3re nazywa si\u0119 o\u0142\u00f3wek &#8211; kt\u00f3re idealnie sprawdzi si\u0119 podczas rysowania element\u00f3w graficznych. Plik produkcyjny wymaga aby elementy graficzne by\u0142y narysowane dok\u0142adnie, bez rozmycia na kraw\u0119dziach i przej\u015b\u0107 tonalnych. Dobrze przygotowany wz\u00f3r na skarpetk\u0119 przypomina pixel-art :).&nbsp;<\/p>\n\n\n\n<h2 class=\"wp-block-heading\" style=\"margin-top:var(--wp--preset--spacing--50);margin-bottom:var(--wp--preset--spacing--50)\">Przygotowanie wzoru na skarpety &#8211; wymagania:<\/h2>\n\n\n\n<p>Aby przygotowa\u0107 sw\u00f3j wz\u00f3r skorzystaj z makiety kt\u00f3r\u0105 mo\u017cna pobra\u0107 poni\u017cej. Ka\u017cdy pixel na grafice odpowiada jednemu \u201coczku\u201d na skarpetce.&nbsp;<\/p>\n\n\n\n<ul class=\"wp-block-list\">\n<li>Stosuj maksymalnie 6 kolor\u00f3w<\/li>\n\n\n\n<li>Tylko jednolite kolory bez gradient\u00f3w<\/li>\n<\/ul>\n\n\n\n<figure class=\"wp-block-image size-large\"><img loading=\"lazy\" decoding=\"async\" width=\"1024\" height=\"474\" src=\"https:\/\/baralto.pl\/wp-content\/uploads\/2024\/04\/przygotowanie-grafiki-skarpetki-wlasny-wzor-1024x474.jpg\" alt=\"Jak przygotowa\u0107 plik produkcyjny skarpet? Poradnik dla grafika\" class=\"wp-image-1380\" srcset=\"https:\/\/baralto.pl\/wp-content\/uploads\/2024\/04\/przygotowanie-grafiki-skarpetki-wlasny-wzor-1024x474.jpg 1024w, https:\/\/baralto.pl\/wp-content\/uploads\/2024\/04\/przygotowanie-grafiki-skarpetki-wlasny-wzor-300x139.jpg 300w, https:\/\/baralto.pl\/wp-content\/uploads\/2024\/04\/przygotowanie-grafiki-skarpetki-wlasny-wzor-768x355.jpg 768w, https:\/\/baralto.pl\/wp-content\/uploads\/2024\/04\/przygotowanie-grafiki-skarpetki-wlasny-wzor-600x278.jpg 600w, https:\/\/baralto.pl\/wp-content\/uploads\/2024\/04\/przygotowanie-grafiki-skarpetki-wlasny-wzor.jpg 1040w\" sizes=\"auto, (max-width: 1024px) 100vw, 1024px\" \/><\/figure>\n\n\n\n<p class=\"has-text-link-color has-text-color has-link-color wp-elements-7c506ee9c751f232b26c12eca28393de\"><strong>Sugestie:<\/strong><\/p>\n\n\n\n<ul class=\"wp-block-list\">\n<li>Unikaj skomplikowanych element\u00f3w<\/li>\n\n\n\n<li>Unikaj narz\u0119dzia p\u0119dzel &#8211; pozostawia on po\u015bwiat\u0119 na oko\u0142o plamy, przez co grafika nie jest ostra i nale\u017cy j\u0105 poprawi\u0107.<\/li>\n\n\n\n<li>Sprawd\u017a dok\u0142adnie wszystkie detale na powi\u0119kszeniu. Wszelkie przej\u015bcia tonalne, rozmycia, musz\u0105 by\u0107 usuni\u0119te.<\/li>\n\n\n\n<li>Tworz\u0105c napisy, u\u017cywaj font\u00f3w pixelowych lub wy\u0142\u0105cz opcj\u0119 wyg\u0142adzania (w Photoshopie: Anti-aliasing &#8211; None)<\/li>\n<\/ul>\n\n\n\n<p><\/p>\n\n\n\n<p>Zwr\u00f3\u0107 uwag\u0119 podczas projektowania napis\u00f3w, \u017ce po za\u0142o\u017ceniu skarpetki na nog\u0119, b\u0119dzie ona rozci\u0105gni\u0119ta. <br>Warto uwzgl\u0119dni\u0107 to gdy projektujemy wz\u00f3r na skarpetk\u0119.<\/p>\n\n\n\n<h2 class=\"wp-block-heading\" style=\"margin-top:var(--wp--preset--spacing--50);margin-bottom:var(--wp--preset--spacing--50)\">Makieta do przygotowania skarpetek (.bmp)<\/h2>\n\n\n\n<p class=\"has-upper-heading-font-size\">Skarpeta dla doros\u0142ych \u279c <strong><a href=\"https:\/\/baralto.pl\/Makiety\/Makieta-skarpetki-dla-doroslych-BARALTO-168x500.bmp\" target=\"_blank\" rel=\"noreferrer noopener\">Pobierz makiet\u0119 (168x500px)<\/a><\/strong><\/p>\n\n\n\n<p class=\"has-foreground-color has-text-color has-link-color has-upper-heading-font-size wp-elements-ff760df6216756ab0780d63b0d64661f\">Skarpeta dla dzieci \u279c <strong><a href=\"https:\/\/baralto.pl\/Makiety\/Makieta-skaretki-dzieciece-BARALTO.bmp\" target=\"_blank\" rel=\"noreferrer noopener\">Pobierz makiet\u0119 (132x350px)<\/a><\/strong><br><\/p>\n\n\n\n<p class=\"has-text-link-color has-text-color has-link-color has-tiny-font-size wp-elements-d8e9edb483de8d29c8648ad3f7162975\">Po otworzeniu pliki &#8211; kliknij prawym przyciskiem i wybierz &#8211; Zapisz grafik\u0119 jako.<br><\/p>\n\n\n\n<p class=\"has-ironside-grey-color has-text-color has-link-color has-tiny-font-size wp-elements-bd9c1fd908de7c0c4722d864fff2703b\"><strong>Niebieskie fragmenty oznaczaj\u0105<\/strong>:<\/p>\n\n\n\n<p class=\"has-ironside-grey-color has-text-color has-link-color has-tiny-font-size wp-elements-fd414c4c41ee3bc2f8aadbffc721f65c\">G\u00f3rny prostok\u0105t &#8211; \u015bci\u0105gacz<\/p>\n\n\n\n<p class=\"has-ironside-grey-color has-text-color has-link-color has-tiny-font-size wp-elements-4009f4f67ae1e672512ac189225e36c8\">Kwadraty &#8211; pi\u0119ta<\/p>\n\n\n\n<p class=\"has-ironside-grey-color has-text-color has-link-color has-tiny-font-size wp-elements-7464c1971151d0e2b78fff3f51120a9d\">Dolny prostok\u0105t &#8211; palce<br>Logo &#8211; miejsce po boku skarpetki w okolicy kostki<\/p>\n\n\n\n<h2 class=\"wp-block-heading\" style=\"margin-top:var(--wp--preset--spacing--50);margin-bottom:var(--wp--preset--spacing--50)\">Jak przygotowa\u0107 do druku etykiet\u0119 kartonow\u0105 skarpet. <\/h2>\n\n\n\n<p>Klasyczne etykiety wykonujemy na papierze kredowym 250g-300g oraz nadrukiem fullcolor z mo\u017cliwo\u015bci\u0105 zastosowania folii UV.<br><\/p>\n\n\n\n<p>Plik powinien by\u0107 przygotowany wymiarach:<\/p>\n\n\n\n<ul class=\"wp-block-list\">\n<li>Kolorystyka: CMYK<\/li>\n\n\n\n<li>Rozdzielczo\u015b\u0107: 300 dpi<\/li>\n\n\n\n<li>Spady: +3mm<\/li>\n\n\n\n<li>Format: PDF<\/li>\n\n\n\n<li>Napisy zamienione na krzywe<br><\/li>\n<\/ul>\n\n\n\n<p>Na grafice warto umie\u015bci\u0107 takie informacje jak:<\/p>\n\n\n\n<ul class=\"wp-block-list\">\n<li>Sk\u0142ad 80% bawe\u0142na \/ 15% poliamid \/ 5% elastan<\/li>\n\n\n\n<li>Instrukcj\u0119 prania<\/li>\n\n\n\n<li>Rozmiar lub kwadratowe boxy \u22a0 do oznaczania rozmiar\u00f3w<br><\/li>\n<\/ul>\n\n\n\n<p>Je\u015bli nie macie na pok\u0142adzie grafika, nie szkodzi! Przygotujemy <strong>projekt skarpetki<\/strong> na podstawie przes\u0142anych materia\u0142\u00f3w.&nbsp;Dobierzemy odpowiednie kolory nici do projektu.<\/p>\n\n\n\n<h2 class=\"wp-block-heading has-content-heading-font-size\" style=\"margin-top:var(--wp--preset--spacing--50);margin-bottom:var(--wp--preset--spacing--50)\">Jak zleci\u0107 produkcj\u0119 skarpet z w\u0142asnym wzorem?<\/h2>\n\n\n\n<p>Gdy posiadasz ju\u017c przygotowany wed\u0142ug powy\u017cszych wskaz\u00f3wek plik wraz z etykiet\u0105, wy\u015blij go nam na adres <a href=\"mailto:kontakt@baralto.pl\"><strong>kontakt@baralto.pl<\/strong><\/a> sprawdzimy jego poprawno\u015b\u0107 przed produkcj\u0105 i ew. zaproponujemy korekt\u0119. <\/p>\n\n\n\n<p>Koszt wykonania pr\u00f3by (nie wymagany ale rekomendowany przy wi\u0119kszych produkcjach) to ok 150 netto. <br>Minimalna ilo\u015b\u0107 produkcyjna skarpet to 200 par, kt\u00f3re mo\u017cna podzieli\u0107 np. na 2 lub 3 rozmiary.&nbsp;<\/p>\n\n\n\n<div class=\"wp-block-buttons is-vertical is-content-justification-center is-layout-flex wp-container-core-buttons-is-layout-ac1a100c wp-block-buttons-is-layout-flex\" style=\"margin-top:var(--wp--preset--spacing--60);margin-bottom:var(--wp--preset--spacing--60)\">\n<div class=\"wp-block-button\"><a class=\"wp-block-button__link has-text-align-center wp-element-button\" href=\"https:\/\/baralto.pl\/index.php\/kontakt-2\/\" style=\"border-radius:100px;padding-top:var(--wp--preset--spacing--30);padding-right:var(--wp--preset--spacing--50);padding-bottom:var(--wp--preset--spacing--30);padding-left:var(--wp--preset--spacing--50)\">KONTAKT &#8211; Producent skarpet<\/a><\/div>\n<\/div>\n\n\n\n<h4 class=\"wp-block-heading has-text-align-center has-ironside-grey-color has-text-color has-link-color has-upper-heading-font-size wp-elements-74b4f78dfc7ada33637791d2bd7cbcc4\">Przyk\u0142adowe realizacje<\/h4>\n\n\n\n<div class=\"wp-block-essential-blocks-image-gallery  root-eb-image-gallery-1hrr9\"><div class=\"eb-parent-wrapper eb-parent-eb-image-gallery-1hrr9 \"><div class=\"eb-gallery-img-wrapper eb-image-gallery-1hrr9 default v2 grid null enable-isotope   overlay-bottom caption-style-0  \" data-id=\"eb-image-gallery-1hrr9\" data-searchfilter=\"false\"><a href=\"https:\/\/baralto.pl\/wp-content\/uploads\/2023\/06\/skarpetki-z-wlasna-grafika-displate-1-of-10.jpg\" rel=\"noopener\" data-fslightbox=\"gallery\" data-type=\"image\" class=\"eb-gallery-img-content  eb-filter-img-\"><span class=\"eb-gallery-link-wrapper\"><img decoding=\"async\" class=\"eb-gallery-img\" src=\"https:\/\/baralto.pl\/wp-content\/uploads\/2023\/06\/skarpetki-z-wlasna-grafika-displate-1-of-10.jpg\" image-index=\"0\" alt=\"\"\/><span class=\"eb-img-gallery-content center bottom\"><\/span><\/span><\/a><a href=\"https:\/\/baralto.pl\/wp-content\/uploads\/2023\/06\/skarpetki-z-wlasna-grafika-displate-2-of-10.jpg\" rel=\"noopener\" data-fslightbox=\"gallery\" data-type=\"image\" class=\"eb-gallery-img-content  eb-filter-img-\"><span class=\"eb-gallery-link-wrapper\"><img decoding=\"async\" class=\"eb-gallery-img\" src=\"https:\/\/baralto.pl\/wp-content\/uploads\/2023\/06\/skarpetki-z-wlasna-grafika-displate-2-of-10.jpg\" image-index=\"1\" alt=\"\"\/><span class=\"eb-img-gallery-content center bottom\"><\/span><\/span><\/a><a href=\"https:\/\/baralto.pl\/wp-content\/uploads\/2023\/06\/producent-skarpetki-z-wlasnym-nadrukiem-3-of-5.jpg\" rel=\"noopener\" data-fslightbox=\"gallery\" data-type=\"image\" class=\"eb-gallery-img-content  eb-filter-img-\"><span class=\"eb-gallery-link-wrapper\"><img decoding=\"async\" class=\"eb-gallery-img\" src=\"https:\/\/baralto.pl\/wp-content\/uploads\/2023\/06\/producent-skarpetki-z-wlasnym-nadrukiem-3-of-5.jpg\" image-index=\"2\" alt=\"\"\/><span class=\"eb-img-gallery-content center bottom\"><\/span><\/span><\/a><\/div><\/div><\/div>\n\n\n\n<hr class=\"wp-block-separator has-alpha-channel-opacity\" style=\"margin-top:var(--wp--preset--spacing--60);margin-bottom:var(--wp--preset--spacing--60)\"\/>\n","protected":false},"excerpt":{"rendered":"<p>Jak przygotowa\u0107 wz\u00f3r skarpety do produkcji &#8211; Poradnik dla grafika. Do przygotowania wzoru wzoru na skarpetki b\u0119dziemy potrzebowali programu kt\u00f3ry pozwala na edycj\u0119 plik\u00f3w bitmapowych z rozszerzeniem .BMP. Do takich program\u00f3w nale\u017c\u0105 Photoshop, systemowy Windows PAINT czy bezp\u0142atny GIMP. Ka\u017cdy z tych program\u00f3w posiada narz\u0119dzie kt\u00f3re nazywa si\u0119 o\u0142\u00f3wek &#8211; kt\u00f3re idealnie sprawdzi si\u0119 podczas [&hellip;]<\/p>\n","protected":false},"author":1,"featured_media":0,"parent":0,"menu_order":0,"comment_status":"closed","ping_status":"closed","template":"","meta":{"_eb_attr":"","two_page_speed":[],"footnotes":""},"class_list":["post-1379","page","type-page","status-publish","hentry"],"_links":{"self":[{"href":"https:\/\/baralto.pl\/index.php\/wp-json\/wp\/v2\/pages\/1379","targetHints":{"allow":["GET"]}}],"collection":[{"href":"https:\/\/baralto.pl\/index.php\/wp-json\/wp\/v2\/pages"}],"about":[{"href":"https:\/\/baralto.pl\/index.php\/wp-json\/wp\/v2\/types\/page"}],"author":[{"embeddable":true,"href":"https:\/\/baralto.pl\/index.php\/wp-json\/wp\/v2\/users\/1"}],"replies":[{"embeddable":true,"href":"https:\/\/baralto.pl\/index.php\/wp-json\/wp\/v2\/comments?post=1379"}],"version-history":[{"count":12,"href":"https:\/\/baralto.pl\/index.php\/wp-json\/wp\/v2\/pages\/1379\/revisions"}],"predecessor-version":[{"id":1799,"href":"https:\/\/baralto.pl\/index.php\/wp-json\/wp\/v2\/pages\/1379\/revisions\/1799"}],"wp:attachment":[{"href":"https:\/\/baralto.pl\/index.php\/wp-json\/wp\/v2\/media?parent=1379"}],"curies":[{"name":"wp","href":"https:\/\/api.w.org\/{rel}","templated":true}]}}