{"id":1471,"date":"2024-10-23T08:58:25","date_gmt":"2024-10-23T08:58:25","guid":{"rendered":"https:\/\/baralto.pl\/?page_id=1471"},"modified":"2024-10-23T08:58:42","modified_gmt":"2024-10-23T08:58:42","slug":"regulamin","status":"publish","type":"page","link":"https:\/\/baralto.pl\/index.php\/regulamin\/","title":{"rendered":"Regulamin &#8211; Baralto.pl"},"content":{"rendered":"\n<p>Regulamin<br>I. INFORMACJE OG\u00d3LNE<br>Niniejszy regulamin okre\u015bla zasady korzystania z serwisu dost\u0119pnego pod adresem www.baralto.pl, w tym w szczeg\u00f3lno\u015bci:<br>a. warunki i zasady sk\u0142adania zam\u00f3wie\u0144 drog\u0105 elektroniczn\u0105, w tym za po\u015brednictwem formularza dost\u0119pnego pod adresem www.baralto.pl;<br>b. zasady reklamacji i zwrot\u00f3w.<br>W\u0142a\u015bcicielem serwisu www.baralto.pl i sprzedawc\u0105 towar\u00f3w jest Baralto Barbara Konarzewska z siedzib\u0105 w Cz\u0119stochowa 42-229 Lechonia 5 m 29 NIP: 9471917062 Numer REGON: 387840869<br>Adres do korespondencji i zwrot\u00f3w: Baralto Barbara Konarzewska, ul, Lechonia 5 m 29 Cz\u0119stochowa 42-229 , e-mail: kontakt@baralto.pl.<br>Numer rachunku bankowego Baralto: PL09 1020 1664 0000 3402 0703 5217<br>Kontakt telefoniczny z Baralto jest mo\u017cliwy od poniedzia\u0142ku do pi\u0105tku w godzinach 9-11 i 16-18 pod numerem +48 798 827 441.<br>Klient \u2013 u\u017cytkownik serwisu www.baralto.pl, nieb\u0119d\u0105cy konsumentem w rozumieniu Kodeksu cywilnego, posiadaj\u0105cy numer identyfikacji podatkowej, na rzecz kt\u00f3rego zgodnie z Regulaminem i przepisami prawa mog\u0105 by\u0107 \u015bwiadczone us\u0142ugi drog\u0105 elektroniczn\u0105 i z kt\u00f3rym zawarta mo\u017ce by\u0107 umowa sprzeda\u017cy w zwi\u0105zku z jego dzia\u0142alno\u015bci\u0105 gospodarcz\u0105 lub zawodow\u0105.<br>Towary \u2013 poprzez towar nale\u017cy rozumie\u0107 produkty prezentowane w serwisie www.baralto.pl oraz produkty oferowane w ramach indywidualnych ustale\u0144 z Klientem.<br>Us\u0142ugi \u2013 poprzez us\u0142ugi nale\u017cy rozumie\u0107 us\u0142ugi prezentowane w serwisie www.baralto.pl<br>Newsletter \u2013 biuletyn informacyjny w formie elektronicznej s\u0142u\u017c\u0105cy do sta\u0142ej komunikacji z Klientami zapisanymi do listy mailingowej. Newsletter zazwyczaj informuje o nowo\u015bciach, ofertach czy planowanych zmianach.<br>Zam\u00f3wienie \u2013 o\u015bwiadczenie Klienta sk\u0142adane na zasadach okre\u015blonych w Regulaminie, zmierzaj\u0105ce do zawarcia umowy sprzeda\u017cy Towaru lub wykonania Us\u0142ugi.<br>Konsultant \u2013 upowa\u017cniony przez Baralto pracownik, obs\u0142uguj\u0105cy w jego imieniu Zam\u00f3wienia Klient\u00f3w.<br>Us\u0142ugi elektroniczne \u2013 us\u0142ugi \u015bwiadczone drog\u0105 elektroniczn\u0105 za po\u015brednictwem serwisu www.baralto.pl, obejmuj\u0105ce mi\u0119dzy innymi:<br>b. umo\u017cliwienie sk\u0142adania Zam\u00f3wie\u0144 na Towary;<br>c. umo\u017cliwienie sk\u0142adania Zam\u00f3wie\u0144 na Us\u0142ugi;<br>d. umo\u017cliwienie sk\u0142adania reklamacji i dokonywania zwrot\u00f3w;<br>e. dostarczanie newslettera.<br>II. OFERTA<br>Oferta prezentowana w serwisie www.baralto.pl nie jest ofert\u0105 w rozumieniu Kodeksu cywilnego, lecz jedynie zaproszeniem do zawarcia umowy, w rozumieniu art. 71 Kodeksu Cywilnego. Zawarcie umowy nast\u0119puje po wyra\u017anej akceptacji przez Baralto Zam\u00f3wienia \u2013 zgodnie z zasadami opisanymi w punkcie III Regulaminu.<br>Informacje o cenie Towaru, cechach oraz istotnych w\u0142a\u015bciwo\u015bciach, cenie Us\u0142ug, dost\u0119pne na stronie internetowej www.baralto.pl maj\u0105 charakter pogl\u0105dowy. Ostateczna wycena prezentowana jest ka\u017cdorazowo przedmiotem indywidualnych ustale\u0144, kt\u00f3re s\u0105 przedstawiane Klientowi zgodnie z warunkami wskazanym w punkcie III Regulaminu.<br>Zawarcie umowy pomi\u0119dzy Baralto a Klientem wymaga spe\u0142nienia warunk\u00f3w opisanych w punkcie III niniejszego Regulaminu, w tym w szczeg\u00f3lno\u015bci op\u0142acenia Zam\u00f3wienia, zaakceptowania tre\u015bci Regulaminu przez Klienta, czy uzyskania niezb\u0119dnych informacji przez Baralto.<br>W drodze indywidualnych ustale\u0144 z Klientem, Baralto dopuszcza mo\u017cliwo\u015b\u0107 sprzeda\u017cy towaru w walucie EURO, USD.<br>Do ka\u017cdego Zam\u00f3wienia Baralto za\u0142\u0105cza faktur\u0119 VAT w formie elektronicznej, kt\u00f3ra jest przesy\u0142ana na adres e-mail Klienta. Baralto informuje, \u017ce zgodnie z przepisami ustawy o podatku od towar\u00f3w i us\u0142ug, mo\u017ce wystawi\u0107 faktur\u0119 na rzecz podatnika podatku VAT lub podatku od warto\u015bci dodanej wy\u0142\u0105cznie, je\u017celi przy sk\u0142adaniu Zam\u00f3wienia Klient poda sw\u00f3j numer NIP.<br>Faktura VAT jest wystawiana na rzecz Klienta po op\u0142aceniu faktury proforma.<br>W indywidualnych przypadkach Konsultant mo\u017ce ustali\u0107 z Klientem, \u017ce faktura VAT zostanie wystawiona z tzw. odroczonym terminem p\u0142atno\u015bci. W takim wypadku realizacja danego Zam\u00f3wienia nie b\u0119dzie uzale\u017cniona od uprzedniego op\u0142acenia faktury proforma.<br>W przypadku wewn\u0105trzunijnej dostawy towar\u00f3w, faktura VAT jest wystawiana pod warunkiem posiadania przez Klienta aktywnego numeru VAT EU.<br>III. ZAM\u00d3WIENIA<br>Domniemywa si\u0119, \u017ce Klient zapozna\u0142 si\u0119 z tre\u015bci\u0105 niniejszego Regulaminu przed z\u0142o\u017ceniem Zam\u00f3wienia. W przypadku Zam\u00f3wienia z\u0142o\u017conego za po\u015brednictwem Konsultanta, link do regulaminu jest dodatkowo przesy\u0142any w drodze wiadomo\u015bci e-mail kierowanej do Klienta \u2013 dost\u0119p do regulaminu znajduje si\u0119 w stopce mailowej Konsultanta.<br>Baralto udost\u0119pnia Klientowi nast\u0119puj\u0105ce formy kontaktu z Konsultantem:<br>a. poprzez formularz kontaktowy dost\u0119pny pod adresem https:\/\/baralto.pl\/index.php\/kontakt-2\/<br>b. poprzez wiadomo\u015b\u0107 e-mail wys\u0142an\u0105 na adresy e-mail kontakt@baralto.pl lub wiadomo\u015b\u0107 na indywidualny adres konsultanta;<br>c. poprzez kontakt telefoniczny pod numerem: +48 798 827 441<br>d. osobist\u0105 wizyt\u0119 w biurze Baralto.<br>Zam\u00f3wienie w Baralto jest realizowane pod warunkiem:<br>a. nawi\u0105zania kontaktu w spos\u00f3b okre\u015blony w punkcie III. 2;<br>b. z\u0142o\u017cenia o\u015bwiadczenia o wyra\u017ceniu zgody na przetwarzanie danych osobowych;<br>c. uzgodnienia z Konsultantem wszystkich informacji niezb\u0119dnych do realizacji danego zam\u00f3wienia, jak np.: wyb\u00f3r Produktu, koloru, rozmiaru, przygotowanie odpowiedniego pliku graficznego, wyb\u00f3r techniki znakowania. Instrukcje dotycz\u0105ce prawid\u0142owego przygotowania pliku graficznego.<br>d. wybrania sposobu zap\u0142aty i dostawy Towaru oraz uregulowania ceny sprzeda\u017cy.<br>Po z\u0142o\u017ceniu Zam\u00f3wienia, Klient otrzymuje na wskazany adres e-mail potwierdzenie jego otrzymania, wraz z indywidualnym numerem Zam\u00f3wienia.<br>Realizacja Zam\u00f3wienia przebiega w spos\u00f3b nast\u0119puj\u0105cy:<br>a. Zam\u00f3wienie dotycz\u0105ce znakowania na Towarze pochodz\u0105cym z asortymentu Baralto:<br>i. po nawi\u0105zaniu kontaktu Konsultant przeprowadza wst\u0119pn\u0105 rozmow\u0119 telefoniczn\u0105\/wymian\u0119 wiadomo\u015bci e-mail, podczas kt\u00f3rej strony ustalaj\u0105 potrzeby i indywidualne cechy potencjalnego Zam\u00f3wienia Klienta;<br>ii. po otrzymaniu od Klienta niezb\u0119dnych informacji (rodzaj produktu, ilo\u015b\u0107, spos\u00f3b dostawy, plik graficzny niezb\u0119dny do znakowania itp.) Konsultant w terminie do 7 dni przedstawia propozycj\u0119 cenow\u0105;<br>iii. po otrzymaniu propozycji cenowych, Klient jest zobowi\u0105zany w ci\u0105gu kolejnych 7 dni do zaakceptowania propozycji Konsultanta, b\u0105d\u017a z\u0142o\u017cenia ewentualnych uwag;<br>iv. po dokonaniu akceptacji, Klient otrzymuje wiadomo\u015b\u0107 e-mail z potwierdzeniem przyj\u0119cia Zam\u00f3wienia wraz z jego indywidualnym numerem oraz pro\u015bb\u0105 o op\u0142acenie faktury proforma (w indywidualnych przypadkach faktur\u0119 z odroczonym terminem p\u0142atno\u015bci) w terminie 7 dni \u2013 o ile strony nie uzgodni\u0105 inaczej. Brak dokonania op\u0142aty w terminie zostanie uznane przez Baralto jako jego anulowanie;<br>v. po otrzymaniu zap\u0142aty w ci\u0105gu 3 dni Klient otrzymuje wizualizacj\u0119 produkcyjn\u0105, kt\u00f3r\u0105 winien zaakceptowa\u0107 w terminie 1 dnia roboczego lub ewentualnie zg\u0142osi\u0107 poprawki. W przypadku op\u00f3\u017anienia akceptacji wizualizacji, termin realizacji zam\u00f3wienia mo\u017ce ulec odpowiedniemu wyd\u0142u\u017ceniu. W przypadku braku mo\u017cliwo\u015bci wypracowania z Klientem porozumienia w zakresie wizualizacji produkcyjnej, Baralto zastrzega sobie prawo do anulowania Zam\u00f3wienia.<br>vi. po otrzymaniu od Klienta akceptacji wizualizacji produkcyjnej, Baralto przesy\u0142a na jego adres e-mail potwierdzenie zawarcia umowy oraz przewidywanytermin realizacji.<br>b. Zam\u00f3wienie dotycz\u0105ce znakowania na Towarze pochodz\u0105cym z asortymentu Baralto:<br>i. po nawi\u0105zaniu kontaktu Konsultant przeprowadza wst\u0119pn\u0105 rozmow\u0119 telefoniczn\u0105\/wymian\u0119 wiadomo\u015bci e-mail, podczas kt\u00f3rej strony ustalaj\u0105 potrzeby i indywidualne cechy potencjalnego Zam\u00f3wienia Klienta;<br>ii. po otrzymaniu od Klienta niezb\u0119dnych informacji (rodzaj produktu, ilo\u015b\u0107, spos\u00f3b dostawy, plik graficzny niezb\u0119dny do znakowania itp.) Konsultant w terminie 7 dni przedstawia propozycj\u0119 cenow\u0105;<br>iii. po otrzymaniu propozycji cenowych i wizualizacji, Klient jest zobowi\u0105zany w ci\u0105gu kolejnych 7 dni do zaakceptowania propozycji Konsultanta, b\u0105d\u017a z\u0142o\u017cenia ewentualnych uwag;<br>iv. po dokonaniu akceptacji, Klient otrzymuje wiadomo\u015b\u0107 e-mail z potwierdzeniem przyj\u0119cia Zam\u00f3wienia oraz pro\u015bb\u0119 o op\u0142acenie faktury proforma (w indywidualnych przypadkach faktur\u0119 z odroczonym terminem p\u0142atno\u015bci) w terminie 7 dni \u2013 o ile strony nie uzgodni\u0105 inaczej. Brak dokonania op\u0142aty w terminie zostanie uznane przez Baralto jako jego anulowanie;<br>v. po otrzymaniu zap\u0142aty w ci\u0105gu 7 dni Klient zobowi\u0105zany jest dostarczy\u0107 towar b\u0119d\u0105cy jego w\u0142asno\u015bci\u0105 do siedziby Baralto. Najp\u00f3\u017aniej w ci\u0105gu 7 dni od dnia jego otrzymania, Baralto dokonuje jego oceny jako\u015bciowej. Baralto zastrzega sobie prawo odmowy wykonania Us\u0142ugi na towarze Klienta je\u015bli nie nadaje si\u0119 on do wskazanego przez Klienta celu;<br>vi. po otrzymaniu zap\u0142aty i dostarczeniu towaru, w ci\u0105gu 3 dni Klient otrzymuje wizualizacj\u0119 produkcyjn\u0105, kt\u00f3r\u0105 winien zaakceptowa\u0107 w terminie 1 dnia roboczego lub ewentualnie zg\u0142osi\u0107 poprawki. W przypadku op\u00f3\u017anienia akceptacji wizualizacji, termin realizacji zam\u00f3wienia mo\u017ce ulec odpowiedniemu wyd\u0142u\u017ceniu. W przypadku braku mo\u017cliwo\u015bci wypracowania z Klientem porozumienia w zakresie wizualizacji produkcyjnej, Baralto zastrzega sobie prawo do anulowania Zam\u00f3wienia.<br>vii. po otrzymaniu od Klienta akceptacji wizualizacji produkcyjnej, Baralto przesy\u0142a na jego adres e-mail potwierdzenie zawarcia umowy wraz z przewidywanym terminem realizacji. W przypadku braku mo\u017cliwo\u015bci wypracowania z Klientem porozumienia w zakresie wizualizacji produkcyjnej, Baralto zastrzega sobie prawo do anulowania Zam\u00f3wienia.<br>Zam\u00f3wienia dokonywane przez Klient\u00f3w spoza terenu Polski s\u0105 realizowane wy\u0142\u0105cznie za po\u015brednictwem Konsultanta, w drodze indywidualnych ustale\u0144.<br>Baralto zastrzega sobie ponadto prawo do odmowy realizacji Zam\u00f3wienia w ci\u0105gu 5 dni roboczych od dnia jego z\u0142o\u017cenia w przypadku:<br>a. niedost\u0119pno\u015bci danego produktu \u2013 fakt z\u0142o\u017cenia Zam\u00f3wienia przez Klienta nie jest r\u00f3wnoznaczny z zawarciem umowy. Dost\u0119pno\u015b\u0107 danego Towaru jest potwierdzana przez Baralto w wiadomo\u015bci e-mail, zgodnie z warunkami opisanymi w punkcie III.5) niniejszego Regulaminu;<br>b. nieudzielenia odpowiedzi na wiadomo\u015b\u0107 Konsultanta z pro\u015bb\u0105 o akceptacj\u0119 wizualizacji Towaru;<br>c. nieotrzymania od Klienta informacji lub plik\u00f3w, kt\u00f3re s\u0105 niezb\u0119dne do prawid\u0142owego wykonania Umowy;<br>d. powierzenia Baralto towaru Klienta, kt\u00f3rego jako\u015b\u0107 budzi w\u0105tpliwo\u015bci i nie nadaje si\u0119 do znakowania;<br>e. z\u0142o\u017cenia Zam\u00f3wienia zawieraj\u0105cego grafiki o charakterze obra\u017aliwym, sprzecznym z prawem, czy dobrami os\u00f3b trzecich.<br>W miar\u0119 mo\u017cliwo\u015bci Baralto zaproponuje alternatywny Towar zamienny lub realizacj\u0119 cz\u0119\u015bci Zam\u00f3wienia.<br>Terminy realizacji poszczeg\u00f3lnych Zam\u00f3wie\u0144 s\u0105 orientacyjne. Zam\u00f3wienia ka\u017cdorazowo realizowane s\u0105 najp\u00f3\u017aniej w ci\u0105gu 90 dni od dnia jego przyj\u0119cia do realizacji przez Baralto. Ostateczny termin realizacji danego Zam\u00f3wienia zostanie Klientowi wskazany w drodze wiadomo\u015bci e-mail.<br>W razie podj\u0119cia decyzji przez Klienta o realizacji cz\u0119\u015bci Zam\u00f3wienia, tj. w sytuacji gdy Baralto nie jest w stanie skompletowa\u0107 ca\u0142ego Zam\u00f3wienia, pozosta\u0142a cz\u0119\u015b\u0107 uregulowanej ceny zostanie mu zwr\u00f3cona.<br>W przypadku realizacji Us\u0142ugi na towarze powierzonym przez Klienta, Baralto zastrzega sobie mo\u017cliwo\u015b\u0107 uszkodzenia:<br>a. 5 sztuk towaru w przypadku zam\u00f3wienia do 100 sztuk;<br>b. 5% towaru w przypadku zam\u00f3wienia powy\u017cej 100 sztuk;<br>W przypadku zaistnienia w\/w uszkodze\u0144 Baralto nie b\u0119dzie ponosi\u0107 w tym zakresie jakiejkolwiek odpowiedzialno\u015bci finansowej.<br>IV. WYSY\u0141KA TOWARU<br>Wysy\u0142ki realizowane s\u0105 tylko w dni robocze (od poniedzia\u0142ku do pi\u0105tku). Baralto nie realizuje Zam\u00f3wie\u0144 w dni \u015bwi\u0105teczne ustawowo wolne od pracy.<br>Baralto oferuje mo\u017cliwo\u015b\u0107 dostawy zam\u00f3wionych produkt\u00f3w wy\u0142\u0105cznie za po\u015brednictwem Kuriera dpd\/inpost\/dhl. Baralto nie ma wp\u0142ywu na godziny dor\u0119czenia paczek przez kuriera.<br>Je\u017celi przed wydaniem przesy\u0142ki oka\u017ce si\u0119, \u017ce dozna\u0142a ona ubytku lub uszkodzenia, Klient zobowi\u0105zany jest ustali\u0107 niezw\u0142ocznie z przewo\u017anikiem protokolarnie stan przesy\u0142ki oraz okoliczno\u015bci powstania szkody. Reklamacje dotycz\u0105ce ubytk\u00f3w lub uszkodze\u0144 powsta\u0142ych podczas transportu b\u0119d\u0105 rozpatrywane tylko pod warunkiem sporz\u0105dzenia protoko\u0142u reklamacyjnego przez Klienta. Z chwil\u0105 wydania Towaru przechodz\u0105 na Klienta korzy\u015bci i ci\u0119\u017cary zwi\u0105zane z Towarem oraz niebezpiecze\u0144stwo przypadkowej utraty lub uszkodzenia Towaru.<br>V. KOSZTY DOSTAW i FORMY P\u0141ATNO\u015aCI<br>Koszty przesy\u0142ki pokrywa Klient, zgodnie z opcjami przedstawionymi mu przez Konsultanta.<br>Baralto akceptuje nast\u0119puj\u0105ce formy p\u0142atno\u015bci: przelew na rachunek bankowy, p\u0142atno\u015b\u0107 za po\u015brednictwem platformy przelewy24.<br>VI. REKLAMACJE I ZWROTY<br>Umowy pomi\u0119dzy Baralto a Klientem s\u0105 zawierane w zwi\u0105zku z prowadzonymi przez w\/w podmioty dzia\u0142alno\u015bciami gospodarczymi. W konsekwencji Klientowi nie przys\u0142uguje prawo do zwrotu Towaru bez podania przyczyny.<br>Klient mo\u017ce zg\u0142asza\u0107 reklamacje dotycz\u0105ce Towar\u00f3w za pomoc\u0105 poczty email na adres kontakt@baralto.pl<br>Zg\u0142oszenie reklamacji powinno zawiera\u0107 oznaczenie osoby zg\u0142aszaj\u0105cej reklamacj\u0119 (imi\u0119, nazwisko, firma, adres zamieszkania\/siedziby, adres e-mail), numer zam\u00f3wienia oraz opis zdarzenia b\u0119d\u0105cego przyczyn\u0105 reklamacji.<br>Reklamacje zostan\u0105 rozpatrzone najp\u00f3\u017aniej w terminie 14 dni od daty otrzymania przez Baralto prawid\u0142owo z\u0142o\u017conego zg\u0142oszenia (zawieraj\u0105cego wymagane elementy i nie wymagaj\u0105cego uzupe\u0142nienia).<br>Klient otrzyma informacj\u0119 o sposobie rozpatrzenia reklamacji drog\u0105 korespondencji elektronicznej, na adres e-mail podany w reklamacji.<br>Wobec Klient\u00f3w Baralto ponosi odpowiedzialno\u015b\u0107 za wady rzeczy sprzedanej, na zasadach okre\u015blonych w art. 556 i kolejnych Kodeksu Cywilnego. W przypadku wady jedynie cz\u0119\u015bci dostarczonych Towar\u00f3w, Klient mo\u017ce z\u0142o\u017cy\u0107 reklamacj\u0119 wy\u0142\u0105cznie w tym zakresie.<br>Odpowiedzialno\u015b\u0107 Baralto nie obejmuje utraconych przez Klienta korzy\u015bci, a ponadto jest ograniczona do kwoty brutto jak\u0105 Klient uregulowa\u0142 tytu\u0142em nabycia danego Towaru (ograniczenie odpowiedzialno\u015bci do warto\u015bci danej umowy).<br>R\u0119kojmia za wady Towaru obowi\u0105zuje do 12 (dwunastu) miesi\u0119cy od dnia wydania Towaru Klientowi.<br>W zakresie Towar\u00f3w przecenionych odpowiedzialno\u015b\u0107 z tytu\u0142u r\u0119kojmi jest wy\u0142\u0105czona.<br>Klient jest zobowi\u0105zany do niezw\u0142ocznego i dok\u0142adnego sprawdzenia ca\u0142o\u015bci dostarczonego Towaru. Baralto odm\u00f3wi rozpoznania reklamacji i przyj\u0119cia odpowiedzialno\u015bci w przypadku zg\u0142oszenia ewentualnych uwag po up\u0142ywie 2 dni od dnia odbioru Towaru.<br>Je\u017celi rozpatrzenie reklamacji wymaga bada\u0144 jako\u015bciowych reklamowanego Towaru, Klient jest zobowi\u0105zany jest do jego niezw\u0142ocznego dostarczenia Baralto. W przeciwnym wypadku Baralto odm\u00f3wi rozpoznania reklamacji.<br>Baralto zastrzega, \u017ce:<br>a. Zam\u00f3wienie mo\u017ce podlega\u0107 reklamacji tylko i wy\u0142\u0105cznie je\u015bli odchy\u0142 wielko\u015bciowy, kolorystyczny, gramatury, g\u0119sto\u015bci, kroju, ilo\u015bci, sk\u0142adu b\u0119dzie wi\u0119kszy ni\u017c +\/- 5% w stosunku do ustale\u0144 dokonanych pomi\u0119dzy Baralto a Klientem lub do wskaz\u00f3wek przekazanych w Zam\u00f3wieniu;<br>b. Zam\u00f3wienie mo\u017ce podlega\u0107 reklamacji je\u017celi odchy\u0142 umiejscowienia, dok\u0142adno\u015b\u0107 odwzorowania wzoru oraz wielko\u015bciowy nadruku wykroczy poza zakres +\/-10% w stosunku do ustale\u0144 dokonanych pomi\u0119dzy Baralto a Klientem lub do wskaz\u00f3wek przekazanych w Zam\u00f3wieniu;<br>Baralto zastrzega ponadto, \u017ce pomi\u0119dzy produktami pochodz\u0105cymi z r\u00f3\u017cnych partii produkcyjnych mo\u017ce zaistnie\u0107 odchy\u0142 kolorystyczny. Powy\u017csze obostrzenie jest wynik\u0142e ze skomplikowanego procesu produkcyjnego. Klientowi nie przys\u0142uguje w tym wypadku prawo do reklamacji produktu.<br>Klient ponosi jedynie bezpo\u015brednie koszty zwrotu towar\u00f3w, przez co nale\u017cy w szczeg\u00f3lno\u015bci rozumie\u0107 koszt odes\u0142ania towaru do Baralto.<br>VII. ZWROT \u015aRODK\u00d3W<br>Baralto zwraca na rzecz Klienta nale\u017cne kwoty w terminie 21 dni od dnia zaistnienia przyczyny zwrotu, tj:<br>a. w przypadku pozytywnego rozpatrzenia reklamacji Klienta w wyniku czego Baralto jest zobowi\u0105zany do zwrotu wp\u0142aconych na jego rzecz kwot;<br>b. w przypadku anulowania Zam\u00f3wienia lub jego cz\u0119\u015bci z przyczyn, o kt\u00f3rych mowa w punkcie III Regulaminu.<br>Baralto dokonuje zwrotu ceny przy u\u017cyciu takiego samego sposobu zap\u0142aty, jakiego u\u017cy\u0142 Klient, chyba \u017ce Klient wska\u017ce inaczej i nie b\u0119dzie si\u0119 to wi\u0105za\u0107 dla Baralto z dodatkowymi kosztami.<br>VIII. DANE OSOBOWE<br>Administratorem danych osobowych w rozumieniu przepisu art. 4 ust. 7 rozporz\u0105dzenia Parlamentu Europejskiego i Rady (UE) 2016\/679 z dnia 27 kwietnia 2016 r. w sprawie ochrony os\u00f3b fizycznych w zwi\u0105zku z przetwarzaniem danych osobowych i w sprawie swobodnego przep\u0142ywu takich danych oraz uchylenia dyrektywy 95\/46\/WE (og\u00f3lne rozporz\u0105dzenie o ochronie danych) (dalej \u201eog\u00f3lne rozporz\u0105dzenie o ochronie danych\u201d), w odniesieniu do danych Klient\u00f3w, jest Baralto Barbara Konarzewska, Lechonia 5 m 29 Cz\u0119stochowa 42-229.<br>Szczeg\u00f3\u0142owe warunki post\u0119powania z danymi osobowymi zosta\u0142y uregulowane w Polityce Prywatno\u015bci.<br>IX. NEWSLETTER<br>Us\u0142ugi subskrypcji Newslettera \u015bwiadczona jest bezp\u0142atnie przez Baralto na rzecz Klient\u00f3w, kt\u00f3rzy dobrowolnie wyra\u017c\u0105 na to zgod\u0119.<br>Klient zamawia newsletter za po\u015brednictwem formularza dost\u0119pnego na stronie www.baralto.pl, poprzez podanie swojego adresu poczty elektronicznej (e-mail) oraz wyra\u017cenie zgod\u0119 na przekazywanie informacji handlowych \u015brodkami komunikacji elektronicznej<br>Klient mo\u017ce w ka\u017cdej chwili wypowiedzie\u0107 umow\u0119 o \u015bwiadczenie us\u0142ugi Newslettera poprzez dezaktywacj\u0119 subskrypcji, tj. poprzez link zawarty w stopce ka\u017cdej wiadomo\u015bci wysy\u0142anej w ramach Newslettera.<br>X. POSTANOWIENIA KO\u0143COWE<br>Serwis www.baralto.pl stosuje mechanizm plik\u00f3w \u201ecookies\u201d. Szczeg\u00f3\u0142owe informacje na ten temat dost\u0119pne s\u0105 polityce prywatno\u015bci.<br>W przypadku zmiany niniejszego Regulaminu, Baralto poinformuje o tym Klient\u00f3w na stronach serwisu www.baralto.pl.<br>Zmiany Regulaminu wchodz\u0105 w \u017cycie w terminie okre\u015blonym przez Baralto, nie kr\u00f3tszym jednak ni\u017c 7 dni od dnia og\u0142oszenia o zmianach w serwisie www.baralto.pl.<br>Do zam\u00f3wie\u0144 z\u0142o\u017conych i nie zrealizowanych przed dniem wej\u015bcia w \u017cycie nowego Regulaminu, stosuje si\u0119 postanowienia Regulaminu obowi\u0105zuj\u0105cego w chwili z\u0142o\u017cenia zam\u00f3wienia.<br>We wszystkich sprawach nieuregulowanych w niniejszym Regulaminie zastosowanie znajduj\u0105 przepisy powszechnie obowi\u0105zuj\u0105cego prawa polskiego, a w szczeg\u00f3lno\u015bci przepisy kodeksu cywilnego, og\u00f3lnego rozporz\u0105dzenia o ochronie danych oraz ustawy o \u015bwiadczeniu us\u0142ug drog\u0105 elektroniczn\u0105.<br>Wszelkie spory wynik\u0142e na tle stosowania niniejszego Regulaminu b\u0119d\u0105 rozpoznawane przez w\u0142a\u015bciwy s\u0105d powszechny w Cz\u0119stochowie.<br>Regulamin obowi\u0105zuje od dnia 1.08.2024 roku.<\/p>\n","protected":false},"excerpt":{"rendered":"<p>RegulaminI. INFORMACJE OG\u00d3LNENiniejszy regulamin okre\u015bla zasady korzystania z serwisu dost\u0119pnego pod adresem www.baralto.pl, w tym w szczeg\u00f3lno\u015bci:a. warunki i zasady sk\u0142adania zam\u00f3wie\u0144 drog\u0105 elektroniczn\u0105, w tym za po\u015brednictwem formularza dost\u0119pnego pod adresem www.baralto.pl;b. zasady reklamacji i zwrot\u00f3w.W\u0142a\u015bcicielem serwisu www.baralto.pl i sprzedawc\u0105 towar\u00f3w jest Baralto Barbara Konarzewska z siedzib\u0105 w Cz\u0119stochowa 42-229 Lechonia 5 m 29 [&hellip;]<\/p>\n","protected":false},"author":1,"featured_media":0,"parent":0,"menu_order":0,"comment_status":"closed","ping_status":"closed","template":"","meta":{"_eb_attr":"","two_page_speed":[],"footnotes":""},"class_list":["post-1471","page","type-page","status-publish","hentry"],"_links":{"self":[{"href":"https:\/\/baralto.pl\/index.php\/wp-json\/wp\/v2\/pages\/1471","targetHints":{"allow":["GET"]}}],"collection":[{"href":"https:\/\/baralto.pl\/index.php\/wp-json\/wp\/v2\/pages"}],"about":[{"href":"https:\/\/baralto.pl\/index.php\/wp-json\/wp\/v2\/types\/page"}],"author":[{"embeddable":true,"href":"https:\/\/baralto.pl\/index.php\/wp-json\/wp\/v2\/users\/1"}],"replies":[{"embeddable":true,"href":"https:\/\/baralto.pl\/index.php\/wp-json\/wp\/v2\/comments?post=1471"}],"version-history":[{"count":1,"href":"https:\/\/baralto.pl\/index.php\/wp-json\/wp\/v2\/pages\/1471\/revisions"}],"predecessor-version":[{"id":1472,"href":"https:\/\/baralto.pl\/index.php\/wp-json\/wp\/v2\/pages\/1471\/revisions\/1472"}],"wp:attachment":[{"href":"https:\/\/baralto.pl\/index.php\/wp-json\/wp\/v2\/media?parent=1471"}],"curies":[{"name":"wp","href":"https:\/\/api.w.org\/{rel}","templated":true}]}}