{"id":1473,"date":"2024-10-23T08:59:58","date_gmt":"2024-10-23T08:59:58","guid":{"rendered":"https:\/\/baralto.pl\/?page_id=1473"},"modified":"2024-10-23T08:59:59","modified_gmt":"2024-10-23T08:59:59","slug":"polityka-prywatnosci","status":"publish","type":"page","link":"https:\/\/baralto.pl\/index.php\/polityka-prywatnosci\/","title":{"rendered":"Polityka prywatno\u015bci"},"content":{"rendered":"\n<p>Serwis Baralto.pl prowadzony przez firm\u0119 BARALTO Barbara Konarzewska przywi\u0105zuje szczeg\u00f3ln\u0105 wag\u0119 do poszanowania prywatno\u015bci u\u017cytkownik\u00f3w odwiedzaj\u0105cych serwis. Zale\u017cy nam, aby ka\u017cdy u\u017cytkownik dok\u0142adnie wiedzia\u0142 jakie dane pozyskujemy i jak mo\u017ce chroni\u0107 swoj\u0105 prywatno\u015b\u0107.<br>Administratorem danych jest BARALTO Barbara Konarzewska Cz\u0119stochowa 42-229 Lechonia 5 m 29. Nip 9471917062 REGON 387840869<br>Poni\u017cszy tekst okre\u015bla warunki korzystania z naszych serwis\u00f3w oraz ich polityk\u0119 prywatno\u015bci.<br>Jakie dane zbieramy o u\u017cytkowniku?<br>Podczas Twojej wizyty nasze serwery automatycznie zapisuj\u0105 tzw. logi systemowe \u2013 anonimowe informacje takie jak czas twojej wizyty, adres IP, adres URL, przegl\u0105darka, itp.<br>Zebrane logi przechowywane s\u0105 przez czas nieokre\u015blony jako materia\u0142 pomocniczy s\u0142u\u017c\u0105cy do administrowania serwisem. Informacje w nich zawarte nie s\u0105 ujawniane nikomu poza osobami upowa\u017cnionymi do administrowania serwerem.<br>Dodatkowo nasz serwis gromadzi anonimowe dane dotycz\u0105ce odwiedzaj\u0105cych takie jak: liczba odwiedzin, kraj, przegl\u0105darka, czas wizyty itp. Analizujemy gromadzone dane korzystaj\u0105c z rozwi\u0105zania zewn\u0119trznego dostawcy. Aktualnie u\u017cywamy Google Analytics. Narz\u0119dzie dzia\u0142a w oparciu o tzw. pliki cookie i nie udost\u0119pnia danych umo\u017cliwiaj\u0105cych identyfikacj\u0119 osoby. Prosimy o zapoznanie si\u0119 ze szczeg\u00f3\u0142ami polityki prywatno\u015bci Google Analytics.<br>Gdy kontaktujesz si\u0119 z nami za pomoc\u0105 formularza kontaktowego, telefonu, poczty e-mail, itp. przekazujesz nam swoje dane osobowe, np. imi\u0119, nazwisko, adres e-mail, itp. Dane te wykorzystywane s\u0105 w celu kontaktowym \u2013 sporz\u0105dzeniu odpowiedzi na pytanie.<br>Dane osobowe (imi\u0119, nazwisko, adres email) zbierane przez formularze s\u0142u\u017c\u0105 wy\u0142\u0105cznie do cel\u00f3w kontaktowych.<\/p>\n\n\n\n<p>Usuni\u0119cie danych u\u017cytkownika<br>W przypadku danych gromadzonych przez formularze masz mo\u017cliwo\u015b\u0107 usuni\u0119cia lub modyfikacji tych danych, poprzez przes\u0142anie na adres kontakt@baralto.pl informacji w jakim zakresie nale\u017cy zmodyfikowa\u0107 lub usun\u0105\u0107 te dane.<br>Wykorzystanie ciasteczek (cookies)<br>Serwis baralto.pl wykorzystuje ciasteczka (\u201ecookies\u201d). Identyfikuj\u0105 one Twoj\u0105 przegl\u0105dark\u0119 oraz usprawniaj\u0105 dzia\u0142anie serwisu. W ustawieniach przegl\u0105darki mo\u017cna wybra\u0107 opcj\u0119 odrzucania plik\u00f3w cookie, jednak niekt\u00f3re funkcje serwisu mog\u0105 wtedy nie dzia\u0142a\u0107 poprawnie. Ciasteczka nie zawieraj\u0105 \u017cadnych danych osobowych.<br>Zmiany polityki prywatno\u015bci<br>Zastrzegamy sobie prawo zmiany powy\u017cszej polityki prywatno\u015bci poprzez opublikowanie nowej polityki prywatno\u015bci na tej podstronie.<\/p>\n","protected":false},"excerpt":{"rendered":"<p>Serwis Baralto.pl prowadzony przez firm\u0119 BARALTO Barbara Konarzewska przywi\u0105zuje szczeg\u00f3ln\u0105 wag\u0119 do poszanowania prywatno\u015bci u\u017cytkownik\u00f3w odwiedzaj\u0105cych serwis. Zale\u017cy nam, aby ka\u017cdy u\u017cytkownik dok\u0142adnie wiedzia\u0142 jakie dane pozyskujemy i jak mo\u017ce chroni\u0107 swoj\u0105 prywatno\u015b\u0107.Administratorem danych jest BARALTO Barbara Konarzewska Cz\u0119stochowa 42-229 Lechonia 5 m 29. Nip 9471917062 REGON 387840869Poni\u017cszy tekst okre\u015bla warunki korzystania z naszych serwis\u00f3w [&hellip;]<\/p>\n","protected":false},"author":1,"featured_media":0,"parent":0,"menu_order":0,"comment_status":"closed","ping_status":"closed","template":"","meta":{"_eb_attr":"","two_page_speed":[],"footnotes":""},"class_list":["post-1473","page","type-page","status-publish","hentry"],"_links":{"self":[{"href":"https:\/\/baralto.pl\/index.php\/wp-json\/wp\/v2\/pages\/1473","targetHints":{"allow":["GET"]}}],"collection":[{"href":"https:\/\/baralto.pl\/index.php\/wp-json\/wp\/v2\/pages"}],"about":[{"href":"https:\/\/baralto.pl\/index.php\/wp-json\/wp\/v2\/types\/page"}],"author":[{"embeddable":true,"href":"https:\/\/baralto.pl\/index.php\/wp-json\/wp\/v2\/users\/1"}],"replies":[{"embeddable":true,"href":"https:\/\/baralto.pl\/index.php\/wp-json\/wp\/v2\/comments?post=1473"}],"version-history":[{"count":1,"href":"https:\/\/baralto.pl\/index.php\/wp-json\/wp\/v2\/pages\/1473\/revisions"}],"predecessor-version":[{"id":1474,"href":"https:\/\/baralto.pl\/index.php\/wp-json\/wp\/v2\/pages\/1473\/revisions\/1474"}],"wp:attachment":[{"href":"https:\/\/baralto.pl\/index.php\/wp-json\/wp\/v2\/media?parent=1473"}],"curies":[{"name":"wp","href":"https:\/\/api.w.org\/{rel}","templated":true}]}}