{"id":1514,"date":"2025-01-16T17:06:57","date_gmt":"2025-01-16T17:06:57","guid":{"rendered":"https:\/\/baralto.pl\/?page_id=1514"},"modified":"2025-03-04T15:06:00","modified_gmt":"2025-03-04T15:06:00","slug":"producent-nerek-na-zamowienie-szwalnia","status":"publish","type":"page","link":"https:\/\/baralto.pl\/index.php\/producent-nerek-na-zamowienie-szwalnia\/","title":{"rendered":"Producent nerek na zam\u00f3wienie \u2013 polska jako\u015b\u0107 i personalizacja"},"content":{"rendered":"\n<div class=\"wp-block-group is-layout-constrained wp-block-group-is-layout-constrained\">\n<div class=\"wp-block-columns is-layout-flex wp-container-core-columns-is-layout-159f51c6 wp-block-columns-is-layout-flex\" style=\"margin-top:0\">\n<div class=\"wp-block-column is-layout-flow wp-block-column-is-layout-flow\" style=\"padding-top:var(--wp--preset--spacing--30);padding-right:var(--wp--preset--spacing--30);padding-bottom:var(--wp--preset--spacing--30);padding-left:var(--wp--preset--spacing--30);flex-basis:50%\">\n<figure class=\"wp-block-image aligncenter size-full is-resized has-custom-border\"><img loading=\"lazy\" decoding=\"async\" width=\"960\" height=\"960\" src=\"https:\/\/baralto.pl\/wp-content\/uploads\/2025\/01\/nerki-za-zamowienie-wlasna-grafika.jpg\" alt=\"Nerki na zam\u00f3wienie - w\u0142asna grafika\" class=\"wp-image-1539\" style=\"border-radius:100%;object-fit:cover;width:414px;height:auto\" srcset=\"https:\/\/baralto.pl\/wp-content\/uploads\/2025\/01\/nerki-za-zamowienie-wlasna-grafika.jpg 960w, https:\/\/baralto.pl\/wp-content\/uploads\/2025\/01\/nerki-za-zamowienie-wlasna-grafika-300x300.jpg 300w, https:\/\/baralto.pl\/wp-content\/uploads\/2025\/01\/nerki-za-zamowienie-wlasna-grafika-150x150.jpg 150w, https:\/\/baralto.pl\/wp-content\/uploads\/2025\/01\/nerki-za-zamowienie-wlasna-grafika-768x768.jpg 768w, https:\/\/baralto.pl\/wp-content\/uploads\/2025\/01\/nerki-za-zamowienie-wlasna-grafika-600x600.jpg 600w\" sizes=\"auto, (max-width: 960px) 100vw, 960px\" \/><\/figure>\n<\/div>\n\n\n\n<div class=\"wp-block-column is-layout-flow wp-block-column-is-layout-flow\" style=\"flex-basis:50%\">\n<h2 class=\"wp-block-heading has-content-heading-font-size\" style=\"margin-top:var(--wp--preset--spacing--30);margin-bottom:var(--wp--preset--spacing--30);line-height:1.2\">Producent nerek saszetek \u2013 hurtowa produkcja dla firm i marek w\u0142asnych<\/h2>\n\n\n\n<p class=\"has-ironside-grey-color has-text-color has-extra-small-font-size\" style=\"margin-top:0;margin-right:0;margin-bottom:0;margin-left:0\">Specjalizujemy si\u0119 w hurtowej produkcji nerek na zam\u00f3wienie. Oferujemy pe\u0142n\u0105 personalizacj\u0119 \u2013 od projektu, przez wyb\u00f3r materia\u0142\u00f3w, po nadruki i detale. Nasze nerki na zam\u00f3wienie s\u0105 trwa\u0142e, funkcjonalne i tworzone z my\u015bl\u0105 o firmach oraz markach, kt\u00f3re potrzebuj\u0105 dro\u017cszych ale jako\u015bciowych produkt\u00f3w. Mo\u017cemy zagwarantowa\u0107 sprawn\u0105 realizacj\u0119 du\u017cych zam\u00f3wie\u0144.<br><br>Produkujemy nerki damskie, m\u0119skie, na telefon, spacerowe, militarne, miejskie, na telefon spacerowe <strong>nerki ju\u017c od 100szt.<\/strong><\/p>\n<\/div>\n<\/div>\n<\/div>\n\n\n\n<div class=\"wp-block-group is-layout-constrained wp-block-group-is-layout-constrained\">\n<div class=\"wp-block-columns is-layout-flex wp-container-core-columns-is-layout-28f84493 wp-block-columns-is-layout-flex\">\n<div class=\"wp-block-column is-layout-flow wp-block-column-is-layout-flow\" style=\"flex-basis:50%\">\n<h2 class=\"wp-block-heading has-content-heading-font-size\" style=\"margin-top:var(--wp--preset--spacing--30);margin-bottom:var(--wp--preset--spacing--30);line-height:1.2\">Szwalnia nerek \u2013 produkcja hurtowa na zam\u00f3wienie<\/h2>\n\n\n\n<p class=\"has-extra-small-font-size\">W\u015br\u00f3d naszych produkt\u00f3w, skupiamy si\u0119 na kilku podstawowych modelach kt\u00f3re mo\u017cna dowolnie spersonalizowa\u0107: (tutaj modele nerek) Mo\u017cemy r\u00f3wnie\u017c odszy\u0107 nerk\u0119 wed\u0142ug istniej\u0105cego ju\u017c wzoru i wprowadzi\u0107 do niego wasze zmiany, tak aby stworzy\u0107 unikalny produkt.<br><br><strong>Haft<\/strong> &#8211; eleganckie zdobienie na przodzie nerki<br><strong>Naszywki<\/strong> &#8211; z eko sk\u00f3ry lub tkane<br><strong>Nadruk transferowy<\/strong> &#8211; Farbami plastizolowymi<br><strong>Sublimowane elementy<\/strong> &#8211; czyli niespieralny druk full kolor<br><strong>Drukowane ta\u015bmy no\u015bne<\/strong> &#8211; z w\u0142asn\u0105 grafik\u0105<\/p>\n\n\n\n<p class=\"has-text-align-center has-text-link-color has-text-color\" style=\"margin-top:var(--wp--preset--spacing--50);margin-right:0;margin-bottom:0;margin-left:0\">Potrzebujesz pomocy w przygotowaniu <br>wzoru lub wizualizacji Twojej nerki? <br>Doradzimy jak\u0105 technik\u0119 zdobienia dobra\u0107 do Twojego projektu.<\/p>\n<\/div>\n\n\n\n<div class=\"wp-block-column is-layout-flow wp-block-column-is-layout-flow\" style=\"flex-basis:50%\">\n<figure class=\"wp-block-image aligncenter size-full is-resized has-custom-border\"><img loading=\"lazy\" decoding=\"async\" width=\"1200\" height=\"1200\" src=\"https:\/\/baralto.pl\/wp-content\/uploads\/2025\/01\/producent-nereki-szycie.jpg\" alt=\"Producent nerki - szycie na zam\u00f3wienie\" class=\"wp-image-1566\" style=\"border-radius:100%;object-fit:cover;width:358px;height:auto\" srcset=\"https:\/\/baralto.pl\/wp-content\/uploads\/2025\/01\/producent-nereki-szycie.jpg 1200w, https:\/\/baralto.pl\/wp-content\/uploads\/2025\/01\/producent-nereki-szycie-300x300.jpg 300w, https:\/\/baralto.pl\/wp-content\/uploads\/2025\/01\/producent-nereki-szycie-1024x1024.jpg 1024w, https:\/\/baralto.pl\/wp-content\/uploads\/2025\/01\/producent-nereki-szycie-150x150.jpg 150w, https:\/\/baralto.pl\/wp-content\/uploads\/2025\/01\/producent-nereki-szycie-768x768.jpg 768w, https:\/\/baralto.pl\/wp-content\/uploads\/2025\/01\/producent-nereki-szycie-600x600.jpg 600w\" sizes=\"auto, (max-width: 1200px) 100vw, 1200px\" \/><\/figure>\n<\/div>\n<\/div>\n<\/div>\n\n\n\n<div class=\"wp-block-buttons is-horizontal is-content-justification-center is-layout-flex wp-container-core-buttons-is-layout-dcbe208f wp-block-buttons-is-layout-flex\" style=\"margin-top:var(--wp--preset--spacing--50);margin-bottom:var(--wp--preset--spacing--50)\">\n<div class=\"wp-block-button has-custom-width wp-block-button__width-50 is-style-fill\"><a class=\"wp-block-button__link wp-element-button\" href=\"https:\/\/baralto.pl\/index.php\/kontakt\/\" style=\"border-radius:50px;padding-top:var(--wp--preset--spacing--30);padding-right:var(--wp--preset--spacing--30);padding-bottom:var(--wp--preset--spacing--30);padding-left:var(--wp--preset--spacing--30)\">BEZP\u0141ATNA WYCENA nerek<\/a><\/div>\n<\/div>\n\n\n\n<h3 class=\"wp-block-heading has-text-align-center has-normal-font-size\">Zobacz przyk\u0142adowe realizacje nerek &#8211; saszetek na pas<\/h3>\n\n\n\n<div class=\"wp-block-essential-blocks-image-gallery  root-eb-image-gallery-ha6hb\"><div class=\"eb-parent-wrapper eb-parent-eb-image-gallery-ha6hb \"><div class=\"eb-gallery-img-wrapper eb-image-gallery-ha6hb default v2 masonry null enable-isotope   overlay-bottom caption-style-0  \" data-id=\"eb-image-gallery-ha6hb\" data-default-filter=\"*\" data-searchfilter=\"false\"><div class=\"grid-sizer\"><\/div><a href=\"https:\/\/baralto.pl\/wp-content\/uploads\/2025\/01\/producent-nerek-na-zamowienie-baralto-1-of-2.jpg\" rel=\"noopener\" data-fslightbox=\"gallery\" data-type=\"image\" class=\"eb-gallery-img-content  eb-filter-img-\"><span class=\"eb-gallery-link-wrapper\"><img decoding=\"async\" class=\"eb-gallery-img\" src=\"https:\/\/baralto.pl\/wp-content\/uploads\/2025\/01\/producent-nerek-na-zamowienie-baralto-1-of-2.jpg\" image-index=\"0\" alt=\"\"\/><span class=\"eb-img-gallery-content center bottom\"><\/span><\/span><\/a><a href=\"https:\/\/baralto.pl\/wp-content\/uploads\/2025\/01\/nerka-reklamowa-klamra-tasma30mm.jpg\" rel=\"noopener\" data-fslightbox=\"gallery\" data-type=\"image\" class=\"eb-gallery-img-content  eb-filter-img-\"><span class=\"eb-gallery-link-wrapper\"><img decoding=\"async\" class=\"eb-gallery-img\" src=\"https:\/\/baralto.pl\/wp-content\/uploads\/2025\/01\/nerka-reklamowa-klamra-tasma30mm.jpg\" image-index=\"1\" alt=\"Nerka reklamowa klamra ta\u015bma 30mm\"\/><span class=\"eb-img-gallery-content center bottom\"><\/span><\/span><\/a><a href=\"https:\/\/baralto.pl\/wp-content\/uploads\/2025\/01\/nerki-za-zamowienie-wlasna-grafika.jpg\" rel=\"noopener\" data-fslightbox=\"gallery\" data-type=\"image\" class=\"eb-gallery-img-content  eb-filter-img-\"><span class=\"eb-gallery-link-wrapper\"><img decoding=\"async\" class=\"eb-gallery-img\" src=\"https:\/\/baralto.pl\/wp-content\/uploads\/2025\/01\/nerki-za-zamowienie-wlasna-grafika.jpg\" image-index=\"2\" alt=\"Nerki na zam\u00f3wienie - w\u0142asna grafika\"\/><span class=\"eb-img-gallery-content center bottom\"><\/span><\/span><\/a><a href=\"https:\/\/baralto.pl\/wp-content\/uploads\/2025\/01\/nerki-szycie-producent-organizer.jpg\" rel=\"noopener\" data-fslightbox=\"gallery\" data-type=\"image\" class=\"eb-gallery-img-content  eb-filter-img-\"><span class=\"eb-gallery-link-wrapper\"><img decoding=\"async\" class=\"eb-gallery-img\" src=\"https:\/\/baralto.pl\/wp-content\/uploads\/2025\/01\/nerki-szycie-producent-organizer.jpg\" image-index=\"3\" alt=\"Nerki szycie producent - organizer z siatki\"\/><span class=\"eb-img-gallery-content center bottom\"><\/span><\/span><\/a><a href=\"https:\/\/baralto.pl\/wp-content\/uploads\/2025\/01\/producent-nereki-szycie.jpg\" rel=\"noopener\" data-fslightbox=\"gallery\" data-type=\"image\" class=\"eb-gallery-img-content  eb-filter-img-\"><span class=\"eb-gallery-link-wrapper\"><img decoding=\"async\" class=\"eb-gallery-img\" src=\"https:\/\/baralto.pl\/wp-content\/uploads\/2025\/01\/producent-nereki-szycie.jpg\" image-index=\"4\" alt=\"Producent nerki - szycie na zam\u00f3wienie\"\/><span class=\"eb-img-gallery-content center bottom\"><\/span><\/span><\/a><a href=\"https:\/\/baralto.pl\/wp-content\/uploads\/2025\/01\/szwalnia-nerek-polski-producent-czarne-nerki.jpg\" rel=\"noopener\" data-fslightbox=\"gallery\" data-type=\"image\" class=\"eb-gallery-img-content  eb-filter-img-\"><span class=\"eb-gallery-link-wrapper\"><img decoding=\"async\" class=\"eb-gallery-img\" src=\"https:\/\/baralto.pl\/wp-content\/uploads\/2025\/01\/szwalnia-nerek-polski-producent-czarne-nerki.jpg\" image-index=\"5\" alt=\"Szwalnia nerek - polski producent\"\/><span class=\"eb-img-gallery-content center bottom\"><\/span><\/span><\/a><\/div><\/div><\/div>\n\n\n\n<h2 class=\"wp-block-heading has-content-heading-font-size\" style=\"margin-top:25px\">Nerki z w\u0142asnym nadrukiem \u2013 wyr\u00f3\u017cnij swoj\u0105 mark\u0119<\/h2>\n\n\n\n<p class=\"has-extra-small-font-size\">Nasze produkty to doskona\u0142e rozwi\u0105zanie dla marek w\u0142asnych. Do produkcji mo\u017cemy r\u00f3wnie\u017c wykorzysta\u0107 Wasze firmowe metki lub inne materia\u0142y jak zawieszki czy plakietki.<\/p>\n\n\n\n<h2 class=\"wp-block-heading has-content-heading-font-size\" style=\"margin-top:var(--wp--preset--spacing--30);margin-bottom:var(--wp--preset--spacing--30)\">Polski producent nerek &#8211; Baralto<\/h2>\n\n\n\n<p class=\"has-extra-small-font-size\">Decyduj\u0105c si\u0119 na nerki reklamowe od polskiego producenta, nie tylko inwestujesz w wysok\u0105 jako\u015b\u0107, ale tak\u017ce wspierasz rozw\u00f3j krajowej gospodarki. Lokalna produkcja to tak\u017ce wi\u0119ksza kontrola nad ca\u0142ym procesem. Wybieraj\u0105c <strong>nerki szyte w Polsce<\/strong> pokazujesz warto\u015bci kt\u00f3rymi kieruje si\u0119 Twoja marka.<\/p>\n\n\n\n<h3 class=\"wp-block-heading has-content-heading-font-size\" style=\"margin-top:var(--wp--preset--spacing--30);margin-bottom:var(--wp--preset--spacing--30)\">Nerki reklamowe z logo &#8211; gad\u017cet premium<\/h3>\n\n\n\n<p class=\"has-extra-small-font-size\">Stworzone wed\u0142ug indywidualnego projektu <strong>personalizowane saszetki na pas<\/strong>, to \u015bwietny gad\u017cet reklamowy zar\u00f3wno na eventy oraz jako prezent dla pracownik\u00f3w. To co\u015b wi\u0119cej ni\u017c kolejny nudny, chi\u0144ski gad\u017cet z nadrukiem. To modny, praktyczny produkt, kt\u00f3ry przyci\u0105ga uwag\u0119 i ma warto\u015b\u0107 u\u017cytkow\u0105. Idealne na eventy, targi czy konferencje \u2013 saszetki na pas s\u0105 ch\u0119tnie noszone przez uczestnik\u00f3w, nie tylko podczas spotka\u0144 bran\u017cowych. To tak\u017ce \u015bwietny prezent dla pracownik\u00f3w czy kluczowych klient\u00f3w, kt\u00f3ry nie wyl\u0105duje na dnie szafy, a b\u0119dzie u\u017cywany na co dzie\u0144.<\/p>\n\n\n\n<div class=\"wp-block-buttons is-horizontal is-content-justification-center is-layout-flex wp-container-core-buttons-is-layout-dcbe208f wp-block-buttons-is-layout-flex\" style=\"margin-top:var(--wp--preset--spacing--50);margin-bottom:var(--wp--preset--spacing--50)\">\n<div class=\"wp-block-button has-custom-width wp-block-button__width-50 is-style-fill\"><a class=\"wp-block-button__link wp-element-button\" href=\"https:\/\/baralto.pl\/index.php\/kontakt\/\" style=\"border-radius:50px;padding-top:var(--wp--preset--spacing--30);padding-right:var(--wp--preset--spacing--30);padding-bottom:var(--wp--preset--spacing--30);padding-left:var(--wp--preset--spacing--30)\">kontakt &#8211; wycena nerek<\/a><\/div>\n<\/div>\n\n\n\n<h2 class=\"wp-block-heading has-content-heading-font-size\">Materia\u0142y do produkcji nerek<\/h2>\n\n\n\n<p class=\"has-extra-small-font-size\">Przy wi\u0119kszo\u015bci projekt\u00f3w wykorzystujemy tkaniny poliestrowe 600D to trwa\u0142y i wytrzyma\u0142y materia\u0142, idealny do produkcji nerek. Charakteryzuj\u0105 si\u0119 odporno\u015bci\u0105 na przetarcia, wodoodporno\u015bci\u0105 i \u0142atwo\u015bci\u0105 w utrzymaniu czysto\u015bci. Ich struktura zapewnia stabilno\u015b\u0107 kszta\u0142tu, co sprawia, \u017ce nerki s\u0105 nie tylko funkcjonalne, ale r\u00f3wnie\u017c estetyczne. W sta\u0142ej ofercie znajduje si\u0119 ok 30 kolor\u00f3w takich tkanin. Dla bardziej wymagaj\u0105cych projekt\u00f3w, mo\u017cemy zastosowa\u0107 grubsze tkaniny typu 1680d, oryginaln\u0105 Cordur\u0119, ta\u015bmy no\u015bne wykorzystywane do produkcji wojskowej, klamry o wysokiej wytrzyma\u0142o\u015bci. Standardowo w ka\u017cdym produkcie korzystamy z suwak\u00f3w renomowanej marki <a href=\"https:\/\/pl.wikipedia.org\/wiki\/YKK\" target=\"_blank\" rel=\"noopener\">YKK<\/a>. S\u0105 bardzo trwa\u0142e i nie zacinaj\u0105 si\u0119.<\/p>\n\n\n\n<div class=\"wp-block-essential-blocks-accordion  root-eb-accordion-bol9s\"><div class=\"eb-parent-wrapper eb-parent-eb-accordion-bol9s eb_animation eb___animated eb___slideInDown\"><div class=\"eb-accordion-container eb-accordion-bol9s\" data-accordion-type=\"accordion\" data-tab-icon=\"dashicons-plus-alt2\" data-expanded-icon=\"dashicons-minus\" data-transition-duration=\"500\"><div class=\"eb-accordion-inner\">\n<div class=\"wp-block-essential-blocks-accordion-item eb-accordion-item-7e36t eb-accordion-wrapper\" data-clickable=\"false\"><div class=\"eb-accordion-title-wrapper eb-accordion-title-wrapper-eb-accordion-bol9s\" tabindex=\"0\"><span class=\"eb-accordion-icon-wrapper eb-accordion-icon-wrapper-eb-accordion-bol9s\"><span class=\"dashicon dashicons dashicons-plus-alt2 eb-accordion-icon\"><\/span><\/span><div class=\"eb-accordion-title-content-wrap title-content-eb-accordion-bol9s\"><h3 class=\"eb-accordion-title\">Jak\u0105 minimaln\u0105 ilo\u015b\u0107 nerek mo\u017cna zam\u00f3wi\u0107 w szwalni?<\/h3><\/div><\/div><div class=\"eb-accordion-content-wrapper eb-accordion-content-wrapper-eb-accordion-bol9s\"><div class=\"eb-accordion-content\">\n<p>Minimalna ilo\u015b\u0107 zam\u00f3wienia dla nowego modelu nerki to 100 szt.<br>W przypadku reedycji jest to 50 szt.<\/p>\n<\/div><\/div><\/div>\n\n\n\n<div class=\"wp-block-essential-blocks-accordion-item eb-accordion-item-jbbes eb-accordion-wrapper\" data-clickable=\"false\"><div class=\"eb-accordion-title-wrapper eb-accordion-title-wrapper-eb-accordion-bol9s\" tabindex=\"0\"><span class=\"eb-accordion-icon-wrapper eb-accordion-icon-wrapper-eb-accordion-bol9s\"><span class=\"dashicon dashicons dashicons-plus-alt2 eb-accordion-icon\"><\/span><\/span><div class=\"eb-accordion-title-content-wrap title-content-eb-accordion-bol9s\"><h3 class=\"eb-accordion-title\">Czy mog\u0119 podzieli\u0107 zam\u00f3wienie na r\u00f3\u017cne modele?<\/h3><\/div><\/div><div class=\"eb-accordion-content-wrapper eb-accordion-content-wrapper-eb-accordion-bol9s\"><div class=\"eb-accordion-content\">\n<p>Zam\u00f3wienie mo\u017cna podzieli\u0107, minimum 50 szt. z jednego wariantu.<br>Np. 200 szt. podzielone na 4 warianty po 50 szt. <\/p>\n<\/div><\/div><\/div>\n\n\n\n<div class=\"wp-block-essential-blocks-accordion-item eb-accordion-item-xfxnw eb-accordion-wrapper\" data-clickable=\"false\"><div class=\"eb-accordion-title-wrapper eb-accordion-title-wrapper-eb-accordion-bol9s\" tabindex=\"0\"><span class=\"eb-accordion-icon-wrapper eb-accordion-icon-wrapper-eb-accordion-bol9s\"><span class=\"dashicon dashicons dashicons-plus-alt2 eb-accordion-icon\"><\/span><\/span><div class=\"eb-accordion-title-content-wrap title-content-eb-accordion-bol9s\"><h3 class=\"eb-accordion-title\">Jakie s\u0105 mo\u017cliwo\u015bci personalizowania nerek na zam\u00f3wienie?<\/h3><\/div><\/div><div class=\"eb-accordion-content-wrapper eb-accordion-content-wrapper-eb-accordion-bol9s\"><div class=\"eb-accordion-content\">\n<p>Mo\u017cesz wybra\u0107 kolor tkaniny g\u0142\u00f3wnej (ok. 20 kolor\u00f3w), szeroko\u015b\u0107 i kolor ta\u015bmy no\u015bnej, naszywk\u0119 z eko-sk\u00f3ry, haft lub nadruk.<br>Kolorowe suwaki dost\u0119pne s\u0105 od wi\u0119kszej ilo\u015bci ok. 300 szt. <br>Metki tkane lub naszywki tkane dost\u0119pne od ok. 500 szt.<br>Kolorowe podszewki dost\u0119pne od ok. 300 szt.<\/p>\n<\/div><\/div><\/div>\n\n\n\n<div class=\"wp-block-essential-blocks-accordion-item eb-accordion-item-qiqru eb-accordion-wrapper\" data-clickable=\"false\"><div class=\"eb-accordion-title-wrapper eb-accordion-title-wrapper-eb-accordion-bol9s\" tabindex=\"0\"><span class=\"eb-accordion-icon-wrapper eb-accordion-icon-wrapper-eb-accordion-bol9s\"><span class=\"dashicon dashicons dashicons-plus-alt2 eb-accordion-icon\"><\/span><\/span><div class=\"eb-accordion-title-content-wrap title-content-eb-accordion-bol9s\"><h3 class=\"eb-accordion-title\">Czy nerk\u0119 mo\u017cna pra\u0107 w pralce?<\/h3><\/div><\/div><div class=\"eb-accordion-content-wrapper eb-accordion-content-wrapper-eb-accordion-bol9s\"><div class=\"eb-accordion-content\">\n<p>Nerki najlepiej czy\u015bci\u0107 r\u0119cznie przy u\u017cyciu \u0142agodnego detergentu i letniej wody, unikaj\u0105c agresywnych \u015brodk\u00f3w chemicznych. Nie zaleca si\u0119 prania w pralce ani suszenia w suszarce, mo\u017ce to os\u0142abi\u0107 materia\u0142 i powleczenie wodoodporne. Po umyciu warto pozostawi\u0107 nerk\u0119 do wyschni\u0119cia w przewiewnym miejscu, unikaj\u0105c bezpo\u015bredniego dzia\u0142ania promieni s\u0142onecznych.<\/p>\n<\/div><\/div><\/div>\n\n\n\n<div class=\"wp-block-essential-blocks-accordion-item eb-accordion-item-x3g2r eb-accordion-wrapper\" data-clickable=\"false\"><div class=\"eb-accordion-title-wrapper eb-accordion-title-wrapper-eb-accordion-bol9s\" tabindex=\"0\"><span class=\"eb-accordion-icon-wrapper eb-accordion-icon-wrapper-eb-accordion-bol9s\"><span class=\"dashicon dashicons dashicons-plus-alt2 eb-accordion-icon\"><\/span><\/span><div class=\"eb-accordion-title-content-wrap title-content-eb-accordion-bol9s\"><h3 class=\"eb-accordion-title\">Ile trwa produkcja nerek z logo?<\/h3><\/div><\/div><div class=\"eb-accordion-content-wrapper eb-accordion-content-wrapper-eb-accordion-bol9s\"><div class=\"eb-accordion-content\">\n<p>\u015aredni czas realizacji dla zam\u00f3wienia 200 szt. to ok. 4-5 tyg.<\/p>\n<\/div><\/div><\/div>\n<\/div><\/div><\/div><\/div>\n\n\n\n<h3 class=\"wp-block-heading has-content-heading-font-size\" style=\"margin-top:var(--wp--preset--spacing--50);margin-bottom:var(--wp--preset--spacing--50)\">Jak Przebiega Wsp\u00f3\u0142praca przy zam\u00f3wieniu nerek reklamowych?<\/h3>\n\n\n\n<p class=\"has-extra-small-font-size\"><strong>Konsultacja i wyb\u00f3r modelu<br><\/strong>Na pocz\u0105tek omawiamy szczeg\u00f3\u0142y zam\u00f3wienia \u2013 wyb\u00f3r modelu nerek, kolorystyki oraz dodatkowych element\u00f3w. Pomo\u017cemy Ci wybra\u0107 odpowiedni\u0105 opcj\u0119 i doradzimy w kwestii znakowania. Mo\u017cem wypo\u017cyczy\u0107 przyk\u0142adow\u0105 nerk\u0119 aby zapozna\u0107 si\u0119 z jej jako\u015bci\u0105, wymiarami i pr\u00f3bkami tkanin.<br><\/p>\n\n\n\n<p class=\"has-extra-small-font-size\"><strong>Przygotowanie wzoru i wycena<br><\/strong>Po ustaleniu szczeg\u00f3\u0142\u00f3w, przeka\u017cesz nam projekt graficzny \u2013 logo lub has\u0142o reklamowe, kt\u00f3re ma zosta\u0107 umieszczone na nerce. Maj\u0105c komplet infromacji i wygl\u0105dzie nerki i ilo\u015bci sztuk. mo\u017cemy przygotowa\u0107 wycen\u0119 i wizualizacj\u0119. Po akceptacji kosztorysu b\u0119dzie potrzebna zaliczka pod zakup materia\u0142\u00f3w, przewa\u017cnie 50% ceny docelowej zam\u00f3wienia.<br><\/p>\n\n\n\n<p><strong>Krojenie elementow<br><\/strong>Przechodzimy do krojenia wszystkich element\u00f3w, tkanin, pask\u00f3w, ta\u015bm suwakowych itd. kt\u00f3re nast\u0119pnie s\u0105 kompletowane.<\/p>\n\n\n\n<p class=\"has-extra-small-font-size\">Szycie nerek Docelowy etap produkcji na kt\u00f3ry sk\u0142ada si\u0119 \u0142\u0105czenie element\u00f3w, wszywanie suwak\u00f3w. W tym momencie mo\u017cemy dok\u0142adniej okre\u015bli\u0107 dzie\u0144 w kt\u00f3rym zam\u00f3wienie b\u0119dzie gotowe.<br><\/p>\n\n\n\n<p class=\"has-extra-small-font-size\"><strong>Kontrola Jako\u015bci, pakowanie i wysy\u0142ka<br><\/strong>Przed wysy\u0142k\u0105 ka\u017cda nerka przechodzi kontrol\u0119 jako\u015bci. Nast\u0119pnie produkt trafia do pakowania i jest gotowy do wysy\u0142ki. Pakowanie mo\u017ce by\u0107 zbiorcze &#8211; np. po 10-20szt. w jednym foliopaku lub jednostkowe. Jeden karton kurierski mie\u015bci ok 60szt nerek \u015bredniej wielko\u015bci. Ca\u0142y proces zajmuje \u015brednio ok 3-4 tyg. dla zam\u00f3wienia ok 300szt saszetek.<\/p>\n\n\n\n<p class=\"has-text-align-center has-ironside-grey-color has-text-color has-tiny-font-size\"><br><br><strong><a href=\"https:\/\/baralto.pl\/index.php\/nerki-saszetki-na-pas-dla-firm\/\">Producent saszetek na pas<\/a><\/strong> i skarpet &#8211; <a href=\"https:\/\/baralto.pl\/\">Baralto.pl<\/a><br>Personalizowane nerki warto uzupe\u0142ni\u0107 o <a href=\"https:\/\/baralto.pl\/index.php\/producent-skarpet-z-wlasna-grafika-dla-firm\/\">skarpetki z w\u0142asn\u0105 grafik\u0105<\/a> i stworzy\u0107 unikatowy zestaw prezentowy.<\/p>\n","protected":false},"excerpt":{"rendered":"<p>Producent nerek saszetek \u2013 hurtowa produkcja dla firm i marek w\u0142asnych Specjalizujemy si\u0119 w hurtowej produkcji nerek na zam\u00f3wienie. Oferujemy pe\u0142n\u0105 personalizacj\u0119 \u2013 od projektu, przez wyb\u00f3r materia\u0142\u00f3w, po nadruki i detale. Nasze nerki na zam\u00f3wienie s\u0105 trwa\u0142e, funkcjonalne i tworzone z my\u015bl\u0105 o firmach oraz markach, kt\u00f3re potrzebuj\u0105 dro\u017cszych ale jako\u015bciowych produkt\u00f3w. Mo\u017cemy zagwarantowa\u0107 [&hellip;]<\/p>\n","protected":false},"author":1,"featured_media":0,"parent":0,"menu_order":0,"comment_status":"closed","ping_status":"closed","template":"","meta":{"_eb_attr":"","two_page_speed":[],"footnotes":""},"class_list":["post-1514","page","type-page","status-publish","hentry"],"_links":{"self":[{"href":"https:\/\/baralto.pl\/index.php\/wp-json\/wp\/v2\/pages\/1514","targetHints":{"allow":["GET"]}}],"collection":[{"href":"https:\/\/baralto.pl\/index.php\/wp-json\/wp\/v2\/pages"}],"about":[{"href":"https:\/\/baralto.pl\/index.php\/wp-json\/wp\/v2\/types\/page"}],"author":[{"embeddable":true,"href":"https:\/\/baralto.pl\/index.php\/wp-json\/wp\/v2\/users\/1"}],"replies":[{"embeddable":true,"href":"https:\/\/baralto.pl\/index.php\/wp-json\/wp\/v2\/comments?post=1514"}],"version-history":[{"count":21,"href":"https:\/\/baralto.pl\/index.php\/wp-json\/wp\/v2\/pages\/1514\/revisions"}],"predecessor-version":[{"id":1899,"href":"https:\/\/baralto.pl\/index.php\/wp-json\/wp\/v2\/pages\/1514\/revisions\/1899"}],"wp:attachment":[{"href":"https:\/\/baralto.pl\/index.php\/wp-json\/wp\/v2\/media?parent=1514"}],"curies":[{"name":"wp","href":"https:\/\/api.w.org\/{rel}","templated":true}]}}