{"id":34,"date":"2023-02-27T14:08:32","date_gmt":"2023-02-27T14:08:32","guid":{"rendered":"http:\/\/baralto.pl\/?page_id=34"},"modified":"2025-02-02T16:55:11","modified_gmt":"2025-02-02T16:55:11","slug":"koszulki-firmowe-producent-szwalnia-odziezy","status":"publish","type":"page","link":"https:\/\/baralto.pl\/index.php\/koszulki-firmowe-producent-szwalnia-odziezy\/","title":{"rendered":"Koszulki firmowe z nadrukiem, uszyte w Polsce."},"content":{"rendered":"\n<div class=\"wp-block-group is-layout-constrained wp-block-group-is-layout-constrained\">\n<div class=\"wp-block-columns is-layout-flex wp-container-core-columns-is-layout-ec2e7a44 wp-block-columns-is-layout-flex\" style=\"padding-top:0;padding-bottom:0\">\n<div class=\"wp-block-column is-layout-flow wp-block-column-is-layout-flow\" style=\"padding-top:0;padding-bottom:0;flex-basis:50%\">\n<figure class=\"wp-block-image aligncenter size-full is-resized is-style-rounded\"><img loading=\"lazy\" decoding=\"async\" width=\"600\" height=\"600\" src=\"https:\/\/baralto.pl\/wp-content\/uploads\/2023\/10\/producent-koszulek-szwalnia-pl.jpg\" alt=\"Koszulki firmowe z logo. Koszulki szyte na zam\u00f3wienie\" class=\"wp-image-1227\" style=\"width:311px;height:auto\" title=\"koszulka z nadrukiem na zam\u00f3wienie\" srcset=\"https:\/\/baralto.pl\/wp-content\/uploads\/2023\/10\/producent-koszulek-szwalnia-pl.jpg 600w, https:\/\/baralto.pl\/wp-content\/uploads\/2023\/10\/producent-koszulek-szwalnia-pl-300x300.jpg 300w, https:\/\/baralto.pl\/wp-content\/uploads\/2023\/10\/producent-koszulek-szwalnia-pl-150x150.jpg 150w\" sizes=\"auto, (max-width: 600px) 100vw, 600px\" \/><\/figure>\n<\/div>\n\n\n\n<div class=\"wp-block-column is-layout-flow wp-block-column-is-layout-flow\" style=\"flex-basis:50%\">\n<h2 class=\"wp-block-heading has-body-text-color has-text-color has-content-heading-font-size\" style=\"margin-top:var(--wp--preset--spacing--30);margin-bottom:var(--wp--preset--spacing--30)\">Polski producent koszulek bawe\u0142nianych<\/h2>\n\n\n\n<p class=\"has-extra-small-font-size\" style=\"margin-top:0;margin-right:0;margin-bottom:0;margin-left:0\">Klasyczne koszulki firmowe typu T-shirt uszyte z dzianiny bawe\u0142nianej o wysokiej gramaturze.<br><br>&#8211; Kr\u00f3j m\u0119ski Regular-fit \/ Lekko dopasowany<br>&#8211; Kr\u00f3j damski klasyk \/ Delikatne taliowanie, zaokr\u0105glony ko\u0142nierz<br>&#8211; Kr\u00f3j damski lu\u017any \/ Podwijane r\u0119kawki, klasyczny \u015bci\u0105gacz <br><br>Przy wi\u0119kszych zam\u00f3wieniach istnieje mo\u017cliwo\u015b\u0107 dostosowania kroju do w\u0142asnych potrzeb. Wszystkie koszulki posiadaj\u0105 szwy boczne, oraz \u015bci\u0105gacze wzmocnione podw\u00f3jnym szwem. <br>Zam\u00f3wienia od 100-160 szt. koszulek.<\/p>\n<\/div>\n<\/div>\n<\/div>\n\n\n\n<div class=\"wp-block-group is-layout-constrained wp-block-group-is-layout-constrained\" style=\"padding-top:var(--wp--preset--spacing--30);padding-bottom:var(--wp--preset--spacing--30)\">\n<div class=\"wp-block-columns is-layout-flex wp-container-core-columns-is-layout-28f84493 wp-block-columns-is-layout-flex\">\n<div class=\"wp-block-column is-layout-flow wp-block-column-is-layout-flow\" style=\"flex-basis:50%\">\n<h2 class=\"wp-block-heading has-body-text-color has-text-color has-content-heading-font-size\" style=\"margin-top:var(--wp--preset--spacing--30);margin-bottom:var(--wp--preset--spacing--30)\">Szwalnia koszulek i mo\u017cliwo\u015b\u0107 personalizacji:<\/h2>\n\n\n\n<p class=\"has-extra-small-font-size\">Koszulki mo\u017cemy personalizowa\u0107 za pomoc\u0105 trwa\u0142ych technik.<br><br><strong>Sitodruk<\/strong> &#8211; trwa\u0142a, nietoksyczna farba<br><strong>Haft<\/strong> &#8211; eleganckie zdobienie<br><strong>Metki<\/strong> &#8211; z w\u0142asnym wzorem, wszywane w kark<br><strong>Naszywki<\/strong> &#8211; eko sk\u00f3ry z logo lub tkane<br><strong>Flex<\/strong> &#8211; folie kolorowe i odblaskowe<br><strong>Druk DTF<\/strong> &#8211; wielokolorowe nadruki transferowe<br><br>Potrzebujesz pomocy w przygotowaniu wzoru? Nie wiesz jaki nadruk najlepiej sprawdzi si\u0119 w Twoim projekcie?<br>Doradzimy jak\u0105 technik\u0119 zdobienia dobra\u0107, do Twojego projektu.<\/p>\n<\/div>\n\n\n\n<div class=\"wp-block-column is-layout-flow wp-block-column-is-layout-flow\" style=\"flex-basis:50%\">\n<figure class=\"wp-block-image aligncenter size-full is-resized has-custom-border\"><img loading=\"lazy\" decoding=\"async\" width=\"548\" height=\"548\" src=\"https:\/\/baralto.pl\/wp-content\/uploads\/2023\/05\/koszulki-producent-szwalnia-na-zamowienie-edited.jpg\" alt=\"Koszulki z logo dla firm. Szwalnia koszulek polski producent\" class=\"wp-image-725\" style=\"border-style:none;border-width:0%;border-radius:100%;width:313px;height:auto\" srcset=\"https:\/\/baralto.pl\/wp-content\/uploads\/2023\/05\/koszulki-producent-szwalnia-na-zamowienie-edited.jpg 548w, https:\/\/baralto.pl\/wp-content\/uploads\/2023\/05\/koszulki-producent-szwalnia-na-zamowienie-edited-300x300.jpg 300w, https:\/\/baralto.pl\/wp-content\/uploads\/2023\/05\/koszulki-producent-szwalnia-na-zamowienie-edited-150x150.jpg 150w\" sizes=\"auto, (max-width: 548px) 100vw, 548px\" \/><\/figure>\n<\/div>\n<\/div>\n<\/div>\n\n\n\n<div class=\"wp-block-buttons is-horizontal is-content-justification-center is-layout-flex wp-container-core-buttons-is-layout-dcbe208f wp-block-buttons-is-layout-flex\" style=\"margin-top:var(--wp--preset--spacing--50);margin-bottom:var(--wp--preset--spacing--50)\">\n<div class=\"wp-block-button has-custom-width wp-block-button__width-50 is-style-fill\"><a class=\"wp-block-button__link wp-element-button\" href=\"https:\/\/baralto.pl\/index.php\/kontakt\/\" style=\"border-radius:50px;padding-top:var(--wp--preset--spacing--30);padding-right:var(--wp--preset--spacing--30);padding-bottom:var(--wp--preset--spacing--30);padding-left:var(--wp--preset--spacing--30)\">BEZP\u0141ATNA WYCENA KOSZULEK<\/a><\/div>\n<\/div>\n\n\n\n<div class=\"wp-block-essential-blocks-image-gallery  root-eb-image-gallery-dsolged\"><div class=\"eb-parent-wrapper eb-parent-eb-image-gallery-dsolged \"><div class=\"eb-gallery-img-wrapper eb-image-gallery-dsolged default v2 masonry null enable-isotope   overlay-bottom caption-style-0  \" data-id=\"eb-image-gallery-dsolged\" data-searchfilter=\"false\"><div class=\"grid-sizer\"><\/div><a href=\"https:\/\/baralto.pl\/wp-content\/uploads\/2023\/10\/szwalnia-koszulek-meskich-sitodruk.jpg\" rel=\"noopener\" data-fslightbox=\"gallery\" data-type=\"image\" class=\"eb-gallery-img-content  eb-filter-img-\"><span class=\"eb-gallery-link-wrapper\"><img decoding=\"async\" class=\"eb-gallery-img\" src=\"https:\/\/baralto.pl\/wp-content\/uploads\/2023\/10\/szwalnia-koszulek-meskich-sitodruk.jpg\" image-index=\"0\" alt=\"koszulki displate - szwalnia koszulek\"\/><span class=\"eb-img-gallery-content center bottom\"><\/span><\/span><\/a><a href=\"https:\/\/baralto.pl\/wp-content\/uploads\/2023\/10\/producent-koszulek-damskich-z-nadrukiem.jpg\" rel=\"noopener\" data-fslightbox=\"gallery\" data-type=\"image\" class=\"eb-gallery-img-content  eb-filter-img-\"><span class=\"eb-gallery-link-wrapper\"><img decoding=\"async\" class=\"eb-gallery-img\" src=\"https:\/\/baralto.pl\/wp-content\/uploads\/2023\/10\/producent-koszulek-damskich-z-nadrukiem.jpg\" image-index=\"1\" alt=\"polska szwalnia koszulek bawe\u0142nianych\"\/><span class=\"eb-img-gallery-content center bottom\"><\/span><\/span><\/a><a href=\"https:\/\/baralto.pl\/wp-content\/uploads\/2023\/10\/szwalnia-odziezy-koszulki-bawelniane.jpg\" rel=\"noopener\" data-fslightbox=\"gallery\" data-type=\"image\" class=\"eb-gallery-img-content  eb-filter-img-\"><span class=\"eb-gallery-link-wrapper\"><img decoding=\"async\" class=\"eb-gallery-img\" src=\"https:\/\/baralto.pl\/wp-content\/uploads\/2023\/10\/szwalnia-odziezy-koszulki-bawelniane.jpg\" image-index=\"2\" alt=\"szwalnia koszulki. Wysokiej jako\u015bci koszulki na zam\u00f3wienie\"\/><span class=\"eb-img-gallery-content center bottom\"><\/span><\/span><\/a><a href=\"https:\/\/baralto.pl\/wp-content\/uploads\/2023\/10\/koszulki-z-wlasnymi-metkami.jpg\" rel=\"noopener\" data-fslightbox=\"gallery\" data-type=\"image\" class=\"eb-gallery-img-content  eb-filter-img-\"><span class=\"eb-gallery-link-wrapper\"><img decoding=\"async\" class=\"eb-gallery-img\" src=\"https:\/\/baralto.pl\/wp-content\/uploads\/2023\/10\/koszulki-z-wlasnymi-metkami.jpg\" image-index=\"3\" alt=\"metki z eko sk\u00f3ry do koszulek\"\/><span class=\"eb-img-gallery-content center bottom\"><\/span><\/span><\/a><a href=\"https:\/\/baralto.pl\/wp-content\/uploads\/2024\/04\/kolejkowo-koszulka-bezowa-producent-szyte-w-polsce.jpg\" rel=\"noopener\" data-fslightbox=\"gallery\" data-type=\"image\" class=\"eb-gallery-img-content  eb-filter-img-\"><span class=\"eb-gallery-link-wrapper\"><img decoding=\"async\" class=\"eb-gallery-img\" src=\"https:\/\/baralto.pl\/wp-content\/uploads\/2024\/04\/kolejkowo-koszulka-bezowa-producent-szyte-w-polsce.jpg\" image-index=\"4\" alt=\"Koszulka kolejkowo - polski producent koszulek\"\/><span class=\"eb-img-gallery-content center bottom\"><\/span><\/span><\/a><a href=\"https:\/\/baralto.pl\/wp-content\/uploads\/2024\/04\/koszuli-murall-scianka-wspinaczkowa-na-zamowienie.jpg\" rel=\"noopener\" data-fslightbox=\"gallery\" data-type=\"image\" class=\"eb-gallery-img-content  eb-filter-img-\"><span class=\"eb-gallery-link-wrapper\"><img decoding=\"async\" class=\"eb-gallery-img\" src=\"https:\/\/baralto.pl\/wp-content\/uploads\/2024\/04\/koszuli-murall-scianka-wspinaczkowa-na-zamowienie.jpg\" image-index=\"5\" alt=\"Koszulki MURALL - koszulki z nadrukami na zam\u00f3wienie\"\/><span class=\"eb-img-gallery-content center bottom\"><\/span><\/span><\/a><a href=\"https:\/\/baralto.pl\/wp-content\/uploads\/2024\/04\/koszulk-dla-it-szyte-w-polsce-informatyk-coderslab.png\" rel=\"noopener\" data-fslightbox=\"gallery\" data-type=\"image\" class=\"eb-gallery-img-content  eb-filter-img-\"><span class=\"eb-gallery-link-wrapper\"><img decoding=\"async\" class=\"eb-gallery-img\" src=\"https:\/\/baralto.pl\/wp-content\/uploads\/2024\/04\/koszulk-dla-it-szyte-w-polsce-informatyk-coderslab.png\" image-index=\"6\" alt=\"Koszulka dla IT - producent t-shit\u00f3w \"\/><span class=\"eb-img-gallery-content center bottom\"><\/span><\/span><\/a><\/div><\/div><\/div>\n\n\n\n<h3 class=\"wp-block-heading has-body-text-color has-text-color has-content-heading-font-size\" style=\"margin-top:var(--wp--preset--spacing--30);margin-bottom:var(--wp--preset--spacing--30)\">Sk\u0142ad materia\u0142u<\/h3>\n\n\n\n<p class=\"has-extra-small-font-size\">Sk\u0142ad koszulki to 100% bawe\u0142na czesana wyprodukowana w Polsce.<br><a href=\"https:\/\/baralto.pl\/index.php\/szwalnia-koszulek-bawelnianych\/\">Koszulki szyjemy<\/a> z jedno\u0142o\u017cyskowej, wysokiej jako\u015bci dzianiny bawe\u0142nianej single jersey. <br>Korzystamy z trwa\u0142ej i &#8222;mi\u0119sistej&#8221; dzianiny single jersey o gramaturze 180g z <strong>certyfikatem jako\u015bci Oeko-Tex.<\/strong><br>Na \u017cyczenie mo\u017cemy wykorzysta\u0107 r\u00f3wnie\u017c dzianiny z dodatkiem elastanu.<\/p>\n\n\n\n<h3 class=\"wp-block-heading has-body-text-color has-text-color has-content-heading-font-size\" style=\"margin-top:var(--wp--preset--spacing--30);margin-bottom:var(--wp--preset--spacing--30)\">Dost\u0119pno\u015b\u0107 kolor\u00f3w koszulek<\/h3>\n\n\n\n<p class=\"has-extra-small-font-size\">Kolory dzianin koszulkowych:<br>Przed ka\u017cdym zleceniem potwierdzamy dost\u0119pno\u015b\u0107 koloru. Najszersza paleta barw dost\u0119pna jest na dzianinach bawe\u0142nianych o gramaturze 180g. <br>W przypadku wi\u0119kszych zam\u00f3wie\u0144 od 500szt. mamy mo\u017cliwo\u015b\u0107 wykonania precyzyjnego <strong>koloru wg. pr\u00f3bnika Pantone<\/strong>. To \u015bwietne rozwi\u0105zanie dla firm kt\u00f3re wymagaj\u0105 dok\u0142adnego oddania kolorystyki brandu. <br>Ca\u0142a <strong>produkcja koszulek<\/strong> odbywa si\u0119 w Polsce. <\/p>\n\n\n\n<hr class=\"wp-block-separator has-alpha-channel-opacity\" style=\"margin-top:var(--wp--preset--spacing--50);margin-bottom:var(--wp--preset--spacing--50)\"\/>\n\n\n\n<h2 class=\"wp-block-heading has-ironside-grey-color has-text-color has-normal-font-size\">Koszulki firmowe z na zam\u00f3wienie<\/h2>\n\n\n\n<p style=\"font-size:12px\">Baralto oferuje wysokiej jako\u015bci koszulki dla firm szyte w Polsce. Produkujemy koszulki na zam\u00f3wieni dok\u0142adnie takie jakie potrzebujesz, z nadrukiem, haftem komputerowym i unikatowymi dodatkami. Wysokiej jako\u015bci nadruki wykonane w <a href=\"https:\/\/pl.wikipedia.org\/wiki\/Druk_sitowy\" data-type=\"link\" data-id=\"https:\/\/pl.wikipedia.org\/wiki\/Druk_sitowy\" target=\"_blank\" rel=\"noopener\">technice sitodruku<\/a> mog\u0105 przedstawia\u0107 logo firmowe, has\u0142o lub tw\u00f3j w\u0142asny wz\u00f3r. Stw\u00f3rz koszulki dla swojej organizacji &#8211; dok\u0142adnie wed\u0142ug w\u0142asnego projektu.<\/p>\n\n\n\n<h3 class=\"wp-block-heading\" style=\"font-size:12px\"><br><strong>Koszulki z logo firmy<\/strong><\/h3>\n\n\n\n<p style=\"font-size:12px\">Koszulki m\u0119skie z logo firmy mog\u0105 stanowi\u0107 wspania\u0142y prezenty dla Twoich pracownik\u00f3w lub towarzyszy\u0107 wam podczas event\u00f3w firmowych. Koszulka z w\u0142asnym nadrukiem pozwoli wyr\u00f3\u017cni\u0107 si\u0119 na tle innych firm a przeznaczony na produkcj\u0119 bud\u017cet mo\u017cesz wykorzysta\u0107 jako koszt prowadzenia dzia\u0142alno\u015bci. Korzystamy jedynie z certyfikowanych z materia\u0142\u00f3w od polskich producent\u00f3w producent\u00f3w. Materia\u0142 koszulkowy &#8211; single jersey, produkowany jest w lokalnych dziewiarniach na bazie wysokiej jako\u015bci prz\u0119dzy bawe\u0142nianej. Ka\u017cda belka materia\u0142u posiada certyfikat jako\u015bci <a href=\"https:\/\/www.oeko-tex.com\/en\/\" target=\"_blank\" rel=\"noopener\">OEKO-TEX<\/a>. Koszulki firmowe szyjemy w r\u00f3\u017cnych krojach i z wykorzystaniem szerokiej palety kolorystycznej. Oferta BARALTO skierowana jest do os\u00f3b kt\u00f3rym zale\u017cy na polskim produkcie z unikatowymi dodatkami.<br><\/p>\n\n\n\n<h3 class=\"wp-block-heading\" style=\"font-size:12px\"><strong>Szwalnia koszulki firmowe z w\u0142asnym nadrukiem<\/strong><\/h3>\n\n\n\n<p style=\"font-size:12px\">Szyjemy na zam\u00f3wienie koszulki m\u0119skie z kr\u00f3tkim r\u0119kawem, damskie, koszulki dzieci\u0119ce oraz pozosta\u0142e elementy tzw. odzie\u017cy lekkiej takie jak loongsleeve, tank topy, czy koszulki sportowe z wykorzystaniem elastycznych szw\u00f3w. Do produkcji T-shirt\u00f3w wykorzystujemy wysokogatunkow\u0105 bawe\u0142n\u0119 czesan\u0105 z polskich dziewiarni. Je\u015bli poszukujesz producenta odzie\u017cy dla firm, masz dosy\u0107 kiepskiej jako\u015bci tzw. &#8222;odzie\u017cy reklamowej&#8221; i zale\u017cy Ci na koszulkach na lata, zapraszamy po bezp\u0142atn\u0105 wycen\u0119 Twojego zam\u00f3wienia. <br><br>Pomo\u017cemy Ci dobra\u0107 najlepsze rozwi\u0105zania aby jak najdok\u0142adniej odwzorowa\u0107 Tw\u00f3j pomys\u0142. Doradzimy w kwestii znakowania odzie\u017cy, przygotowania projekt\u00f3w i grafik do produkcji i zaproponujemy ciekawe wyko\u0144czenia kt\u00f3re sprawi\u0105, \u017ce nie wyprodukowane koszulki z w\u0142asn\u0105 metk\u0105 b\u0119d\u0105 jedyne w swoim rodzaju! Je\u015bli potrzebujesz indywidualnego projektu &#8211; mo\u017cemy zaoferowa\u0107 us\u0142ug\u0119 projektowania wzor\u00f3w lub przygotowania wzoru wed\u0142ug specyfikacji.<br><br><\/p>\n\n\n\n<p class=\"has-text-align-center has-foreground-color has-text-color has-upper-heading-font-size\"><strong>Potrzebujesz uszy\u0107 wysokiej jako\u015bci koszulki firmowe z nadrukiem? <br>Napisz nam: ile potrzebujesz sztuk, jakiej wielko\u015bci i ile kolor\u00f3w ma mie\u0107 nadruk,<\/strong><br><strong>czy potrzebujesz dedykowanych metek lub innych detali jak hafty czy naszywki.<\/strong><br>Przygotujemy wycen\u0119 w 1-2 dni i doradzimy najlepsz\u0105 technik\u0119 zdobienia.<\/p>\n\n\n\n<div class=\"wp-block-buttons is-horizontal is-content-justification-center is-layout-flex wp-container-core-buttons-is-layout-21bf4049 wp-block-buttons-is-layout-flex\" style=\"margin-top:var(--wp--preset--spacing--50);margin-bottom:var(--wp--preset--spacing--60)\">\n<div class=\"wp-block-button has-custom-width wp-block-button__width-50 is-style-fill\"><a class=\"wp-block-button__link wp-element-button\" href=\"https:\/\/baralto.pl\/index.php\/kontakt\/\" style=\"border-radius:50px;padding-top:var(--wp--preset--spacing--30);padding-right:var(--wp--preset--spacing--30);padding-bottom:var(--wp--preset--spacing--30);padding-left:var(--wp--preset--spacing--30)\"> WYCENA KOSZULEK <\/a><\/div>\n<\/div>\n\n\n\n<h5 class=\"wp-block-heading has-text-align-center has-ironside-grey-color has-text-color\">FAQ Produkcja koszulek &#8211; najcz\u0119stsze pytania:<br><\/h5>\n\n\n\n<h5 class=\"wp-block-heading has-ironside-grey-color has-text-color has-medium-font-size\">1. Jakie s\u0105 g\u0142\u00f3wne korzy\u015bci zamawiania koszulek w szwalni?<\/h5>\n\n\n\n<p class=\"has-ironside-grey-color has-text-color\">Zamawianie koszulek w szwalni pozwala uzyska\u0107 indywidualny kr\u00f3j, lub wprowadzi\u0107 modyfikacje do istniej\u0105cych, sprawdzonych wzor\u00f3w. Masz wyb\u00f3r gramatury i koloru materia\u0142u, wi\u0119ksza ilo\u015b\u0107 dost\u0119pnych zdobie\u0144 oraz najwy\u017csz\u0105 jako\u015b\u0107 wykonania.<\/p>\n\n\n\n<h5 class=\"wp-block-heading has-ironside-grey-color has-text-color has-medium-font-size\">2. Czy koszulki z szwalni s\u0105 dro\u017csze od gotowych ubra\u0144?<\/h5>\n\n\n\n<p class=\"has-ironside-grey-color has-text-color\">Koszulki produkowane w szwalni mog\u0105 by\u0107 nieco dro\u017csze, ale oferuj\u0105 wy\u017csz\u0105 jako\u015b\u0107 i mo\u017cliwo\u015b\u0107 dostosowania do w\u0142asnych preferencji. Tak\u017ce czas u\u017cytkowania takiej odzie\u017cy jest wielokrotnie d\u0142u\u017cy ni\u017c w przypadku odzie\u017cy reklamowej lub oferowanej w sieciowych sklepach.<\/p>\n\n\n\n<h5 class=\"wp-block-heading has-ironside-grey-color has-text-color has-medium-font-size\">3. Jakie materia\u0142y mog\u0119 wybra\u0107 do mojej koszulki?<\/h5>\n\n\n\n<p class=\"has-ironside-grey-color has-text-color\">Do produkcji t-shirt\u00f3w mo\u017cemy wybiera\u0107 pomi\u0119dzy gramaturami 160-180-210g. Sk\u0142adem materia\u0142u, w wi\u0119kszo\u015bci kolor\u00f3w to 100% bawe\u0142na lub bawe\u0142na z elastanem lub wiskoza. Szczeg\u00f3lnie polecamy gramatur\u0119 180g kt\u00f3ra stanowi optymalne rozwi\u0105zanie pomi\u0119dzy grubo\u015bci\u0105 materia\u0142u i komfortem noszenia. <\/p>\n\n\n\n<h5 class=\"wp-block-heading has-ironside-grey-color has-text-color has-medium-font-size\">4. Czy zamawianie koszulek w szwalni jest ekologiczne?<\/h5>\n\n\n\n<p>Tak, wspieraj\u0105c lokalne biznesy i unikaj\u0105c masowej produkcji, mo\u017cemy przyczyni\u0107 si\u0119 do zmniejszenia wp\u0142ywu na \u015brodowisko.<\/p>\n\n\n\n<h5 class=\"wp-block-heading has-ironside-grey-color has-text-color has-medium-font-size\">5. Jak d\u0142ugo trwa proces produkcji koszulki w szwalni?<\/h5>\n\n\n\n<p class=\"has-ironside-grey-color has-text-color\">\u015aredni czas produkcji zam\u00f3wienia od momentu akceptacji to ok 4 tyg. w przypadku \u015bredniej ilo\u015bci koszulek 200-400szt. Czas mo\u017ce r\u00f3\u017cni\u0107 si\u0119 zale\u017cnie od dost\u0119pno\u015bci kolor\u00f3w dzianin czy ilo\u015bci zdobie\u0144 takich jak nadruki, hafty czy naszywki. W przypadku produkcji dzianiny na specjalne zam\u00f3wienie np. enzymowanej w specjalnie stworzonym kolorze &#8211; czas produkcji wyd\u0142u\u017cy si\u0119 o ok  2-3 tyg.<\/p>\n\n\n\n<h5 class=\"wp-block-heading has-ironside-grey-color has-text-color has-medium-font-size\"><strong>5. <\/strong>Czy musz\u0119 posiada\u0107 specjalne programy aby zleci\u0107 produkcj\u0119 koszulek lub bluz?<\/h5>\n\n\n\n<p>Nie, jedyne co musisz przygotowa\u0107 to opis zlecenia kt\u00f3ry zawiera: \u0142\u0105czn\u0105 ilo\u015bci sztuk, gramatur\u0119, kolor, informacje o nadruku lub hafcie (jego wielko\u015b\u0107, umiejscowienie, ilo\u015b\u0107 kolor\u00f3w) oraz rozmiar\u00f3wk\u0119 czyli ilo\u015b\u0107 sztuk z danego rozmiaru.<\/p>\n\n\n\n<h5 class=\"wp-block-heading has-ironside-grey-color has-text-color has-medium-font-size\"><strong>6. <\/strong>Jak okre\u015bli\u0107 rozmiar\u00f3wk\u0119 (podzieli\u0107 rozmiary) przed zam\u00f3wieniem?<\/h5>\n\n\n\n<p>Najlepsz\u0105 metod\u0105 jest zebranie informacji od pracownik\u00f3w na podstawie tabeli rozmiarowej. Mo\u017cemy r\u00f3wnie\u017c zaproponowa\u0107 podzia\u0142 na rozmiary, opieraj\u0105c si\u0119 na statystykach sprzeda\u017cy. Dzi\u0119ki temu, z najwi\u0119kszym prawdopodobie\u0144stwem dopasujesz swoje zam\u00f3wienie do standardowej grupy.<\/p>\n\n\n\n<p style=\"font-size:12px\"><br><br><\/p>\n\n\n\n<p><\/p>\n","protected":false},"excerpt":{"rendered":"<p>Polski producent koszulek bawe\u0142nianych Klasyczne koszulki firmowe typu T-shirt uszyte z dzianiny bawe\u0142nianej o wysokiej gramaturze. &#8211; Kr\u00f3j m\u0119ski Regular-fit \/ Lekko dopasowany&#8211; Kr\u00f3j damski klasyk \/ Delikatne taliowanie, zaokr\u0105glony ko\u0142nierz&#8211; Kr\u00f3j damski lu\u017any \/ Podwijane r\u0119kawki, klasyczny \u015bci\u0105gacz Przy wi\u0119kszych zam\u00f3wieniach istnieje mo\u017cliwo\u015b\u0107 dostosowania kroju do w\u0142asnych potrzeb. Wszystkie koszulki posiadaj\u0105 szwy boczne, oraz [&hellip;]<\/p>\n","protected":false},"author":1,"featured_media":0,"parent":0,"menu_order":0,"comment_status":"closed","ping_status":"closed","template":"","meta":{"_eb_attr":"","two_page_speed":[],"footnotes":""},"class_list":["post-34","page","type-page","status-publish","hentry"],"_links":{"self":[{"href":"https:\/\/baralto.pl\/index.php\/wp-json\/wp\/v2\/pages\/34","targetHints":{"allow":["GET"]}}],"collection":[{"href":"https:\/\/baralto.pl\/index.php\/wp-json\/wp\/v2\/pages"}],"about":[{"href":"https:\/\/baralto.pl\/index.php\/wp-json\/wp\/v2\/types\/page"}],"author":[{"embeddable":true,"href":"https:\/\/baralto.pl\/index.php\/wp-json\/wp\/v2\/users\/1"}],"replies":[{"embeddable":true,"href":"https:\/\/baralto.pl\/index.php\/wp-json\/wp\/v2\/comments?post=34"}],"version-history":[{"count":61,"href":"https:\/\/baralto.pl\/index.php\/wp-json\/wp\/v2\/pages\/34\/revisions"}],"predecessor-version":[{"id":1681,"href":"https:\/\/baralto.pl\/index.php\/wp-json\/wp\/v2\/pages\/34\/revisions\/1681"}],"wp:attachment":[{"href":"https:\/\/baralto.pl\/index.php\/wp-json\/wp\/v2\/media?parent=34"}],"curies":[{"name":"wp","href":"https:\/\/api.w.org\/{rel}","templated":true}]}}