{"id":383,"date":"2023-04-06T21:01:23","date_gmt":"2023-04-06T21:01:23","guid":{"rendered":"http:\/\/baralto.pl\/?page_id=383"},"modified":"2025-01-13T21:08:45","modified_gmt":"2025-01-13T21:08:45","slug":"welcome-pack-dla-pracownika-zestawy-powitalne","status":"publish","type":"page","link":"https:\/\/baralto.pl\/index.php\/welcome-pack-dla-pracownika-zestawy-powitalne\/","title":{"rendered":"Welcome pack dla pracownika. Zestawy powitalne dla firm."},"content":{"rendered":"\n<h2 class=\"wp-block-heading has-large-font-size\">Zestaw powitalny dla nowego pracownika<\/h2>\n\n\n\n<p style=\"margin-top:var(--wp--preset--spacing--50);margin-bottom:var(--wp--preset--spacing--50)\">Specjalizujemy si\u0119 w projektowaniu i produkcji indywidualnych zestaw\u00f3w w sk\u0142ad kt\u00f3rych wchodz\u0105<strong> szyte na zam\u00f3wienie<\/strong> produkty odzie\u017cowe, np. wysokogatunkowe bluzy i koszulki Polskiej produkcji, weso\u0142e, kolorowe czapki i skarpetki z grafik\u0105 czy klasyczne gad\u017cety reklamowe. Mo\u017cemy wykona\u0107 <strong>welcome pack dla pracownika<\/strong> otwierane opakowania kartonowe z w\u0142asnym nadrukiem. Je\u015bli zale\u017cy Ci na wysokiej jako\u015bci produktach wykonanych w Polsce, i nie chcesz obdarowywa\u0107 nowych pracownik\u00f3w, tandetnymi chi\u0144skimi gad\u017cetami reklamowymi to dobrze trafi\u0142e\u015b! Przygotujmy razem co\u015b wyj\u0105tkowego!|<br><br>Na \u017cyczenie realizujemy r\u00f3wnie\u017c wysy\u0142k\u0119 zam\u00f3wie\u0144 pod konkretne adresy. Jeste\u015bmy w stanie zrealizowa\u0107 zam\u00f3wienia dla du\u017cych podmiot\u00f3w powy\u017cej 1000szt. <br><\/p>\n\n\n\n<div class=\"wp-block-cover alignfull wp-block-section header-media\" style=\"min-height:238px;aspect-ratio:unset;\"><span aria-hidden=\"true\" class=\"wp-block-cover__background has-primary-background-color has-background-dim-70 has-background-dim\"><\/span><img loading=\"lazy\" decoding=\"async\" width=\"960\" height=\"960\" class=\"wp-block-cover__image-background wp-image-936\" alt=\"10 pomyslow na welcome packa dla pracownika\" src=\"https:\/\/baralto.pl\/wp-content\/uploads\/2023\/06\/skarpetki-z-wlasna-grafika-displate-8-of-10.jpg\" style=\"object-position:55% 36%\" data-object-fit=\"cover\" data-object-position=\"55% 36%\" srcset=\"https:\/\/baralto.pl\/wp-content\/uploads\/2023\/06\/skarpetki-z-wlasna-grafika-displate-8-of-10.jpg 960w, https:\/\/baralto.pl\/wp-content\/uploads\/2023\/06\/skarpetki-z-wlasna-grafika-displate-8-of-10-300x300.jpg 300w, https:\/\/baralto.pl\/wp-content\/uploads\/2023\/06\/skarpetki-z-wlasna-grafika-displate-8-of-10-150x150.jpg 150w, https:\/\/baralto.pl\/wp-content\/uploads\/2023\/06\/skarpetki-z-wlasna-grafika-displate-8-of-10-768x768.jpg 768w\" sizes=\"auto, (max-width: 960px) 100vw, 960px\" \/><div class=\"wp-block-cover__inner-container is-layout-flow wp-block-cover-is-layout-flow\">\n<h2 class=\"wp-block-heading has-text-align-center has-background-color has-text-color has-link-color has-large-font-size wp-elements-4a253012eac1fdfcd79e64ae2b0c476a\"><strong>Szukasz pomys\u0142u na welcome pack dla pracownika?<br>Tworzymy profesjonalne zestawy powitalne dla <\/strong>firm.<\/h2>\n<\/div><\/div>\n\n\n\n<p class=\"has-text-align-center has-upper-heading-font-size\" style=\"margin-top:var(--wp--preset--spacing--50);margin-right:var(--wp--preset--spacing--50);margin-bottom:var(--wp--preset--spacing--50);margin-left:var(--wp--preset--spacing--50)\"><strong>Przyk\u0142adowe pomys\u0142y na zestawy prezentowe 1+1<\/strong><\/p>\n\n\n\n<div class=\"wp-block-essential-blocks-advanced-tabs alignwide\"><div class=\"eb-parent-wrapper eb-parent-eb-advanced-tabs-gap1q0f \"><div class=\"eb-advanced-tabs-gap1q0f eb-advanced-tabs-wrapper horizontal\"><div class=\"eb-tabs-nav\"><ul class=\"tabTitles\" data-tabs-ul-id=\"eb-advanced-tabs-gap1q0f\"><li data-title-tab-id=\"1\" class=\"active\"><h6 class=\"tab-title-text\">BLUZA + CZAPKA<\/h6><\/li><li data-title-tab-id=\"2\" class=\"inactive\"><h6 class=\"tab-title-text\">CZAPKA + SKARPETKI<\/h6><\/li><li data-title-tab-id=\"3\" class=\"inactive\"><h6 class=\"tab-title-text\">KOSZULKA + PUDE\u0141KO<\/h6><\/li><\/ul><\/div><div class=\"eb-tabs-contents\">\n<div class=\"eb-tab-wrapper\" data-tab-id=\"1\" data-tab-parent-id=\"eb-advanced-tabs-gap1q0f\"><div class=\"eb-tab-inner\">\n<h3 class=\"wp-block-heading has-text-align-center has-upper-heading-font-size\">Personalizowana bluza z nadrukiem<br>i unikalnym wyko\u0144czeniem + czapka zimowa z pomponem.<\/h3>\n\n\n\n<p class=\"has-text-align-center\" style=\"margin-top:var(--wp--preset--spacing--30);margin-right:var(--wp--preset--spacing--30);margin-bottom:var(--wp--preset--spacing--30);margin-left:var(--wp--preset--spacing--30)\">Idealnie skomponowany zestaw czyli bluza kangurka <br>+<br> kolorowa czapka zimowa z pomponem. <br>Uszyte w Polsce i spersonalizowane tak jak chcesz!<\/p>\n<\/div><\/div>\n\n\n\n<div class=\"eb-tab-wrapper\" data-tab-id=\"2\" data-tab-parent-id=\"eb-advanced-tabs-gap1q0f\"><div class=\"eb-tab-inner\">\n<h3 class=\"wp-block-heading has-text-align-center has-upper-heading-font-size\">Czapki z logo dla pracownika + Kolorowe skarpetki firmowe<\/h3>\n\n\n\n<p class=\"has-text-align-center\" style=\"margin-top:var(--wp--preset--spacing--30);margin-right:var(--wp--preset--spacing--30);margin-bottom:var(--wp--preset--spacing--30);margin-left:var(--wp--preset--spacing--30)\">Wyprodukowane w Polsce, z wysokogatunkowej prz\u0119dzy na bazie bawe\u0142ny skarpetki firmowe|<br>+<br>modna czapka typu beanie z logotypem, to niedrogi i niebanalny zestaw prezentowy dla pracownika<\/p>\n<\/div><\/div>\n\n\n\n<div class=\"eb-tab-wrapper\" data-tab-id=\"3\" data-tab-parent-id=\"eb-advanced-tabs-gap1q0f\"><div class=\"eb-tab-inner\">\n<h3 class=\"wp-block-heading has-text-align-center has-upper-heading-font-size\">Koszulka bawe\u0142niana z niespieralnym nadrukiem w eko pude\u0142ku<\/h3>\n\n\n\n<p class=\"has-text-align-center\" style=\"margin-top:var(--wp--preset--spacing--30);margin-right:var(--wp--preset--spacing--30);margin-bottom:var(--wp--preset--spacing--30);margin-left:var(--wp--preset--spacing--30)\">Szyta z dzianiny o wysokiej gramaturze 180g. Wyko\u0144czona personalizowanymi metkami i z nadrukiem w trwa\u0142ej technice sitodruku.<br>+<br>Otwierane pude\u0142ko kartonowe na koszulk\u0119 z personalizowanym nadrukiem<\/p>\n<\/div><\/div>\n<\/div><\/div><\/div><\/div>\n\n\n\n<h3 class=\"wp-block-heading has-text-align-center has-upper-heading-font-size\">Zobacz nasze realizacje Welcome pack\u00f3w dla pracownik\u00f3w.<\/h3>\n\n\n\n<div class=\"wp-block-essential-blocks-image-gallery\"><div class=\"eb-parent-wrapper eb-parent-eb-image-gallery-fld9kfl \"><div class=\"eb-gallery-img-wrapper eb-image-gallery-fld9kfl grid overlay-bottom caption-style-0   no-isotope \" data-id=\"eb-image-gallery-fld9kfl\"><a href=\"https:\/\/baralto.pl\/wp-content\/uploads\/2023\/07\/skarpetki-z-wlasna-grafika-displate-5-of-10-edited.jpg\" rel=\"noopener\" data-fslightbox=\"gallery\" data-type=\"image\" class=\"eb-gallery-img-content eb-filter-img-\"><span class=\"eb-gallery-link-wrapper\"><img decoding=\"async\" class=\"eb-gallery-img\" src=\"https:\/\/baralto.pl\/wp-content\/uploads\/2023\/07\/skarpetki-z-wlasna-grafika-displate-5-of-10-edited.jpg\" image-index=\"0\" alt=\"welcome pack dla firm skarpetki firmowe\"\/><\/span><\/a><a href=\"https:\/\/baralto.pl\/wp-content\/uploads\/2023\/06\/czapki-producent-beanie-z-haftem-5-of-5.jpg\" rel=\"noopener\" data-fslightbox=\"gallery\" data-type=\"image\" class=\"eb-gallery-img-content eb-filter-img-\"><span class=\"eb-gallery-link-wrapper\"><img decoding=\"async\" class=\"eb-gallery-img\" src=\"https:\/\/baralto.pl\/wp-content\/uploads\/2023\/06\/czapki-producent-beanie-z-haftem-5-of-5.jpg\" image-index=\"1\" alt=\"producent czapek z haftem\"\/><\/span><\/a><a href=\"https:\/\/baralto.pl\/wp-content\/uploads\/2023\/06\/skarpetki-z-wlasna-grafika-displate-2-of-10.jpg\" rel=\"noopener\" data-fslightbox=\"gallery\" data-type=\"image\" class=\"eb-gallery-img-content eb-filter-img-\"><span class=\"eb-gallery-link-wrapper\"><img decoding=\"async\" class=\"eb-gallery-img\" src=\"https:\/\/baralto.pl\/wp-content\/uploads\/2023\/06\/skarpetki-z-wlasna-grafika-displate-2-of-10.jpg\" image-index=\"2\" alt=\"\"\/><\/span><\/a><a href=\"https:\/\/baralto.pl\/wp-content\/uploads\/2023\/06\/producent-skarpetki-z-wlasnym-nadrukiem-4-of-5.jpg\" rel=\"noopener\" data-fslightbox=\"gallery\" data-type=\"image\" class=\"eb-gallery-img-content eb-filter-img-\"><span class=\"eb-gallery-link-wrapper\"><img decoding=\"async\" class=\"eb-gallery-img\" src=\"https:\/\/baralto.pl\/wp-content\/uploads\/2023\/06\/producent-skarpetki-z-wlasnym-nadrukiem-4-of-5.jpg\" image-index=\"3\" alt=\"\"\/><\/span><\/a><a href=\"https:\/\/baralto.pl\/wp-content\/uploads\/2023\/06\/sopot-3.jpg\" rel=\"noopener\" data-fslightbox=\"gallery\" data-type=\"image\" class=\"eb-gallery-img-content eb-filter-img-\"><span class=\"eb-gallery-link-wrapper\"><img decoding=\"async\" class=\"eb-gallery-img\" src=\"https:\/\/baralto.pl\/wp-content\/uploads\/2023\/06\/sopot-3.jpg\" image-index=\"4\" alt=\"Polski producent czapek zimowych z pomponem i napisami\"\/><\/span><\/a><a href=\"https:\/\/baralto.pl\/wp-content\/uploads\/2023\/07\/polski-producent-bluz-z-kapturem-wroclaw.jpg\" rel=\"noopener\" data-fslightbox=\"gallery\" data-type=\"image\" class=\"eb-gallery-img-content eb-filter-img-\"><span class=\"eb-gallery-link-wrapper\"><img decoding=\"async\" class=\"eb-gallery-img\" src=\"https:\/\/baralto.pl\/wp-content\/uploads\/2023\/07\/polski-producent-bluz-z-kapturem-wroclaw.jpg\" image-index=\"5\" alt=\"polski producent bluz z kapturem wlorclaw\"\/><\/span><\/a><\/div><\/div><\/div>\n\n\n\n<hr class=\"wp-block-separator has-alpha-channel-opacity\" style=\"margin-top:var(--wp--preset--spacing--60);margin-bottom:var(--wp--preset--spacing--60)\"\/>\n\n\n\n<h3 class=\"wp-block-heading has-ironside-grey-color has-text-color has-normal-font-size\">Czy spersonalizowana firmowa bluza to dobry pomys\u0142 na welcome pack dla pracownika?<\/h3>\n\n\n\n<p class=\"has-ironside-grey-color has-text-color has-tiny-font-size\">Wr\u0119czenie pracownikowi paczki powitalnej z bluz\u0105 mo\u017ce by\u0107 dobrym pomys\u0142em i posiada wiele potencjalnych korzy\u015bci. Oto kilka powod\u00f3w, dlaczego warto rozwa\u017cy\u0107 w\u0142\u0105czenie wysokiej jako\u015bci kangurki do zestawu powitalnego dla nowego pracownika:<br><br>Tworzenie poczucia przynale\u017cno\u015bci &#8211; Wr\u0119czenie <strong>bluzy z logo firmy<\/strong> mo\u017ce pom\u00f3c nowemu pracownikowi poczu\u0107 si\u0119 cz\u0119\u015bci\u0105 zespo\u0142u od samego pocz\u0105tku. Bluza z logo firmy mo\u017ce by\u0107 postrzegana jako symbol przynale\u017cno\u015bci do organizacji i identyfikacji z jej warto\u015bciami i kultur\u0105. Mo\u017ce to r\u00f3wnie\u017c zwi\u0119kszy\u0107 zaanga\u017cowanie pracownika i poczucie dumy z przynale\u017cno\u015bci do firmy.<br><br>Promowanie marki pracodawcy &#8211; <strong>Odzie\u017c z logo firmy<\/strong> jest przeno\u015bnym no\u015bnikiem reklamowym, takie welcome packi dla pracownik\u00f3w mog\u0105 by\u0107 noszone poza miejscem pracy, np. w czasie wolnym, podczas podr\u00f3\u017cy czy na spotkaniach towarzyskich. Jest to forma darmowej reklamy dla firmy, kt\u00f3ra mo\u017ce zwi\u0119ksza\u0107 jej widoczno\u015b\u0107 i rozpoznawalno\u015b\u0107 w\u015br\u00f3d potencjalnych klient\u00f3w, partner\u00f3w biznesowych czy innych os\u00f3b.<br><br>Kreowanie jednolitego wizerunku &#8211; <strong>Bluza z logo firmy<\/strong> mo\u017ce by\u0107 cz\u0119\u015bci\u0105 jednolitego wizerunku pracownik\u00f3w, co mo\u017ce wp\u0142yn\u0105\u0107 na profesjonalny wygl\u0105d firmy. Jednolity wygl\u0105d pracownik\u00f3w mo\u017ce r\u00f3wnie\u017c wzmacnia\u0107 wra\u017cenie sp\u00f3jno\u015bci i jedno\u015bci w firmie, co mo\u017ce by\u0107 wa\u017cne dla budowania pozytywnego wizerunku organizacji zar\u00f3wno wewn\u0105trz, jak i na zewn\u0105trz.<br>Praktyczne zastosowanie &#8211; Bluza jako element zestawu powitalnego mo\u017ce by\u0107 r\u00f3wnie\u017c praktycznym prezentem dla nowego pracownika. W zale\u017cno\u015bci od sezonu, klimatu i charakteru pracy, bluza mo\u017ce by\u0107 przydatna jako element odzie\u017cy ochronnej, na przyk\u0142ad podczas pracy na zewn\u0105trz lub w ch\u0142odniejszych warunkach.<br><br>Pozytywne przes\u0142anie &#8211; Wr\u0119czenie bluzy w ramach prezentu dla nowego pracownika mo\u017ce by\u0107 postrzegane jako gest dobroci i troski o pracownika ze strony pracodawcy. Mo\u017ce to przekaza\u0107 pozytywne przes\u0142anie, \u017ce firma dba o swoich pracownik\u00f3w i jest gotowa do inwestowania w ich komfort i satysfakcj\u0119 w miejscu pracy.<\/p>\n\n\n\n<h4 class=\"wp-block-heading has-ironside-grey-color has-text-color has-link-color has-normal-font-size wp-elements-e5ac0073f86151e02557968f02c53324\">Co to jest welcome pack i sk\u0105d wia\u0142a si\u0119 ta nazwa?<\/h4>\n\n\n\n<p class=\"has-ironside-grey-color has-text-color has-link-color has-tiny-font-size wp-elements-44d86623cdd7060d758daf252896a0cb\">&#8222;<a href=\"https:\/\/www.linguee.pl\/angielski-polski\/t%C5%82umaczenie\/welcome+package.html\" target=\"_blank\" rel=\"noopener\">Welcome pack<\/a>&#8221; to zestaw powitalny, kt\u00f3ry firmy oferuj\u0105 nowym pracownikom, klientom lub partnerom biznesowym. Zwrot ten pojawi\u0142 si\u0119 jako spos\u00f3b na serdeczne powitanie i integracj\u0119 os\u00f3b nowo do\u0142\u0105czaj\u0105cych do organizacji. Zazwyczaj zawiera on r\u00f3\u017cnorodne materia\u0142y informacyjne, gad\u017cety firmowe oraz drobne prezenty. Firmy wykorzystuj\u0105 &#8222;welcome pack&#8221; jako narz\u0119dzie do budowania pozytywnego wizerunku marki, integracji z nowymi cz\u0142onkami zespo\u0142u oraz zwi\u0119kszenia zaanga\u017cowania i lojalno\u015bci. Ten gest powitalny ma na celu sprawi\u0107, \u017ce nowi pracownicy lub klienci poczuj\u0105 si\u0119 mile widziani i docenieni od pierwszego kontaktu z firm\u0105.<\/p>\n","protected":false},"excerpt":{"rendered":"<p>Zestaw powitalny dla nowego pracownika Specjalizujemy si\u0119 w projektowaniu i produkcji indywidualnych zestaw\u00f3w w sk\u0142ad kt\u00f3rych wchodz\u0105 szyte na zam\u00f3wienie produkty odzie\u017cowe, np. wysokogatunkowe bluzy i koszulki Polskiej produkcji, weso\u0142e, kolorowe czapki i skarpetki z grafik\u0105 czy klasyczne gad\u017cety reklamowe. Mo\u017cemy wykona\u0107 welcome pack dla pracownika otwierane opakowania kartonowe z w\u0142asnym nadrukiem. Je\u015bli zale\u017cy Ci [&hellip;]<\/p>\n","protected":false},"author":1,"featured_media":0,"parent":0,"menu_order":0,"comment_status":"closed","ping_status":"closed","template":"","meta":{"_eb_attr":"","two_page_speed":[],"footnotes":""},"class_list":["post-383","page","type-page","status-publish","hentry"],"_links":{"self":[{"href":"https:\/\/baralto.pl\/index.php\/wp-json\/wp\/v2\/pages\/383","targetHints":{"allow":["GET"]}}],"collection":[{"href":"https:\/\/baralto.pl\/index.php\/wp-json\/wp\/v2\/pages"}],"about":[{"href":"https:\/\/baralto.pl\/index.php\/wp-json\/wp\/v2\/types\/page"}],"author":[{"embeddable":true,"href":"https:\/\/baralto.pl\/index.php\/wp-json\/wp\/v2\/users\/1"}],"replies":[{"embeddable":true,"href":"https:\/\/baralto.pl\/index.php\/wp-json\/wp\/v2\/comments?post=383"}],"version-history":[{"count":23,"href":"https:\/\/baralto.pl\/index.php\/wp-json\/wp\/v2\/pages\/383\/revisions"}],"predecessor-version":[{"id":1526,"href":"https:\/\/baralto.pl\/index.php\/wp-json\/wp\/v2\/pages\/383\/revisions\/1526"}],"wp:attachment":[{"href":"https:\/\/baralto.pl\/index.php\/wp-json\/wp\/v2\/media?parent=383"}],"curies":[{"name":"wp","href":"https:\/\/api.w.org\/{rel}","templated":true}]}}