{"id":409,"date":"2023-04-06T23:05:32","date_gmt":"2023-04-06T23:05:32","guid":{"rendered":"http:\/\/baralto.pl\/?page_id=409"},"modified":"2025-01-21T16:35:20","modified_gmt":"2025-01-21T16:35:20","slug":"dla-firm-szycie-odziezy","status":"publish","type":"page","link":"https:\/\/baralto.pl\/index.php\/dla-firm-szycie-odziezy\/","title":{"rendered":"Szycie odzie\u017cy na zam\u00f3wienie &#8211; dla pracownik\u00f3w. Koszulki i bluzy firmowe."},"content":{"rendered":"\n<p>Zam\u00f3wienie odzie\u017cy firmowej, uszytej od podstaw daje wi\u0119ksze mo\u017cliwo\u015bci ni\u017c znakowanie gotowych produkt\u00f3w reklamowych typu JHK czy Guildan. Poni\u017cej przedstawiamy kilka najwa\u017cniejszych zalet takiego rozwi\u0105zania. <br><br><strong>Unikalny design i branding<\/strong> &#8211; Szycie odzie\u017cy firmowej pozwala na stworzenie unikalnego designu, kt\u00f3ry idealnie pasuje do wizerunku firmy, jej kolor\u00f3w, logo i warto\u015bci. Mo\u017cliwo\u015b\u0107 spersonalizowania wzoru, kroju, koloru, a tak\u017ce dodania w\u0142asnych etykiet i metek pozwala na pe\u0142n\u0105 kontrol\u0119 nad wygl\u0105dem odzie\u017cy. Odzie\u017c reklamowa cz\u0119sto nie posiada szw\u00f3w bocznych co uniemo\u017cliwia wszycie w to miejsce metki oraz mo\u017ce negatywnie wp\u0142ywa\u0107 na &#8222;skr\u0119canie si\u0119&#8221; koszulki po praniu.<br><br><strong>Wy\u017csza jako\u015b\u0107 i trwa\u0142o\u015b\u0107<\/strong> &#8211; Szycie od podstaw pozwala na wyb\u00f3r wysokiej jako\u015bci materia\u0142\u00f3w w r\u00f3\u017cnych gramaturach, rodzaju wyko\u0144cze\u0144 takich jak ta\u015bmy potnikowe, dodatkowe przeszycia czy hafty umieszczone w niestandardowych miejscach. W przeciwie\u0144stwie do gotowej odzie\u017cy reklamowej, kt\u00f3ra cz\u0119sto jest masowo produkowana i mo\u017ce by\u0107 wykonana z ta\u0144szych materia\u0142\u00f3w, odzie\u017c firmowa uszyta na zam\u00f3wienie jest trwalsza i pozostanie z Twoimi pracownikami na d\u0142u\u017cej.<br><br><strong>Wi\u0119ksza kontrola nad procesem produkcji<\/strong> &#8211; Odzie\u017c firmowa uszyta na zam\u00f3wienie pozwala na wi\u0119ksz\u0105 elastyczno\u015b\u0107 podczas projektowania i produkcji. Mo\u017cna \u0142atwo dostosowa\u0107 ilo\u015b\u0107, wz\u00f3r, kolor i inne szczeg\u00f3\u0142y zam\u00f3wienia w miar\u0119 jak firma rozwija si\u0119 lub zmienia strategi\u0119 marketingow\u0105. Ponadto, zamawiaj\u0105c odzie\u017c firmow\u0105, firma ma pe\u0142n\u0105 kontrol\u0119 nad procesem produkcji, czasem realizacji zam\u00f3wienia i jako\u015bci\u0105 finalnego produktu.<\/p>\n","protected":false},"excerpt":{"rendered":"<p>Zam\u00f3wienie odzie\u017cy firmowej, uszytej od podstaw daje wi\u0119ksze mo\u017cliwo\u015bci ni\u017c znakowanie gotowych produkt\u00f3w reklamowych typu JHK czy Guildan. Poni\u017cej przedstawiamy kilka najwa\u017cniejszych zalet takiego rozwi\u0105zania. Unikalny design i branding &#8211; Szycie odzie\u017cy firmowej pozwala na stworzenie unikalnego designu, kt\u00f3ry idealnie pasuje do wizerunku firmy, jej kolor\u00f3w, logo i warto\u015bci. Mo\u017cliwo\u015b\u0107 spersonalizowania wzoru, kroju, koloru, a [&hellip;]<\/p>\n","protected":false},"author":1,"featured_media":0,"parent":0,"menu_order":0,"comment_status":"closed","ping_status":"closed","template":"","meta":{"_eb_attr":"","two_page_speed":[],"footnotes":""},"class_list":["post-409","page","type-page","status-publish","hentry"],"_links":{"self":[{"href":"https:\/\/baralto.pl\/index.php\/wp-json\/wp\/v2\/pages\/409","targetHints":{"allow":["GET"]}}],"collection":[{"href":"https:\/\/baralto.pl\/index.php\/wp-json\/wp\/v2\/pages"}],"about":[{"href":"https:\/\/baralto.pl\/index.php\/wp-json\/wp\/v2\/types\/page"}],"author":[{"embeddable":true,"href":"https:\/\/baralto.pl\/index.php\/wp-json\/wp\/v2\/users\/1"}],"replies":[{"embeddable":true,"href":"https:\/\/baralto.pl\/index.php\/wp-json\/wp\/v2\/comments?post=409"}],"version-history":[{"count":2,"href":"https:\/\/baralto.pl\/index.php\/wp-json\/wp\/v2\/pages\/409\/revisions"}],"predecessor-version":[{"id":1560,"href":"https:\/\/baralto.pl\/index.php\/wp-json\/wp\/v2\/pages\/409\/revisions\/1560"}],"wp:attachment":[{"href":"https:\/\/baralto.pl\/index.php\/wp-json\/wp\/v2\/media?parent=409"}],"curies":[{"name":"wp","href":"https:\/\/api.w.org\/{rel}","templated":true}]}}