{"id":412,"date":"2023-04-06T23:14:21","date_gmt":"2023-04-06T23:14:21","guid":{"rendered":"http:\/\/baralto.pl\/?page_id=412"},"modified":"2025-02-13T14:46:54","modified_gmt":"2025-02-13T14:46:54","slug":"odziez-bluzy-dla-szkol-uczelni-uniwersytetow","status":"publish","type":"page","link":"https:\/\/baralto.pl\/index.php\/odziez-bluzy-dla-szkol-uczelni-uniwersytetow\/","title":{"rendered":"Oferta dla szk\u00f3\u0142, uczelni i organizacji &#8211; odzie\u017c i akcesoria"},"content":{"rendered":"\n<h2 class=\"wp-block-heading\" style=\"margin-top:var(--wp--preset--spacing--30);margin-right:var(--wp--preset--spacing--20);margin-bottom:var(--wp--preset--spacing--30);margin-left:var(--wp--preset--spacing--20)\">Bluzy i koszulki dla szk\u00f3\u0142, uczelni i organizacji.<\/h2>\n\n\n\n<p>Zaprojektuj z nami spersonalizowane <strong>szkolne bluzy<\/strong> dresowe z kapturem, <strong>koszulki uczelniane<\/strong>, skarpetki szkolne z logo oraz inne produkty dla Waszej szko\u0142y.&nbsp;<br><\/p>\n\n\n\n<div class=\"wp-block-essential-blocks-row alignfull  root-eb-row-04b4s\"><div class=\"eb-parent-wrapper eb-parent-eb-row-04b4s \"><div class=\"eb-row-root-container eb-row-04b4s\" data-id=\"eb-row-04b4s\"><div class=\"eb-row-wrapper\"><div class=\"eb-row-inner\">\n<div class=\"wp-block-essential-blocks-column  root-eb-column-f8lj5\"><div class=\"eb-parent-wrapper eb-parent-eb-column-f8lj5 \"><div class=\"eb-column-wrapper eb-column-f8lj5\"><div class=\"eb-column-inner\">\n<h4 class=\"wp-block-heading has-text-align-center has-border-color-next-color has-text-color has-link-color wp-elements-bfb3a3e54dae5db9a76b4824c67de5a1\">WSPARCIE PRZY PROJEKCIE<\/h4>\n\n\n\n<p class=\"has-text-align-center\">Przygotujemy wizualizacj\u0119 Waszego pomys\u0142u i doradzimy w kwestii materia\u0142\u00f3w, zdobie\u0144&nbsp; i dodatk\u00f3w. Pomo\u017cemy wybra\u0107 rozwi\u0105zania kt\u00f3re s\u0105 efektowne i zmieszcz\u0105 si\u0119 w bud\u017cecie.&nbsp;<\/p>\n<\/div><\/div><\/div><\/div>\n\n\n\n<div class=\"wp-block-essential-blocks-column  root-eb-column-qb9ym\"><div class=\"eb-parent-wrapper eb-parent-eb-column-qb9ym \"><div class=\"eb-column-wrapper eb-column-qb9ym\"><div class=\"eb-column-inner\">\n<h4 class=\"wp-block-heading has-text-align-center has-border-color-next-color has-text-color has-link-color wp-elements-1dde9413922143c507fbbcc670ef42a7\">JAKO\u015a\u0106 POLSKICH MATERIA\u0141\u00d3W<\/h4>\n\n\n\n<p class=\"has-text-align-center\">Szyjemy z materia\u0142\u00f3w produkowanych w Polskich dziewiarniach. Niekurczliwe dzianiny dresowe o wysokiej zawarto\u015bci bawe\u0142ny. Ca\u0142o\u015b\u0107 produkcji odbywa si\u0119 lokalnie, od metki po nadruk.<\/p>\n<\/div><\/div><\/div><\/div>\n\n\n\n<div class=\"wp-block-essential-blocks-column  root-eb-column-wh9ar\"><div class=\"eb-parent-wrapper eb-parent-eb-column-wh9ar \"><div class=\"eb-column-wrapper eb-column-wh9ar\"><div class=\"eb-column-inner\">\n<h4 class=\"wp-block-heading has-text-align-center has-border-color-next-color has-text-color has-link-color wp-elements-6df443e5a65289ae6ead95743e2cb8d3\">PE\u0141NA PERSONALIZACJA<\/h4>\n\n\n\n<p class=\"has-text-align-center\">Niech Wasza odzie\u017c b\u0119dzie wyj\u0105tkowa dzi\u0119ki indywidualnym detalom. Dedykowane metki z specjalnym wzorem, drukowana tasiemka w karku a mo\u017ce dyskretny haft lub wielokolorowy sznurek?&nbsp;<br><\/p>\n<\/div><\/div><\/div><\/div>\n<\/div><\/div><\/div><\/div><\/div>\n\n\n\n<p>Stw\u00f3rz z nami doskona\u0142\u0105 pami\u0105tk\u0119 kt\u00f3ra zostanie z Tob\u0105 na lata! Pierwsze przyja\u017anie, mi\u0142o\u015bci, kroki w stron\u0119 doros\u0142o\u015bci, odwa\u017cne plany, podr\u00f3\u017ce i wielkie marzenia &#8211; to wszystko towarzyszy nam w czasie opuszczania mur\u00f3w szko\u0142y uczelni. Jednak opr\u00f3cz wspomnie\u0144 warto te\u017c mie\u0107 co\u015b namacalnego co\u015b, co przypomni nam o tych wyj\u0105tkowych chwilach przez d\u0142ugi czas. Dlaczego wi\u0119c nie zainwestowa\u0107 w pami\u0105tk\u0119, kt\u00f3ra nie tylko b\u0119dzie praktyczna, ale i modna? Chodzi oczywi\u015bcie o szkolne lub uczelniane bluzy, kt\u00f3re zdoby\u0142y serca Amerykan\u00f3w na college&#8217;ach, a teraz sta\u0142y si\u0119 prawdziwym hitem w\u015br\u00f3d uczni\u00f3w i student\u00f3w nie tylko w Polsce, ale i w ca\u0142ej Europie.<\/p>\n\n\n\n<p><\/p>\n\n\n\n<h2 class=\"wp-block-heading\" style=\"margin-top:var(--wp--preset--spacing--30);margin-right:var(--wp--preset--spacing--20);margin-bottom:var(--wp--preset--spacing--30);margin-left:var(--wp--preset--spacing--20)\">Producent odzie\u017cy uczelnianej <br>&#8211; bluzy dla uniwersytet\u00f3w i organizacji<\/h2>\n\n\n\n<p class=\"has-text-align-center\">Przeprowadzimy Was przez ca\u0142y proces, pocz\u0105wszy od przygotowania i om\u00f3wienia projektu przez przygotowanie rozpiski rozmiarowej, wykonanie wizualizacji, produkcj\u0119 i dostaw\u0119.<br><\/p>\n\n\n\n<p class=\"has-text-align-center\"><strong>1<\/strong><br>Na pocz\u0105tku zbierzemy od was informacje i przygotujemy wizualizacj\u0119 wraz z sugestiami rozwi\u0105za\u0144. Je\u015bli wz\u00f3r wymaga obr\u00f3bki lub poprawek, nasz dzia\u0142 graficzny pomo\u017ce w przystosowaniu go do druku.<br><\/p>\n\n\n\n<p class=\"has-text-align-center\"><strong>2<\/strong><br>Doradzimy w kwestii haft\u00f3w lub innych element\u00f3w kt\u00f3re maj\u0105 ozdobi\u0107 bluzy lub koszulki. <br><strong>Wycen\u0119 przegotujemy w przeci\u0105gu 1-2 dni.<\/strong><br><\/p>\n\n\n\n<p class=\"has-text-align-center\"><strong>3<\/strong><br>Po ustaleniu rozmiar\u00f3wki (podzia\u0142 zam\u00f3wienia na konkretne rozmiary i ilo\u015bci) przyst\u0119pujemy do realizacji. B\u0119dziemy informowa\u0107 o etapach produkcji a je\u015bli b\u0119dzie to wymagane, akceptowa\u0107 elementy takie jak umiejscowienie i kolor nadruku \/ zdobienia na etapie druku.<\/p>\n\n\n\n<div class=\"wp-block-buttons is-horizontal is-content-justification-center is-layout-flex wp-container-core-buttons-is-layout-dcbe208f wp-block-buttons-is-layout-flex\" style=\"margin-top:var(--wp--preset--spacing--50);margin-bottom:var(--wp--preset--spacing--50)\">\n<div class=\"wp-block-button has-custom-width wp-block-button__width-50 is-style-fill\"><a class=\"wp-block-button__link wp-element-button\" href=\"https:\/\/baralto.pl\/index.php\/kontakt\/\" style=\"border-radius:50px;padding-top:var(--wp--preset--spacing--30);padding-right:var(--wp--preset--spacing--30);padding-bottom:var(--wp--preset--spacing--30);padding-left:var(--wp--preset--spacing--30)\">BEZP\u0141ATNA WYCENA bluz<\/a><\/div>\n<\/div>\n\n\n\n<h2 class=\"wp-block-heading has-text-align-center has-large-font-size\">Co jeszcze mo\u017cemy wyprodukowa\u0107?<\/h2>\n\n\n\n<div class=\"wp-block-essential-blocks-slider  root-eb-slider-80ua0\"><div class=\"eb-parent-wrapper eb-parent-eb-slider-80ua0 eb_animation eb___animated eb___fadeIn\"><div class=\"eb-slider-wrapper eb-slider-80ua0\" data-blockid=\"eb-slider-80ua0\" data-version=\"v4\" data-settings=\"eyJhcnJvd3MiOnRydWUsImFkYXB0aXZlSGVpZ2h0Ijp0cnVlLCJhdXRvcGxheSI6dHJ1ZSwiYXV0b3BsYXlTcGVlZCI6MjUwMCwiZG90cyI6dHJ1ZSwiZmFkZSI6ZmFsc2UsImluZmluaXRlIjp0cnVlLCJwYXVzZU9uSG92ZXIiOnRydWUsInNsaWRlc1RvU2hvdyI6NSwic3BlZWQiOjUwMCwidmVydGljYWwiOmZhbHNlLCJjdXJyZW50U2xpZGUiOjAsInJ0bCI6ZmFsc2UsInJlc3BvbnNpdmUiOlt7ImJyZWFrcG9pbnQiOjEwMjUsInNldHRpbmdzIjp7InNsaWRlc1RvU2hvdyI6NH19LHsiYnJlYWtwb2ludCI6NzY3LCJzZXR0aW5ncyI6eyJzbGlkZXNUb1Nob3ciOjJ9fV19\" data-arrownexticon=\"fas fa-chevron-right\" data-arrowprevicon=\"fas fa-chevron-left\" data-lightbox=\"false\"><div class=\"eb-slider-init eb-slider-type-image\"><div class=\"eb-slider-item content-1\" data-src=\"https:\/\/baralto.pl\/wp-content\/uploads\/2023\/05\/skarpetki-z-wlasna-grafika-producent2.jpg\"><div><img class=\"eb-slider-image\" data-lazy=\"https:\/\/baralto.pl\/wp-content\/uploads\/2023\/05\/skarpetki-z-wlasna-grafika-producent2.jpg\"\/><\/div><\/div><div class=\"eb-slider-item content-1\" data-src=\"https:\/\/baralto.pl\/wp-content\/uploads\/2023\/05\/produkcja-koszulek-szwalnia2.jpg\"><div><img class=\"eb-slider-image\" data-lazy=\"https:\/\/baralto.pl\/wp-content\/uploads\/2023\/05\/produkcja-koszulek-szwalnia2.jpg\"\/><\/div><\/div><div class=\"eb-slider-item content-1\" data-src=\"https:\/\/baralto.pl\/wp-content\/uploads\/2023\/05\/producent-czapek-z-pomponem-wlasna-grafika2.jpg\"><div><img class=\"eb-slider-image\" data-lazy=\"https:\/\/baralto.pl\/wp-content\/uploads\/2023\/05\/producent-czapek-z-pomponem-wlasna-grafika2.jpg\"\/><\/div><\/div><div class=\"eb-slider-item content-1\" data-src=\"https:\/\/baralto.pl\/wp-content\/uploads\/2023\/05\/producent-nerek-saszetek-polska-szwalnia2.jpg\"><div><img class=\"eb-slider-image\" data-lazy=\"https:\/\/baralto.pl\/wp-content\/uploads\/2023\/05\/producent-nerek-saszetek-polska-szwalnia2.jpg\"\/><\/div><\/div><div class=\"eb-slider-item content-1\" data-src=\"https:\/\/baralto.pl\/wp-content\/uploads\/2023\/05\/producent-bluz-polska-szwalnia2.jpg\"><div><img class=\"eb-slider-image\" data-lazy=\"https:\/\/baralto.pl\/wp-content\/uploads\/2023\/05\/producent-bluz-polska-szwalnia2.jpg\"\/><\/div><\/div><\/div><\/div><\/div><\/div>\n\n\n\n<hr class=\"wp-block-separator has-alpha-channel-opacity\" style=\"margin-top:var(--wp--preset--spacing--70);margin-bottom:var(--wp--preset--spacing--70)\"\/>\n\n\n\n<h2 class=\"wp-block-heading has-ironside-grey-color has-text-color has-link-color has-content-heading-font-size wp-elements-e3773c9bfbda91037b9e2d4262b0808e\" style=\"margin-top:var(--wp--preset--spacing--30);margin-right:var(--wp--preset--spacing--20);margin-bottom:var(--wp--preset--spacing--30);margin-left:var(--wp--preset--spacing--20)\">Czy warto postawi\u0107 na pami\u0105tk\u0119 w formie uczelnianej bluzy z herbem szko\u0142y?<\/h2>\n\n\n\n<p>Bluzy z emblematem szko\u0142y czy uczelni zawojowa\u0142y sale lekcyjne i aule na uniwersytetach, staj\u0105c si\u0119 zarazem wyj\u0105tkow\u0105 pami\u0105tk\u0105, modnym ubraniem oraz sposobem na wyra\u017cenie swojej to\u017csamo\u015bci. Po zako\u0144czeniu nauki, obdarowani sukcesem oraz pe\u0142ni\u0105 wspomnie\u0144, trudno si\u0119 rozsta\u0107 z t\u0105 paczk\u0105. Ubrania ozdobione nadrukiem lub haftem z logo Twojej szko\u0142y czy uczelni pomog\u0105 Ci szybko powr\u00f3ci\u0107 do tych chwil. Wyobra\u017a sobie, jak za kilka lat spotkacie si\u0119 ponownie \u2013 reunion w tych samych bluzach brzmi fantastycznie, prawda? Czy potrzebujesz jeszcze innych powod\u00f3w, aby zdecydowa\u0107 si\u0119 na tak\u0105 w\u0142a\u015bnie pami\u0105tk\u0119?<\/p>\n\n\n\n<h2 class=\"wp-block-heading has-ironside-grey-color has-text-color has-link-color has-content-heading-font-size wp-elements-d28ef7d5830c97527107809d2e48e079\" style=\"margin-top:var(--wp--preset--spacing--30);margin-right:var(--wp--preset--spacing--20);margin-bottom:var(--wp--preset--spacing--30);margin-left:var(--wp--preset--spacing--20)\">Bluzy szkolne na zam\u00f3wienie<\/h2>\n\n\n\n<p>Bluzy szyte wed\u0142ug projektu produkujemy ju\u017c od ok 130 sztuk z modelu. Czyli bluzy w jednym kolorze, podzielone na poszczeg\u00f3lne rozmiary. Stosujemy do znakowania trwa\u0142e techniki sitodruku w po\u0142\u0105czeniu z niespieralnymi farbami plastizolowymi. Bluzy i koszulki dla szk\u00f3\u0142 s\u0105 szyte z wykorzystaniem dzianin z certyfikatem <a href=\"https:\/\/pl.wikipedia.org\/wiki\/Oeko-tex\" target=\"_blank\" rel=\"noopener\">OEKO-tex<\/a> produkowanych w Polskich dziewiarniach. Odzie\u017c mo\u017cemy znakowa\u0107 r\u00f3wnie\u017c za pomoc\u0105 innych technik takich jak: termotransfer, folie odblaskowe, druk cyfrowy DTF, haft komputerowy, drukowane sublimacyjnie ta\u015bmy czy tkane naszywki. <\/p>\n\n\n\n<h3 class=\"wp-block-heading has-ironside-grey-color has-text-color has-link-color has-content-heading-font-size wp-elements-bed2f65c1ca1824cc1ecbc5e292caff0\" style=\"margin-top:var(--wp--preset--spacing--30);margin-right:var(--wp--preset--spacing--20);margin-bottom:var(--wp--preset--spacing--30);margin-left:var(--wp--preset--spacing--20)\">Gad\u017cety dla szko\u0142y i uczelni z logo<\/h3>\n\n\n\n<p>Nie tylko bluzy z nadrukiem logo uczelni lub wydzia\u0142u mog\u0105 stanowi\u0107 wyj\u0105tkowy gad\u017cet. W tej roli sprawdz\u0105 si\u0119 nie tylko ubrania ale r\u00f3wnie\u017c akcesoria takie jak skarpetki z logo szko\u0142y, worko-plecaki z zadrukowan\u0105 kieszeni\u0105 czy czapki szkolne z drukowanym lub wyszywanym herbem.&nbsp;Szczeg\u00f3lnym powodzeniem ciesz\u0105 si\u0119 <strong><a href=\"https:\/\/baralto.pl\/index.php\/producent-skarpet-z-wlasna-grafika-dla-firm\/\">kolorowe skarpetki z w\u0142asn\u0105 grafik\u0105<\/a><\/strong>, kt\u00f3re mo\u017cna dodatkowo zapakowa\u0107, w eleganckie i ekologiczne pude\u0142ka fasonowe z nadrukiem. <\/p>\n\n\n<div class=\"root-eb-post-carousel-aarwc wp-block-essential-blocks-post-carousel\">\n    <div class=\"eb-parent-wrapper eb-parent-eb-post-carousel-aarwc \">\n        <div class=\"eb-post-carousel-aarwc style-1 slick-arrows equal-height dot-style-1 eb-post-carousel-wrapper\"\n            data-id=\"eb-post-carousel-aarwc\"\n            data-querydata=\"a:15:{s:6:&quot;source&quot;;s:4:&quot;page&quot;;s:11:&quot;sourceIndex&quot;;i:1;s:9:&quot;rest_base&quot;;s:5:&quot;pages&quot;;s:14:&quot;rest_namespace&quot;;s:5:&quot;wp\/v2&quot;;s:6:&quot;author&quot;;s:0:&quot;&quot;;s:10:&quot;taxonomies&quot;;a:0:{}s:8:&quot;per_page&quot;;s:1:&quot;0&quot;;s:6:&quot;offset&quot;;s:0:&quot;&quot;;s:7:&quot;orderby&quot;;s:4:&quot;date&quot;;s:5:&quot;order&quot;;s:4:&quot;desc&quot;;s:7:&quot;include&quot;;s:396:&quot;[{&quot;value&quot;:1514,&quot;label&quot;:&quot;Producent nerek na zam\u00f3wienie \u2013 polska jako\u015b\u0107 i personalizacja&quot;},{&quot;value&quot;:1485,&quot;label&quot;:&quot;Producent plecak\u00f3w z w\u0142asn\u0105 grafik\u0105 &#8211; Szwalnia&quot;},{&quot;value&quot;:369,&quot;label&quot;:&quot;Polski producent czapek zimowych z logo lub w\u0142asn\u0105 grafik\u0105.&quot;},{&quot;value&quot;:1235,&quot;label&quot;:&quot;Szwalnia koszulek bawe\u0142nianych&quot;},{&quot;value&quot;:770,&quot;label&quot;:&quot;Producent skarpet z w\u0142asnym wzorem &#8211; Baralto&quot;}]&quot;;s:7:&quot;exclude&quot;;s:2:&quot;[]&quot;;s:15:&quot;exclude_current&quot;;b:0;s:19:&quot;ignore_sticky_posts&quot;;b:0;s:26:&quot;exclude_password_protected&quot;;b:0;}\"\n            data-slidersettings=\"{&quot;arrows&quot;:true,&quot;dots&quot;:true,&quot;autoplaySpeed&quot;:4000,&quot;speed&quot;:200,&quot;adaptiveHeight&quot;:true,&quot;autoplay&quot;:true,&quot;infinite&quot;:true,&quot;pauseOnHover&quot;:true,&quot;slideToShowRange&quot;:2,&quot;leftArrowIcon&quot;:&quot;fas fa-chevron-left&quot;,&quot;rightArrowIcon&quot;:&quot;fas fa-chevron-right&quot;,&quot;addIcon&quot;:false,&quot;showFallbackImg&quot;:true,&quot;fallbackImgUrl&quot;:&quot;https:\\\/\\\/baralto.pl\\\/wp-content\\\/uploads\\\/2025\\\/01\\\/szwalnia-odziezy-favicon.jpg&quot;,&quot;isRTLEnable&quot;:false,&quot;TABslideToShowRange&quot;:2,&quot;MOBslideToShowRange&quot;:5}\"\n            data-attributes=\"{&quot;preset&quot;:&quot;style-1&quot;,&quot;showThumbnail&quot;:true,&quot;showTitle&quot;:true,&quot;titleLength&quot;:7,&quot;titleTag&quot;:&quot;h4&quot;,&quot;showContent&quot;:true,&quot;contentLength&quot;:20,&quot;expansionIndicator&quot;:&quot;&quot;,&quot;showReadMore&quot;:false,&quot;readmoreText&quot;:&quot;Read More&quot;,&quot;showMeta&quot;:false,&quot;headerMeta&quot;:&quot;[]&quot;,&quot;footerMeta&quot;:&quot;false&quot;,&quot;authorPrefix&quot;:&quot;by&quot;,&quot;datePrefix&quot;:&quot;on&quot;,&quot;showBlockContent&quot;:true,&quot;leftArrowIcon&quot;:&quot;fas fa-chevron-left&quot;,&quot;rightArrowIcon&quot;:&quot;fas fa-chevron-right&quot;,&quot;showFallbackImg&quot;:false,&quot;isRTLEnable&quot;:false}\">\n\n            <div class=\"eb-post-carousel init-eb-post-carousel-aarwc\"\n                data-id=\"eb-post-carousel-aarwc\">\n                <article class=\"ebpg-carousel-post ebpg-post-carousel-column\" data-id=\"1514\"><div class=\"ebpg-carousel-post-holder\"><div class=\"ebpg-entry-media\">\n                <div class=\"ebpg-entry-thumbnail\">\n                    <img decoding=\"async\" src=\"https:\/\/baralto.pl\/wp-content\/uploads\/2025\/01\/szwalnia-odziezy-favicon.jpg\" alt=\"Szwalnia producent odzie\u017cy dla firm - FAVICON\">\n                <\/div>\n            <\/div><div class=\"ebpg-entry-wrapper\"><header class=\"ebpg-entry-header\">\n            <h4 class=\"ebpg-entry-title\">\n                <a class=\"ebpg-carousel-post-link\" href=\"https:\/\/baralto.pl\/index.php\/producent-nerek-na-zamowienie-szwalnia\/\" title=\"producentnereknazamwieniepolskajako\">Producent nerek na zam\u00f3wienie \u2013 polska jako\u015b\u0107<\/a>\n            <\/h4>\n        <\/header><div class=\"ebpg-entry-content\"><div class=\"ebpg-carousel-post-excerpt\">\n            <p>Producent nerek saszetek \u2013 hurtowa produkcja dla firm i marek w\u0142asnych\n\n\n\nSpecjalizujemy si\u0119 w hurtowej produkcji nerek na zam\u00f3wienie. Oferujemy pe\u0142n\u0105<\/p>\n        <\/div><\/div><\/div><\/div><\/article><article class=\"ebpg-carousel-post ebpg-post-carousel-column\" data-id=\"1485\"><div class=\"ebpg-carousel-post-holder\"><div class=\"ebpg-entry-media\">\n                <div class=\"ebpg-entry-thumbnail\">\n                    <img decoding=\"async\" src=\"https:\/\/baralto.pl\/wp-content\/uploads\/2025\/01\/szwalnia-odziezy-favicon.jpg\" alt=\"Szwalnia producent odzie\u017cy dla firm - FAVICON\">\n                <\/div>\n            <\/div><div class=\"ebpg-entry-wrapper\"><header class=\"ebpg-entry-header\">\n            <h4 class=\"ebpg-entry-title\">\n                <a class=\"ebpg-carousel-post-link\" href=\"https:\/\/baralto.pl\/index.php\/polski-producent-plecakow-na-zamowienie\/\" title=\"producentplecakwzwasngrafik-szwalnia\">Producent plecak\u00f3w z w\u0142asn\u0105 grafik\u0105 &#8211; Szwalnia<\/a>\n            <\/h4>\n        <\/header><div class=\"ebpg-entry-content\"><div class=\"ebpg-carousel-post-excerpt\">\n            <p>Producent plecak\u00f3w i toreb z w\u0142asn\u0105 grafik\u0105.\n\n\n\nPlecaki z w\u0142asnym nadrukiem to doskona\u0142e rozwi\u0105zanie dla firm, szk\u00f3\u0142, czy organizacji, kt\u00f3re chc\u0105<\/p>\n        <\/div><\/div><\/div><\/div><\/article><article class=\"ebpg-carousel-post ebpg-post-carousel-column\" data-id=\"1235\"><div class=\"ebpg-carousel-post-holder\"><div class=\"ebpg-entry-media\">\n                <div class=\"ebpg-entry-thumbnail\">\n                    <img decoding=\"async\" src=\"https:\/\/baralto.pl\/wp-content\/uploads\/2025\/01\/szwalnia-odziezy-favicon.jpg\" alt=\"Szwalnia producent odzie\u017cy dla firm - FAVICON\">\n                <\/div>\n            <\/div><div class=\"ebpg-entry-wrapper\"><header class=\"ebpg-entry-header\">\n            <h4 class=\"ebpg-entry-title\">\n                <a class=\"ebpg-carousel-post-link\" href=\"https:\/\/baralto.pl\/index.php\/szwalnia-koszulek-bawelnianych\/\" title=\"szwalniakoszulekbawenianych\">Szwalnia koszulek bawe\u0142nianych<\/a>\n            <\/h4>\n        <\/header><div class=\"ebpg-entry-content\"><div class=\"ebpg-carousel-post-excerpt\">\n            <p>Polski producent koszulek wysokiej jako\u015bci\n\n\n\nJe\u015bli potrzebujesz wysokiej jako\u015bci odzie\u017cy, szwalnia koszulek to najlepszy wyb\u00f3r. Szyjemy koszulki na zam\u00f3wienie z mi\u0119sistej,<\/p>\n        <\/div><\/div><\/div><\/div><\/article><article class=\"ebpg-carousel-post ebpg-post-carousel-column\" data-id=\"770\"><div class=\"ebpg-carousel-post-holder\"><div class=\"ebpg-entry-media\">\n                <div class=\"ebpg-entry-thumbnail\">\n                    <img decoding=\"async\" src=\"https:\/\/baralto.pl\/wp-content\/uploads\/2025\/01\/szwalnia-odziezy-favicon.jpg\" alt=\"Szwalnia producent odzie\u017cy dla firm - FAVICON\">\n                <\/div>\n            <\/div><div class=\"ebpg-entry-wrapper\"><header class=\"ebpg-entry-header\">\n            <h4 class=\"ebpg-entry-title\">\n                <a class=\"ebpg-carousel-post-link\" href=\"https:\/\/baralto.pl\/index.php\/producent-skarpet-z-wlasna-grafika-dla-firm\/\" title=\"producentskarpetzwasnymwzorem-baralto\">Producent skarpet z w\u0142asnym wzorem &#8211; Baralto<\/a>\n            <\/h4>\n        <\/header><div class=\"ebpg-entry-content\"><div class=\"ebpg-carousel-post-excerpt\">\n            <p>Polski producent skarpet na zam\u00f3wienie\n\n\n\nSkarpetki z w\u0142asnym wzorem \u015bwietnie sprawdz\u0105 si\u0119 jako niestandardowy prezent dla Twoich pracownik\u00f3w lub dla Twojego<\/p>\n        <\/div><\/div><\/div><\/div><\/article><article class=\"ebpg-carousel-post ebpg-post-carousel-column\" data-id=\"369\"><div class=\"ebpg-carousel-post-holder\"><div class=\"ebpg-entry-media\">\n                <div class=\"ebpg-entry-thumbnail\">\n                    <img decoding=\"async\" src=\"https:\/\/baralto.pl\/wp-content\/uploads\/2025\/01\/szwalnia-odziezy-favicon.jpg\" alt=\"Szwalnia producent odzie\u017cy dla firm - FAVICON\">\n                <\/div>\n            <\/div><div class=\"ebpg-entry-wrapper\"><header class=\"ebpg-entry-header\">\n            <h4 class=\"ebpg-entry-title\">\n                <a class=\"ebpg-carousel-post-link\" href=\"https:\/\/baralto.pl\/index.php\/producent-czapek-dla-firm-z-logo-szwalnia\/\" title=\"polskiproducentczapekzimowychzlogolub\">Polski producent czapek zimowych z logo lub<\/a>\n            <\/h4>\n        <\/header><div class=\"ebpg-entry-content\"><div class=\"ebpg-carousel-post-excerpt\">\n            <p>Szwalnia czapek zimowych z w\u0142asn\u0105 grafik\u0105.\n\n\n\nProducent czapek, modele zimowe i letnie z logo. Realizujemy spersonalizowane zam\u00f3wienia dla firm, szk\u00f3\u0142, instytucji<\/p>\n        <\/div><\/div><\/div><\/div><\/article>            <\/div>\n        <\/div>\n    <\/div>\n<\/div>\n\n\n<p><\/p>\n","protected":false},"excerpt":{"rendered":"<p>Bluzy i koszulki dla szk\u00f3\u0142, uczelni i organizacji. Zaprojektuj z nami spersonalizowane szkolne bluzy dresowe z kapturem, koszulki uczelniane, skarpetki szkolne z logo oraz inne produkty dla Waszej szko\u0142y.&nbsp; Stw\u00f3rz z nami doskona\u0142\u0105 pami\u0105tk\u0119 kt\u00f3ra zostanie z Tob\u0105 na lata! Pierwsze przyja\u017anie, mi\u0142o\u015bci, kroki w stron\u0119 doros\u0142o\u015bci, odwa\u017cne plany, podr\u00f3\u017ce i wielkie marzenia &#8211; to [&hellip;]<\/p>\n","protected":false},"author":1,"featured_media":0,"parent":0,"menu_order":0,"comment_status":"closed","ping_status":"closed","template":"","meta":{"_eb_attr":"","two_page_speed":[],"footnotes":""},"class_list":["post-412","page","type-page","status-publish","hentry"],"_links":{"self":[{"href":"https:\/\/baralto.pl\/index.php\/wp-json\/wp\/v2\/pages\/412","targetHints":{"allow":["GET"]}}],"collection":[{"href":"https:\/\/baralto.pl\/index.php\/wp-json\/wp\/v2\/pages"}],"about":[{"href":"https:\/\/baralto.pl\/index.php\/wp-json\/wp\/v2\/types\/page"}],"author":[{"embeddable":true,"href":"https:\/\/baralto.pl\/index.php\/wp-json\/wp\/v2\/users\/1"}],"replies":[{"embeddable":true,"href":"https:\/\/baralto.pl\/index.php\/wp-json\/wp\/v2\/comments?post=412"}],"version-history":[{"count":26,"href":"https:\/\/baralto.pl\/index.php\/wp-json\/wp\/v2\/pages\/412\/revisions"}],"predecessor-version":[{"id":1822,"href":"https:\/\/baralto.pl\/index.php\/wp-json\/wp\/v2\/pages\/412\/revisions\/1822"}],"wp:attachment":[{"href":"https:\/\/baralto.pl\/index.php\/wp-json\/wp\/v2\/media?parent=412"}],"curies":[{"name":"wp","href":"https:\/\/api.w.org\/{rel}","templated":true}]}}