{"id":770,"date":"2023-05-23T16:00:31","date_gmt":"2023-05-23T16:00:31","guid":{"rendered":"https:\/\/baralto.pl\/?page_id=770"},"modified":"2025-02-24T12:52:29","modified_gmt":"2025-02-24T12:52:29","slug":"producent-skarpet-z-wlasna-grafika-dla-firm","status":"publish","type":"page","link":"https:\/\/baralto.pl\/index.php\/producent-skarpet-z-wlasna-grafika-dla-firm\/","title":{"rendered":"Producent skarpet z w\u0142asnym wzorem &#8211; Baralto"},"content":{"rendered":"\n<div class=\"wp-block-group is-layout-constrained wp-block-group-is-layout-constrained\">\n<div class=\"wp-block-columns is-layout-flex wp-container-core-columns-is-layout-3fb004a6 wp-block-columns-is-layout-flex\" style=\"padding-top:0;padding-right:0;padding-bottom:0;padding-left:0\">\n<div class=\"wp-block-column is-layout-flow wp-container-core-column-is-layout-a8d3fa09 wp-block-column-is-layout-flow\" style=\"padding-top:var(--wp--preset--spacing--30);padding-right:var(--wp--preset--spacing--30);padding-bottom:var(--wp--preset--spacing--30);padding-left:var(--wp--preset--spacing--30);flex-basis:50%\">\n<figure class=\"wp-block-image aligncenter size-full has-custom-border is-resized is-style-rounded\"><img loading=\"lazy\" decoding=\"async\" width=\"960\" height=\"938\" src=\"https:\/\/baralto.pl\/wp-content\/uploads\/2023\/06\/producent-skarpetki-z-wlasnym-nadrukiem-2-of-5.jpg\" alt=\"\" class=\"wp-image-925\" style=\"border-style:none;border-width:0px;border-radius:100%\" srcset=\"https:\/\/baralto.pl\/wp-content\/uploads\/2023\/06\/producent-skarpetki-z-wlasnym-nadrukiem-2-of-5.jpg 960w, https:\/\/baralto.pl\/wp-content\/uploads\/2023\/06\/producent-skarpetki-z-wlasnym-nadrukiem-2-of-5-300x293.jpg 300w, https:\/\/baralto.pl\/wp-content\/uploads\/2023\/06\/producent-skarpetki-z-wlasnym-nadrukiem-2-of-5-768x750.jpg 768w\" sizes=\"auto, (max-width: 960px) 100vw, 960px\" \/><\/figure>\n<\/div>\n\n\n\n<div class=\"wp-block-column is-layout-flow wp-block-column-is-layout-flow\" style=\"flex-basis:50%\">\n<h2 class=\"wp-block-heading has-content-heading-font-size\" style=\"margin-top:var(--wp--preset--spacing--30);margin-bottom:var(--wp--preset--spacing--30)\">Polski producent skarpet na zam\u00f3wienie<\/h2>\n\n\n\n<p><strong>Skarpetki z w\u0142asnym wzorem<\/strong> \u015bwietnie sprawdz\u0105 si\u0119 jako niestandardowy prezent dla Twoich pracownik\u00f3w lub dla Twojego sklepu. Proponujemy sprawdzone modele:<\/p>\n\n\n\n<ul class=\"wp-block-list\">\n<li>Kolorowe skarpetki casual z grafik\u0105<\/li>\n\n\n\n<li>Stopki<\/li>\n\n\n\n<li>Skarpetki damskie \/ m\u0119skie<\/li>\n\n\n\n<li>Skarpetki dzieci\u0119ce<\/li>\n\n\n\n<li>Sportowe z wzmocnionym spodem<\/li>\n<\/ul>\n\n\n\n<p>Dzi\u0119ki zastosowaniu wysokiej jako\u015bci prz\u0119dzy s\u0105 mi\u0119kkie i przyjemne w dotyku oraz \u015bwietnie przylegaj\u0105 do st\u00f3p. Posiadaj\u0105 delikatne i elastyczne \u015bci\u0105gacze oraz p\u0142askie, niewyczuwalne szwy na palcach.<\/p>\n<\/div>\n<\/div>\n<\/div>\n\n\n\n<div class=\"wp-block-group is-layout-constrained wp-block-group-is-layout-constrained\">\n<div class=\"wp-block-columns is-layout-flex wp-container-core-columns-is-layout-28f84493 wp-block-columns-is-layout-flex\">\n<div class=\"wp-block-column is-layout-flow wp-block-column-is-layout-flow\" style=\"flex-basis:50%\">\n<h2 class=\"wp-block-heading has-content-heading-font-size\" style=\"margin-top:var(--wp--preset--spacing--30);margin-bottom:var(--wp--preset--spacing--30)\">Skarpetki z w\u0142asnym wzorem, logo, grafik\u0105<\/h2>\n\n\n\n<p><strong>Produkcja skarpet<\/strong> damskich i m\u0119skich z w\u0142asnym wzorem daje ogromne mo\u017cliwo\u015bci projektowe! Mo\u017cesz wykorzysta\u0107 elementy identyfikacji wizualnej swojej firmy aby stworzy\u0107 unikatowy produkt, gad\u017cet kt\u00f3ry na d\u0142ugo zapadnie w pami\u0119ci.<br><br><strong>Rozmiary<\/strong>&nbsp;\u2013 od 34 do 46. R\u00f3wnie\u017c skarpetki dzieci\u0119ce<br><strong>Minimalny nak\u0142ad<\/strong>&nbsp;\u2013 200 par (podzielone na 2 lub 3 rozmiary)<br><strong>Etykiety<\/strong>&nbsp;\u2013 kartonowe z w\u0142asnym nadrukiem<br><strong>Sk\u0142ad:<\/strong>&nbsp;80% bawe\u0142na, 15% poliamid, 5% elastan<br><strong>Pude\u0142ka:<\/strong>&nbsp;mo\u017cliwo\u015b\u0107 stworzenia drukowanych opakowa\u0144 prezentowych lub wielopak\u00f3w.<\/p>\n<\/div>\n\n\n\n<div class=\"wp-block-column is-layout-flow wp-block-column-is-layout-flow\" style=\"flex-basis:50%\">\n<figure class=\"wp-block-image aligncenter size-full is-resized has-custom-border\"><img loading=\"lazy\" decoding=\"async\" width=\"640\" height=\"960\" src=\"https:\/\/baralto.pl\/wp-content\/uploads\/2023\/06\/skarpetki-z-wlasna-grafika-displate-1-of-10.jpg\" alt=\"\" class=\"wp-image-929\" style=\"border-style:none;border-width:0%;border-radius:16%;width:288px;height:auto\" srcset=\"https:\/\/baralto.pl\/wp-content\/uploads\/2023\/06\/skarpetki-z-wlasna-grafika-displate-1-of-10.jpg 640w, https:\/\/baralto.pl\/wp-content\/uploads\/2023\/06\/skarpetki-z-wlasna-grafika-displate-1-of-10-200x300.jpg 200w\" sizes=\"auto, (max-width: 640px) 100vw, 640px\" \/><\/figure>\n<\/div>\n<\/div>\n<\/div>\n\n\n\n<div class=\"wp-block-buttons is-horizontal is-content-justification-center is-layout-flex wp-container-core-buttons-is-layout-dcbe208f wp-block-buttons-is-layout-flex\" style=\"margin-top:var(--wp--preset--spacing--50);margin-bottom:var(--wp--preset--spacing--50)\">\n<div class=\"wp-block-button has-custom-width wp-block-button__width-50 is-style-fill\"><a class=\"wp-block-button__link wp-element-button\" href=\"https:\/\/baralto.pl\/index.php\/kontakt\/\" style=\"border-radius:50px;padding-top:var(--wp--preset--spacing--30);padding-right:var(--wp--preset--spacing--30);padding-bottom:var(--wp--preset--spacing--30);padding-left:var(--wp--preset--spacing--30)\">BEZP\u0141ATNA WYCENA skarpet<\/a><\/div>\n<\/div>\n\n\n\n<h3 class=\"wp-block-heading has-text-align-center has-upper-heading-font-size\"><strong>Zobacz przyk\u0142adowe realizacje skarpet<\/strong><\/h3>\n\n\n\n<div class=\"wp-block-essential-blocks-image-gallery  root-eb-image-gallery-o5lthj8\"><div class=\"eb-parent-wrapper eb-parent-eb-image-gallery-o5lthj8 \"><div class=\"eb-gallery-img-wrapper eb-image-gallery-o5lthj8 default v2 masonry null enable-isotope   overlay-bottom caption-style-0  \" data-id=\"eb-image-gallery-o5lthj8\" data-default-filter=\"*\" data-searchfilter=\"false\"><div class=\"grid-sizer\"><\/div><a href=\"https:\/\/baralto.pl\/wp-content\/uploads\/2023\/06\/producent-skarpetki-z-wlasnym-nadrukiem-3-of-5.jpg\" rel=\"noopener\" data-fslightbox=\"gallery\" data-type=\"image\" class=\"eb-gallery-img-content  eb-filter-img-\"><span class=\"eb-gallery-link-wrapper\"><img decoding=\"async\" class=\"eb-gallery-img\" src=\"https:\/\/baralto.pl\/wp-content\/uploads\/2023\/06\/producent-skarpetki-z-wlasnym-nadrukiem-3-of-5.jpg\" image-index=\"0\" alt=\"\"\/><span class=\"eb-img-gallery-content center bottom\"><\/span><\/span><\/a><a href=\"https:\/\/baralto.pl\/wp-content\/uploads\/2023\/06\/producent-skarpetki-z-wlasnym-nadrukiem-4-of-5.jpg\" rel=\"noopener\" data-fslightbox=\"gallery\" data-type=\"image\" class=\"eb-gallery-img-content  eb-filter-img-\"><span class=\"eb-gallery-link-wrapper\"><img decoding=\"async\" class=\"eb-gallery-img\" src=\"https:\/\/baralto.pl\/wp-content\/uploads\/2023\/06\/producent-skarpetki-z-wlasnym-nadrukiem-4-of-5.jpg\" image-index=\"1\" alt=\"\"\/><span class=\"eb-img-gallery-content center bottom\"><\/span><\/span><\/a><a href=\"https:\/\/baralto.pl\/wp-content\/uploads\/2023\/06\/producent-skarpetki-z-wlasnym-nadrukiem-1-of-5.jpg\" rel=\"noopener\" data-fslightbox=\"gallery\" data-type=\"image\" class=\"eb-gallery-img-content  eb-filter-img-\"><span class=\"eb-gallery-link-wrapper\"><img decoding=\"async\" class=\"eb-gallery-img\" src=\"https:\/\/baralto.pl\/wp-content\/uploads\/2023\/06\/producent-skarpetki-z-wlasnym-nadrukiem-1-of-5.jpg\" image-index=\"2\" alt=\"\"\/><span class=\"eb-img-gallery-content center bottom\"><\/span><\/span><\/a><a href=\"https:\/\/baralto.pl\/wp-content\/uploads\/2025\/02\/polski-producent-skarpet-producent-skarpetek-bawelnianych.jpg\" rel=\"noopener\" data-fslightbox=\"gallery\" data-type=\"image\" class=\"eb-gallery-img-content  eb-filter-img-\"><span class=\"eb-gallery-link-wrapper\"><img decoding=\"async\" class=\"eb-gallery-img\" src=\"https:\/\/baralto.pl\/wp-content\/uploads\/2025\/02\/polski-producent-skarpet-producent-skarpetek-bawelnianych.jpg\" image-index=\"3\" alt=\"Polski producent Skarpet - Baralto\"\/><span class=\"eb-img-gallery-content center bottom\"><\/span><\/span><\/a><a href=\"https:\/\/baralto.pl\/wp-content\/uploads\/2025\/02\/skarpety-ze-wzorem-producent-skarpet-baralto.jpg\" rel=\"noopener\" data-fslightbox=\"gallery\" data-type=\"image\" class=\"eb-gallery-img-content  eb-filter-img-\"><span class=\"eb-gallery-link-wrapper\"><img decoding=\"async\" class=\"eb-gallery-img\" src=\"https:\/\/baralto.pl\/wp-content\/uploads\/2025\/02\/skarpety-ze-wzorem-producent-skarpet-baralto.jpg\" image-index=\"4\" alt=\"Skarpety ze wzorem - Produkcja skarpet na zam\u00f3wienie\"\/><span class=\"eb-img-gallery-content center bottom\"><\/span><\/span><\/a><a href=\"https:\/\/baralto.pl\/wp-content\/uploads\/2025\/02\/skarpety-z-logo-producent.jpg\" rel=\"noopener\" data-fslightbox=\"gallery\" data-type=\"image\" class=\"eb-gallery-img-content  eb-filter-img-\"><span class=\"eb-gallery-link-wrapper\"><img decoding=\"async\" class=\"eb-gallery-img\" src=\"https:\/\/baralto.pl\/wp-content\/uploads\/2025\/02\/skarpety-z-logo-producent.jpg\" image-index=\"5\" alt=\"Skarpety z logo - Polski producent\"\/><span class=\"eb-img-gallery-content center bottom\"><\/span><\/span><\/a><a href=\"https:\/\/baralto.pl\/wp-content\/uploads\/2023\/06\/skarpetki-z-wlasna-grafika-displate-2-of-10.jpg\" rel=\"noopener\" data-fslightbox=\"gallery\" data-type=\"image\" class=\"eb-gallery-img-content  eb-filter-img-\"><span class=\"eb-gallery-link-wrapper\"><img decoding=\"async\" class=\"eb-gallery-img\" src=\"https:\/\/baralto.pl\/wp-content\/uploads\/2023\/06\/skarpetki-z-wlasna-grafika-displate-2-of-10.jpg\" image-index=\"6\" alt=\"\"\/><span class=\"eb-img-gallery-content center bottom\"><\/span><\/span><\/a><a href=\"https:\/\/baralto.pl\/wp-content\/uploads\/2023\/06\/skarpetki-z-wlasna-grafika-displate-4-of-10.jpg\" rel=\"noopener\" data-fslightbox=\"gallery\" data-type=\"image\" class=\"eb-gallery-img-content  eb-filter-img-\"><span class=\"eb-gallery-link-wrapper\"><img decoding=\"async\" class=\"eb-gallery-img\" src=\"https:\/\/baralto.pl\/wp-content\/uploads\/2023\/06\/skarpetki-z-wlasna-grafika-displate-4-of-10.jpg\" image-index=\"7\" alt=\"\"\/><span class=\"eb-img-gallery-content center bottom\"><\/span><\/span><\/a><a href=\"https:\/\/baralto.pl\/wp-content\/uploads\/2023\/06\/producent-skarpetki-z-wlasnym-nadrukiem-5-of-5.jpg\" rel=\"noopener\" data-fslightbox=\"gallery\" data-type=\"image\" class=\"eb-gallery-img-content  eb-filter-img-\"><span class=\"eb-gallery-link-wrapper\"><img decoding=\"async\" class=\"eb-gallery-img\" src=\"https:\/\/baralto.pl\/wp-content\/uploads\/2023\/06\/producent-skarpetki-z-wlasnym-nadrukiem-5-of-5.jpg\" image-index=\"8\" alt=\"\"\/><span class=\"eb-img-gallery-content center bottom\"><\/span><\/span><\/a><\/div><\/div><\/div>\n\n\n\n<h2 class=\"wp-block-heading has-content-heading-font-size\">Skarpetki reklamowe z w\u0142asnym nadrukiem<\/h2>\n\n\n\n<p style=\"margin-top:var(--wp--preset--spacing--30);margin-bottom:var(--wp--preset--spacing--30)\">Je\u015bli poszukujesz miejsca w kt\u00f3rym wykonasz <strong>personalizowane skarpetki<\/strong> dla firm to dobrze trafi\u0142e\u015b. W dzisiejszych czasach coraz popularniejsz\u0105 form\u0105 prezent\u00f3w dla nowych pracownik\u00f3w tzw. <a href=\"https:\/\/baralto.pl\/index.php\/welcome-pack-dla-pracownika-zestawy-powitalne\/\"><strong>welcome pack\u00f3w<\/strong><\/a> staj\u0105 si\u0119 skarpetki z grafik\u0105 lub logo. <strong>Skarpety z w\u0142asn\u0105 grafik\u0105<\/strong> \u015bwietnie sprawdz\u0105 si\u0119 w okresie \u015bwi\u0105tecznym lub jako pomys\u0142 na rocznice firmy. Dodatkowo mo\u017cemy wykona\u0107 etykiet\u0119 kartonow\u0105 z Twoim w\u0142asnym wzorem. To wszystko w jednym miejscu wykona <strong>szwalnia skarpet<\/strong>.<\/p>\n\n\n\n<h3 class=\"wp-block-heading has-content-heading-font-size\" style=\"margin-top:var(--wp--preset--spacing--30);margin-bottom:var(--wp--preset--spacing--30)\"><sub>Sk\u0142ad materia\u0142u:<\/sub><\/h3>\n\n\n\n<p class=\"has-extra-small-font-size\"><strong>Sk\u0142ad skarpetek:<\/strong>&nbsp;80% bawe\u0142na, 15% poliamid, 5% elastan. Stawiamy na materia\u0142y naturalne z&nbsp;Certyfikatem <a href=\"https:\/\/www.oeko-tex.com\/en\/\" target=\"_blank\" rel=\"noopener\">Oeko-TEX<\/a>.<br>Nasze skarpetki wykonane s\u0105 z wysokiej jako\u015bci bawe\u0142ny, dzi\u0119ki czemu s\u0105 mi\u0119kkie, przyjemne w dotyku i trwa\u0142e.<\/p>\n\n\n\n<div class=\"wp-block-buttons is-horizontal is-content-justification-center is-layout-flex wp-container-core-buttons-is-layout-dcbe208f wp-block-buttons-is-layout-flex\" style=\"margin-top:var(--wp--preset--spacing--50);margin-bottom:var(--wp--preset--spacing--50)\">\n<div class=\"wp-block-button has-custom-width wp-block-button__width-50 is-style-fill\"><a class=\"wp-block-button__link wp-element-button\" href=\"https:\/\/baralto.pl\/index.php\/kontakt\/\" style=\"border-radius:50px;padding-top:var(--wp--preset--spacing--30);padding-right:var(--wp--preset--spacing--30);padding-bottom:var(--wp--preset--spacing--30);padding-left:var(--wp--preset--spacing--30)\">kontakt &#8211; wycena produkcji skarpet<\/a><\/div>\n<\/div>\n\n\n\n<h2 class=\"wp-block-heading has-text-align-center has-ironside-grey-color has-text-color has-link-color has-content-heading-font-size wp-elements-b5ec1969b947cf4fc42dab6d04dff70a\" style=\"margin-top:var(--wp--preset--spacing--30);margin-bottom:var(--wp--preset--spacing--30)\">Polski producent skarpet bawe\u0142nianych na zam\u00f3wienie &#8211; Baralto<\/h2>\n\n\n\n<hr class=\"wp-block-separator has-alpha-channel-opacity\" style=\"margin-top:var(--wp--preset--spacing--60);margin-bottom:var(--wp--preset--spacing--60)\"\/>\n\n\n\n<p class=\"has-text-align-center has-text-link-color has-text-color has-link-color has-upper-heading-font-size wp-elements-5bb256058fceed67500225b5a3266c2f\" style=\"margin-top:25px;margin-bottom:25px\"><strong>FAQ<\/strong> &#8211; Najcz\u0119\u015bciej zadawane pytania:<\/p>\n\n\n\n<div class=\"wp-block-essential-blocks-accordion  root-eb-accordion-bol9s\"><div class=\"eb-parent-wrapper eb-parent-eb-accordion-bol9s eb_animation eb___animated eb___slideInDown\"><div class=\"eb-accordion-container eb-accordion-bol9s\" data-accordion-type=\"accordion\" data-tab-icon=\"dashicons-plus-alt2\" data-expanded-icon=\"dashicons-minus\" data-transition-duration=\"500\"><div class=\"eb-accordion-inner\">\n<div class=\"wp-block-essential-blocks-accordion-item eb-accordion-item-7e36t eb-accordion-wrapper\" data-clickable=\"false\"><div class=\"eb-accordion-title-wrapper eb-accordion-title-wrapper-eb-accordion-bol9s\" tabindex=\"0\"><span class=\"eb-accordion-icon-wrapper eb-accordion-icon-wrapper-eb-accordion-bol9s\"><span class=\"dashicon dashicons dashicons-plus-alt2 eb-accordion-icon\"><\/span><\/span><div class=\"eb-accordion-title-content-wrap title-content-eb-accordion-bol9s\"><h3 class=\"eb-accordion-title\">Jaka jest minimalna ilo\u015b\u0107 skarpet jak\u0105 mog\u0119 zam\u00f3wi\u0107?<\/h3><\/div><\/div><div class=\"eb-accordion-content-wrapper eb-accordion-content-wrapper-eb-accordion-bol9s\"><div class=\"eb-accordion-content\">\n<p>Minimalna ilo\u015b\u0107 zam\u00f3wienia dla nowych wzor\u00f3w to 200 par z jedn\u0105 grafik\u0105.<br>Prawa i lewa skarpetka taka sama.<\/p>\n<\/div><\/div><\/div>\n\n\n\n<div class=\"wp-block-essential-blocks-accordion-item eb-accordion-item-jbbes eb-accordion-wrapper\" data-clickable=\"false\"><div class=\"eb-accordion-title-wrapper eb-accordion-title-wrapper-eb-accordion-bol9s\" tabindex=\"0\"><span class=\"eb-accordion-icon-wrapper eb-accordion-icon-wrapper-eb-accordion-bol9s\"><span class=\"dashicon dashicons dashicons-plus-alt2 eb-accordion-icon\"><\/span><\/span><div class=\"eb-accordion-title-content-wrap title-content-eb-accordion-bol9s\"><h3 class=\"eb-accordion-title\">Czy mog\u0119 podzieli\u0107 zam\u00f3wienie na r\u00f3\u017cne rozmiary i grafiki?<\/h3><\/div><\/div><div class=\"eb-accordion-content-wrapper eb-accordion-content-wrapper-eb-accordion-bol9s\"><div class=\"eb-accordion-content\">\n<p>Zam\u00f3wienie mo\u017cna podzieli\u0107 na 2 lub 3 rozmiary.<br>Przyk\u0142adowe zam\u00f3wienie: rozmiar 35-38 50szt. | 39-42 100szt. | 43-45 50szt. <\/p>\n<\/div><\/div><\/div>\n\n\n\n<div class=\"wp-block-essential-blocks-accordion-item eb-accordion-item-xfxnw eb-accordion-wrapper\" data-clickable=\"false\"><div class=\"eb-accordion-title-wrapper eb-accordion-title-wrapper-eb-accordion-bol9s\" tabindex=\"0\"><span class=\"eb-accordion-icon-wrapper eb-accordion-icon-wrapper-eb-accordion-bol9s\"><span class=\"dashicon dashicons dashicons-plus-alt2 eb-accordion-icon\"><\/span><\/span><div class=\"eb-accordion-title-content-wrap title-content-eb-accordion-bol9s\"><h3 class=\"eb-accordion-title\">Jakie s\u0105 mo\u017cliwo\u015bci etykietowania i pakowania skarpet?<\/h3><\/div><\/div><div class=\"eb-accordion-content-wrapper eb-accordion-content-wrapper-eb-accordion-bol9s\"><div class=\"eb-accordion-content\">\n<p>Standardowo w cen\u0119 wliczona jest etykieta drukowana, na kt\u00f3r\u0105 mo\u017cna nanie\u015b\u0107 w\u0142asn\u0105 grafik\u0119.<br>Drukowane pude\u0142eczka z eko-tektury to opcja dodatkowa. (Wariant na 1 par\u0119 lub 3-pak).<br>Mo\u017cesz r\u00f3wnie\u017c dostarczy\u0107 do nas w\u0142asne etykiety.<\/p>\n<\/div><\/div><\/div>\n\n\n\n<div class=\"wp-block-essential-blocks-accordion-item eb-accordion-item-qiqru eb-accordion-wrapper\" data-clickable=\"false\"><div class=\"eb-accordion-title-wrapper eb-accordion-title-wrapper-eb-accordion-bol9s\" tabindex=\"0\"><span class=\"eb-accordion-icon-wrapper eb-accordion-icon-wrapper-eb-accordion-bol9s\"><span class=\"dashicon dashicons dashicons-plus-alt2 eb-accordion-icon\"><\/span><\/span><div class=\"eb-accordion-title-content-wrap title-content-eb-accordion-bol9s\"><h3 class=\"eb-accordion-title\">Czy oferujecie pomoc w przygotowaniu grafiki na skarpetki?<\/h3><\/div><\/div><div class=\"eb-accordion-content-wrapper eb-accordion-content-wrapper-eb-accordion-bol9s\"><div class=\"eb-accordion-content\">\n<p>Pomagamy w przygotowaniu pliku produkcyjnego. Proste wzory z samym logo wykonujemy w cenie skarpet. <br>Wzory wymagaj\u0105ce d\u0142u\u017cszego przygotowania rozliczamy 120 netto\/godzina pracy grafika.<\/p>\n<\/div><\/div><\/div>\n\n\n\n<div class=\"wp-block-essential-blocks-accordion-item eb-accordion-item-x3g2r eb-accordion-wrapper\" data-clickable=\"false\"><div class=\"eb-accordion-title-wrapper eb-accordion-title-wrapper-eb-accordion-bol9s\" tabindex=\"0\"><span class=\"eb-accordion-icon-wrapper eb-accordion-icon-wrapper-eb-accordion-bol9s\"><span class=\"dashicon dashicons dashicons-plus-alt2 eb-accordion-icon\"><\/span><\/span><div class=\"eb-accordion-title-content-wrap title-content-eb-accordion-bol9s\"><h3 class=\"eb-accordion-title\">Ile trwa produkcja spersonalizowanych skarpet?<\/h3><\/div><\/div><div class=\"eb-accordion-content-wrapper eb-accordion-content-wrapper-eb-accordion-bol9s\"><div class=\"eb-accordion-content\">\n<p>Dla \u015bredniej wielko\u015bci zam\u00f3wienia np: 500 par skarpet jest to ok 2-3 tyg. <br>1000 par zrealizujemy w ok. 3-4 tyg.<\/p>\n<\/div><\/div><\/div>\n<\/div><\/div><\/div><\/div>\n\n\n\n<p class=\"has-text-align-center has-text-link-color has-text-color\" style=\"margin-top:var(--wp--preset--spacing--60);margin-right:0;margin-bottom:0;margin-left:0\">Potrzebujesz pomocy w przygotowaniu wzoru? <br>Doradzimy jak przygotowa\u0107 plik produkcyjny. <br>Stw\u00f3rz z nami <strong>skarpetki reklamowe<\/strong> &#8211; dok\u0142adnie takie jakie potrzebujesz!<\/p>\n\n\n\n<div class=\"wp-block-buttons is-content-justification-center is-layout-flex wp-container-core-buttons-is-layout-e511ce0b wp-block-buttons-is-layout-flex\" style=\"margin-top:var(--wp--preset--spacing--30);margin-bottom:var(--wp--preset--spacing--30)\">\n<div class=\"wp-block-button has-custom-font-size is-style-outline has-small-font-size is-style-outline--1\"><a class=\"wp-block-button__link has-text-align-center wp-element-button\" href=\"https:\/\/baralto.pl\/index.php\/jak-przygotowac-plik-produkcyjny-wzor-na-skarpetki\/\" style=\"border-radius:100px;padding-top:var(--wp--preset--spacing--30);padding-bottom:var(--wp--preset--spacing--30)\">JAK PRZYGOTOWA\u0106 GRAFIK\u0118 NA SKARPETKI?<\/a><\/div>\n<\/div>\n\n\n\n<h2 class=\"wp-block-heading has-text-align-center has-ironside-grey-color has-text-color has-medium-font-size\"><br><strong>Produkcja skarpet sk\u0142ada si\u0119 z kilku etap\u00f3w:<\/strong><\/h2>\n\n\n\n<p class=\"has-ironside-grey-color has-text-color has-extra-small-font-size\">Na pocz\u0105tku wybieramy model oraz tworzymy specjalny plik produkcyjny kt\u00f3ry zawiera wszystkie informacje potrzebne do przeniesienia wzoru na finalny produkt. Projekt skarpetki wymaga stworzenia prototypu przedprodukcyjnego na podstawie kt\u00f3rego wprowadzamy korekty w grafice. Dopiero zaakceptowany wz\u00f3r mo\u017cemy &#8222;pu\u015bci\u0107 do produkcji&#8221;. <strong>Koszt przygotowania takiego prototypu to ok 140pln netto<\/strong>. Nast\u0119pnie dobieramy prz\u0119dze w odpowiednim kolorze i montujemy je na maszynie dziewiarskiej.<br><br>Nast\u0119pnie rozpoczyna si\u0119 czas produkcji, maszyny dziewiarskie, oczko po oczu tworz\u0105 ka\u017cd\u0105 skarpet\u0119. Czas potrzebny na produkcj\u0119 jednej <strong>skarpetki z w\u0142asnym nadrukiem<\/strong> to ok. 5min. Gdy wszystkie sztuki s\u0105 ju\u017c gotowe, <strong>szwalnia skarpet<\/strong> przechodzi do kontroli jako\u015bci i prasowania ka\u017cdej pary. Na koniec pozostaje ju\u017c tylko etykietowanie i pakowanie dla klienta. Etykiety na skarpetkach mog\u0105 by\u0107 zadrukowane wedle uznania. Przewa\u017cnie umieszcza si\u0119 na nich logo, grafik\u0119 nawi\u0105zuj\u0105c\u0105 do brandbooka, sk\u0142ad, adres internetowy firmy oraz miejsce na przepis prania i rozmiar. Je\u015bli potrzebujecie pomocy w przygotowani projektu graficznego etykiety, mo\u017cemy go wykona\u0107 po naszej stronie lub wy\u015blemy wytyczne dla grafika.<br><br>Na \u017cyczenie mo\u017cemy przygotowa\u0107 specjalne opakowania kartonowe z w\u0142asnym nadrukiem, dzi\u0119ki czemu nadaj\u0105 si\u0119 do wr\u0119czenia jako prezent dla klienta lub pracownika &#8211; tak zwany <strong><a href=\"https:\/\/baralto.pl\/index.php\/welcome-pack-dla-pracownika-zestawy-powitalne\/\">Welcome Pack dla pracownika<\/a><\/strong>. Tekturowe pude\u0142ko fasonowe nadaje si\u0119 do wielokrotnego otwierania i mo\u017cna umie\u015bci\u0107 w nim dodatkowe gad\u017cety jak kody rabatowe, karty upominkowe lub inne drobne elementy. Estetyczne opakowanie z eko tektury mo\u017cna zadrukowa\u0107 w dowolny wz\u00f3r full color lub u\u017cy\u0107 jedynie czarnej farby, co nada im eleganckiego i minimalistycznego charakteru.<\/p>\n\n\n\n<h3 class=\"wp-block-heading has-ironside-grey-color has-text-color has-upper-heading-font-size\">\u015amieszne kolorowe skarpetki jako gad\u017cet reklamowy.<\/h3>\n\n\n\n<p class=\"has-extra-small-font-size\">Je\u015bli zastanawiasz si\u0119 nad oryginalnym prezentem dla pracownik\u00f3w, klient\u00f3w lub po prostu, chcecie zrobi\u0107 w firmie co\u015b szalonego, kolorowe skarpetki b\u0119d\u0105 idealnym rozwi\u0105zaniem. Wzory mog\u0105 przedstawia\u0107 r\u00f3\u017cne, kolorowe motywy. Dzi\u0119ki temu \u015bmieszne skarpety stanowi\u0105 nie tylko modny dodatek do stylizacji ale \u015bwietnie sprawdz\u0105 si\u0119 jako zabawny prezent dla pracownik\u00f3w lub gad\u017cet podczas event\u00f3w. To coraz bardziej popularny element kt\u00f3ry jest ch\u0119tnie zamawiany jako gad\u017cet np. w okresie \u015bwi\u0105tecznym lub z okazji rocznicy dzia\u0142alno\u015bci. Jako producent skarpet pomo\u017cemy Ci &#8222;przebrn\u0105\u0107&#8221; przez ca\u0142y proces a\u017c do finalnej realizacji.<\/p>\n\n\n\n<h3 class=\"wp-block-heading has-ironside-grey-color has-text-color has-link-color has-upper-heading-font-size wp-elements-568fc218422180fd1de15bbfa9c245b0\">Kolorowe skarpety z w\u0142asn\u0105 grafik\u0105 &#8211; Cz\u0119stochowa<\/h3>\n\n\n\n<p class=\"has-ironside-grey-color has-text-color has-extra-small-font-size\"><br>Nie zwlekaj i stw\u00f3rz z nami co\u015b wyj\u0105tkowego dla swoich pracownik\u00f3w, na event, jako firmowy gad\u017cet czy upominek dla klient\u00f3w. Realizujemy r\u00f3wnie\u017c produkcje dla marek odzie\u017cowych. <strong>Najlepsi producenci skarpet<\/strong> czekaj\u0105 na Tw\u00f3j projekt!<\/p>\n","protected":false},"excerpt":{"rendered":"<p>Polski producent skarpet na zam\u00f3wienie Skarpetki z w\u0142asnym wzorem \u015bwietnie sprawdz\u0105 si\u0119 jako niestandardowy prezent dla Twoich pracownik\u00f3w lub dla Twojego sklepu. Proponujemy sprawdzone modele: Dzi\u0119ki zastosowaniu wysokiej jako\u015bci prz\u0119dzy s\u0105 mi\u0119kkie i przyjemne w dotyku oraz \u015bwietnie przylegaj\u0105 do st\u00f3p. Posiadaj\u0105 delikatne i elastyczne \u015bci\u0105gacze oraz p\u0142askie, niewyczuwalne szwy na palcach. Skarpetki z w\u0142asnym [&hellip;]<\/p>\n","protected":false},"author":1,"featured_media":0,"parent":0,"menu_order":0,"comment_status":"closed","ping_status":"closed","template":"","meta":{"_eb_attr":"","two_page_speed":[],"footnotes":""},"class_list":["post-770","page","type-page","status-publish","hentry"],"_links":{"self":[{"href":"https:\/\/baralto.pl\/index.php\/wp-json\/wp\/v2\/pages\/770","targetHints":{"allow":["GET"]}}],"collection":[{"href":"https:\/\/baralto.pl\/index.php\/wp-json\/wp\/v2\/pages"}],"about":[{"href":"https:\/\/baralto.pl\/index.php\/wp-json\/wp\/v2\/types\/page"}],"author":[{"embeddable":true,"href":"https:\/\/baralto.pl\/index.php\/wp-json\/wp\/v2\/users\/1"}],"replies":[{"embeddable":true,"href":"https:\/\/baralto.pl\/index.php\/wp-json\/wp\/v2\/comments?post=770"}],"version-history":[{"count":79,"href":"https:\/\/baralto.pl\/index.php\/wp-json\/wp\/v2\/pages\/770\/revisions"}],"predecessor-version":[{"id":1878,"href":"https:\/\/baralto.pl\/index.php\/wp-json\/wp\/v2\/pages\/770\/revisions\/1878"}],"wp:attachment":[{"href":"https:\/\/baralto.pl\/index.php\/wp-json\/wp\/v2\/media?parent=770"}],"curies":[{"name":"wp","href":"https:\/\/api.w.org\/{rel}","templated":true}]}}